{"id":1300,"date":"2021-07-05T00:17:47","date_gmt":"2021-07-04T22:17:47","guid":{"rendered":"https:\/\/maternelle.providence-wavre.be\/?page_id=1300"},"modified":"2024-08-22T14:13:47","modified_gmt":"2024-08-22T12:13:47","slug":"horaires-de-lecole","status":"publish","type":"page","link":"https:\/\/maternelle.providence-wavre.be\/index.php\/horaires-de-lecole\/","title":{"rendered":"Horaire de l&rsquo;\u00e9cole"},"content":{"rendered":"\n<ul class=\"has-black-color has-text-color has-background wp-block-list\" style=\"background:linear-gradient(135deg,rgb(252,185,0) 61%,rgb(255,105,0) 100%)\"><li>Le matin de 8 h 30 \u00e0 10 h 10, r\u00e9cr\u00e9ation de 30 min et de 10 h 40 \u00e0 12 h 20\u00a0; heure de table de 11h30 \u00e0 12h20.<\/li><\/ul>\n\n\n\n<ul class=\"has-black-color has-text-color has-background wp-block-list\" style=\"background:linear-gradient(135deg,rgb(252,185,0) 61%,rgb(255,105,0) 100%)\"><li>L\u2019apr\u00e8s-midi de 13 h 30 \u00e0 15 h 10 (sieste de 12h30 \u00e0 14h30)<\/li><\/ul>\n\n\n\n<ul class=\"has-black-color has-text-color wp-block-list\"><li><strong>Le mardi apr\u00e8s-midi de 13 h 20 \u00e0 15 h 00<\/strong>. Ce jour-l\u00e0, l\u2019\u00e9quipe \u00e9ducative est en concertation de 15 h 15 \u00e0 16 h 55.<\/li><li><strong>Le mercredi de 8 h 30 \u00e0 12 h 20.<\/strong><\/li><\/ul>\n\n\n\n<p>Nous vous demandons de respecter les horaires de classe. Veuillez pr\u00e9venir si vous venez chercher votre\/vos enfant(s) pendant les heures de classe ou si vous devez l&rsquo;amener en classe plus tard.<\/p>\n\n\n\n<p><strong>Attention<\/strong>, les jours o\u00f9 les enfants ont psychomotricit\u00e9 \u00e0 la premi\u00e8re heure, il vous est demand\u00e9 d&rsquo;arriver pour 8 h 30 pr\u00e9cises.<\/p>\n","protected":false},"excerpt":{"rendered":"<p>Le matin de 8 h 30 \u00e0 10 h 10, r\u00e9cr\u00e9ation de 30 min et de 10 h 40 \u00e0 12 h 20\u00a0; heure de table de 11h30 \u00e0 12h20. L\u2019apr\u00e8s-midi de 13 h 30 \u00e0 15 h 10 (sieste de 12h30 \u00e0 14h30) Le mardi apr\u00e8s-midi de 13 h 20 \u00e0 15 h 00. &hellip; <\/p>\n<p class=\"link-more\"><a href=\"https:\/\/maternelle.providence-wavre.be\/index.php\/horaires-de-lecole\/\" class=\"more-link\">Continuer la lecture<span class=\"screen-reader-text\"> de &laquo;&nbsp;Horaire de l&rsquo;\u00e9cole&nbsp;&raquo;<\/span><\/a><\/p>\n","protected":false},"author":1,"featured_media":3295,"parent":0,"menu_order":0,"comment_status":"closed","ping_status":"closed","template":"","meta":{"footnotes":""},"class_list":["post-1300","page","type-page","status-publish","has-post-thumbnail","hentry"],"_links":{"self":[{"href":"https:\/\/maternelle.providence-wavre.be\/index.php\/wp-json\/wp\/v2\/pages\/1300","targetHints":{"allow":["GET"]}}],"collection":[{"href":"https:\/\/maternelle.providence-wavre.be\/index.php\/wp-json\/wp\/v2\/pages"}],"about":[{"href":"https:\/\/maternelle.providence-wavre.be\/index.php\/wp-json\/wp\/v2\/types\/page"}],"author":[{"embeddable":true,"href":"https:\/\/maternelle.providence-wavre.be\/index.php\/wp-json\/wp\/v2\/users\/1"}],"replies":[{"embeddable":true,"href":"https:\/\/maternelle.providence-wavre.be\/index.php\/wp-json\/wp\/v2\/comments?post=1300"}],"version-history":[{"count":10,"href":"https:\/\/maternelle.providence-wavre.be\/index.php\/wp-json\/wp\/v2\/pages\/1300\/revisions"}],"predecessor-version":[{"id":4938,"href":"https:\/\/maternelle.providence-wavre.be\/index.php\/wp-json\/wp\/v2\/pages\/1300\/revisions\/4938"}],"wp:featuredmedia":[{"embeddable":true,"href":"https:\/\/maternelle.providence-wavre.be\/index.php\/wp-json\/wp\/v2\/media\/3295"}],"wp:attachment":[{"href":"https:\/\/maternelle.providence-wavre.be\/index.php\/wp-json\/wp\/v2\/media?parent=1300"}],"curies":[{"name":"wp","href":"https:\/\/api.w.org\/{rel}","templated":true}]}}