{"id":1303,"date":"2021-07-05T00:18:06","date_gmt":"2021-07-04T22:18:06","guid":{"rendered":"https:\/\/maternelle.providence-wavre.be\/?page_id=1303"},"modified":"2025-08-19T09:45:16","modified_gmt":"2025-08-19T07:45:16","slug":"garderies","status":"publish","type":"page","link":"https:\/\/maternelle.providence-wavre.be\/index.php\/garderies\/","title":{"rendered":"Garderies &#8211; 010\/23.31.41"},"content":{"rendered":"\n<p><em>Les garderies sont payantes&nbsp;:&nbsp;<\/em><\/p>\n\n\n\n<p><strong>Forfait de<\/strong> <strong>1,50 \u20ac le matin <\/strong>de 7h00 \u00e0 8h15 <em>et<\/em> <strong>0,029 cents \/ minute l\u2019apr\u00e8s-midi<\/strong> de 15h30 \u00e0 18h00.<\/p>\n\n\n\n<ul style=\"color:#8c699e\" class=\"wp-block-list has-blush-light-purple-gradient-background has-text-color has-background\">\n<li><strong><em>GARDERIES DU MATIN<\/em><\/strong> <\/li>\n<\/ul>\n\n\n\n<p>\u261e <strong>De 7h00 \u00e0 8h00 <\/strong>(<strong>en section primaire <\/strong>m\u00eame pour les enfants de maternelle).<\/p>\n\n\n\n<p> \u261e <strong>De 8h00 \u00e0 8h15<\/strong>, la garderie se poursuit <strong>en section maternelle.<\/strong> <\/p>\n\n\n\n<p>Monsieur Nicolas accompagne les enfants jusqu&rsquo;\u00e0 la section maternelle. <\/p>\n\n\n\n<p class=\"has-vivid-purple-color has-text-color\">De 8h15 \u00e0 8h30, les institutrices assurent la surveillance jusqu&rsquo;\u00e0 l&rsquo;entr\u00e9e en classe. <\/p>\n\n\n\n<ul style=\"color:#0eeb16;background:linear-gradient(135deg,rgb(202,248,128) 43%,rgb(113,206,126) 100%)\" class=\"wp-block-list has-text-color has-background\">\n<li><strong><em>GARDERIES DE L&rsquo;APR\u00c8S-MIDI <\/em><\/strong><\/li>\n<\/ul>\n\n\n\n<p>\u261e <strong>De 15 h 30 \u00e0 18h00 <\/strong>(<strong>en section maternelle<\/strong>).<\/p>\n\n\n\n<p><strong>NB :<\/strong> Des garderies sont \u00e9galement pr\u00e9vues (sur r\u00e9servations) lors des journ\u00e9es de conf\u00e9rences p\u00e9dagogiques.<\/p>\n\n\n\n<ul style=\"color:#0b27b7\" class=\"wp-block-list has-pale-ocean-gradient-background has-text-color has-background\">\n<li><strong><em>GARDERIES DU MERCREDI APR\u00c8S-MIDI <\/em><\/strong><\/li>\n<\/ul>\n\n\n\n<p>\u261e <strong>De 12 h 30 \u00e0 18h00<\/strong> (<strong>en section maternelle<\/strong>)<\/p>\n\n\n\n<p><strong>NB :<\/strong> Des garderies sont \u00e9galement pr\u00e9vues (sur r\u00e9servations) lors des journ\u00e9es de conf\u00e9rences p\u00e9dagogiques.<\/p>\n","protected":false},"excerpt":{"rendered":"<p>Les garderies sont payantes&nbsp;:&nbsp; Forfait de 1,50 \u20ac le matin de 7h00 \u00e0 8h15 et 0,029 cents \/ minute l\u2019apr\u00e8s-midi de 15h30 \u00e0 18h00. \u261e De 7h00 \u00e0 8h00 (en section primaire m\u00eame pour les enfants de maternelle). \u261e De 8h00 \u00e0 8h15, la garderie se poursuit en section maternelle. Monsieur Nicolas accompagne les enfants &hellip; <\/p>\n<p class=\"link-more\"><a href=\"https:\/\/maternelle.providence-wavre.be\/index.php\/garderies\/\" class=\"more-link\">Continuer la lecture<span class=\"screen-reader-text\"> de &laquo;&nbsp;Garderies &#8211; 010\/23.31.41&nbsp;&raquo;<\/span><\/a><\/p>\n","protected":false},"author":1,"featured_media":3290,"parent":0,"menu_order":0,"comment_status":"closed","ping_status":"closed","template":"","meta":{"footnotes":""},"class_list":["post-1303","page","type-page","status-publish","has-post-thumbnail","hentry"],"_links":{"self":[{"href":"https:\/\/maternelle.providence-wavre.be\/index.php\/wp-json\/wp\/v2\/pages\/1303","targetHints":{"allow":["GET"]}}],"collection":[{"href":"https:\/\/maternelle.providence-wavre.be\/index.php\/wp-json\/wp\/v2\/pages"}],"about":[{"href":"https:\/\/maternelle.providence-wavre.be\/index.php\/wp-json\/wp\/v2\/types\/page"}],"author":[{"embeddable":true,"href":"https:\/\/maternelle.providence-wavre.be\/index.php\/wp-json\/wp\/v2\/users\/1"}],"replies":[{"embeddable":true,"href":"https:\/\/maternelle.providence-wavre.be\/index.php\/wp-json\/wp\/v2\/comments?post=1303"}],"version-history":[{"count":22,"href":"https:\/\/maternelle.providence-wavre.be\/index.php\/wp-json\/wp\/v2\/pages\/1303\/revisions"}],"predecessor-version":[{"id":5825,"href":"https:\/\/maternelle.providence-wavre.be\/index.php\/wp-json\/wp\/v2\/pages\/1303\/revisions\/5825"}],"wp:featuredmedia":[{"embeddable":true,"href":"https:\/\/maternelle.providence-wavre.be\/index.php\/wp-json\/wp\/v2\/media\/3290"}],"wp:attachment":[{"href":"https:\/\/maternelle.providence-wavre.be\/index.php\/wp-json\/wp\/v2\/media?parent=1303"}],"curies":[{"name":"wp","href":"https:\/\/api.w.org\/{rel}","templated":true}]}}