{"id":1316,"date":"2021-07-05T00:19:46","date_gmt":"2021-07-04T22:19:46","guid":{"rendered":"https:\/\/maternelle.providence-wavre.be\/?page_id=1316"},"modified":"2025-08-18T13:24:09","modified_gmt":"2025-08-18T11:24:09","slug":"liste-de-materiel","status":"publish","type":"page","link":"https:\/\/maternelle.providence-wavre.be\/index.php\/liste-de-materiel\/","title":{"rendered":"Liste de petit mat\u00e9riel souhait\u00e9 pour la rentr\u00e9e en classe et le cours de psychomotricit\u00e9 2025-2026"},"content":{"rendered":"\n<div data-wp-interactive=\"core\/file\" class=\"wp-block-file\"><object data-wp-bind--hidden=\"!state.hasPdfPreview\" hidden class=\"wp-block-file__embed\" data=\"https:\/\/maternelle.providence-wavre.be\/wp-content\/uploads\/2025\/08\/PDF-MATERIEL-25_26.pdf\" type=\"application\/pdf\" style=\"width:100%;height:600px\" aria-label=\"Contenu embarqu\u00e9 PDF MATERIEL 25_26.\"><\/object><a id=\"wp-block-file--media-6de97a50-e27b-47c3-8077-28f3ba0b9ad0\" href=\"https:\/\/maternelle.providence-wavre.be\/wp-content\/uploads\/2025\/08\/PDF-MATERIEL-25_26.pdf\">PDF MATERIEL 25_26<\/a><a href=\"https:\/\/maternelle.providence-wavre.be\/wp-content\/uploads\/2025\/08\/PDF-MATERIEL-25_26.pdf\" class=\"wp-block-file__button wp-element-button\" download aria-describedby=\"wp-block-file--media-6de97a50-e27b-47c3-8077-28f3ba0b9ad0\">T\u00e9l\u00e9charger<\/a><\/div>\n\n\n\n<div data-wp-interactive=\"core\/file\" class=\"wp-block-file\"><object data-wp-bind--hidden=\"!state.hasPdfPreview\" hidden class=\"wp-block-file__embed\" data=\"https:\/\/maternelle.providence-wavre.be\/wp-content\/uploads\/2023\/07\/Materiel-Psychomot-23-24-PDF.pdf\" type=\"application\/pdf\" style=\"width:100%;height:600px\" aria-label=\"Contenu embarqu\u00e9 Materiel-Psychomot-23-24-PDF.\"><\/object><a href=\"https:\/\/maternelle.providence-wavre.be\/wp-content\/uploads\/2023\/07\/Materiel-Psychomot-23-24-PDF.pdf\">Materiel-Psychomot-23-24-PDF<\/a><a href=\"https:\/\/maternelle.providence-wavre.be\/wp-content\/uploads\/2023\/07\/Materiel-Psychomot-23-24-PDF.pdf\" class=\"wp-block-file__button wp-element-button\" download>T\u00e9l\u00e9charger<\/a><\/div>\n","protected":false},"excerpt":{"rendered":"","protected":false},"author":1,"featured_media":0,"parent":0,"menu_order":0,"comment_status":"closed","ping_status":"closed","template":"","meta":{"footnotes":""},"class_list":["post-1316","page","type-page","status-publish","hentry"],"_links":{"self":[{"href":"https:\/\/maternelle.providence-wavre.be\/index.php\/wp-json\/wp\/v2\/pages\/1316","targetHints":{"allow":["GET"]}}],"collection":[{"href":"https:\/\/maternelle.providence-wavre.be\/index.php\/wp-json\/wp\/v2\/pages"}],"about":[{"href":"https:\/\/maternelle.providence-wavre.be\/index.php\/wp-json\/wp\/v2\/types\/page"}],"author":[{"embeddable":true,"href":"https:\/\/maternelle.providence-wavre.be\/index.php\/wp-json\/wp\/v2\/users\/1"}],"replies":[{"embeddable":true,"href":"https:\/\/maternelle.providence-wavre.be\/index.php\/wp-json\/wp\/v2\/comments?post=1316"}],"version-history":[{"count":8,"href":"https:\/\/maternelle.providence-wavre.be\/index.php\/wp-json\/wp\/v2\/pages\/1316\/revisions"}],"predecessor-version":[{"id":5814,"href":"https:\/\/maternelle.providence-wavre.be\/index.php\/wp-json\/wp\/v2\/pages\/1316\/revisions\/5814"}],"wp:attachment":[{"href":"https:\/\/maternelle.providence-wavre.be\/index.php\/wp-json\/wp\/v2\/media?parent=1316"}],"curies":[{"name":"wp","href":"https:\/\/api.w.org\/{rel}","templated":true}]}}