{"id":1332,"date":"2021-07-05T00:23:18","date_gmt":"2021-07-04T22:23:18","guid":{"rendered":"https:\/\/maternelle.providence-wavre.be\/?page_id=1332"},"modified":"2025-08-19T09:47:47","modified_gmt":"2025-08-19T07:47:47","slug":"numero-tel-comptabilite","status":"publish","type":"page","link":"https:\/\/maternelle.providence-wavre.be\/index.php\/numero-tel-comptabilite\/","title":{"rendered":"Comptabilit\u00e9 et garderie"},"content":{"rendered":"\n<p><strong>Coordonn\u00e9es t\u00e9l\u00e9phoniques<\/strong> : <\/p>\n\n\n\n<p>Comptabilit\u00e9 : 010 \/ 23.31 12<\/p>\n\n\n\n<p>Garderie : 010 \/ 23.31.41<\/p>\n\n\n\n<p><strong>Mail : <\/strong><\/p>\n\n\n\n<p>compta.eleves@providence-wavre.be<\/p>\n\n\n\n<p><\/p>\n","protected":false},"excerpt":{"rendered":"<p>Coordonn\u00e9es t\u00e9l\u00e9phoniques : Comptabilit\u00e9 : 010 \/ 23.31 12 Garderie : 010 \/ 23.31.41 Mail : compta.eleves@providence-wavre.be<\/p>\n","protected":false},"author":1,"featured_media":0,"parent":0,"menu_order":0,"comment_status":"closed","ping_status":"closed","template":"","meta":{"footnotes":""},"class_list":["post-1332","page","type-page","status-publish","hentry"],"_links":{"self":[{"href":"https:\/\/maternelle.providence-wavre.be\/index.php\/wp-json\/wp\/v2\/pages\/1332","targetHints":{"allow":["GET"]}}],"collection":[{"href":"https:\/\/maternelle.providence-wavre.be\/index.php\/wp-json\/wp\/v2\/pages"}],"about":[{"href":"https:\/\/maternelle.providence-wavre.be\/index.php\/wp-json\/wp\/v2\/types\/page"}],"author":[{"embeddable":true,"href":"https:\/\/maternelle.providence-wavre.be\/index.php\/wp-json\/wp\/v2\/users\/1"}],"replies":[{"embeddable":true,"href":"https:\/\/maternelle.providence-wavre.be\/index.php\/wp-json\/wp\/v2\/comments?post=1332"}],"version-history":[{"count":12,"href":"https:\/\/maternelle.providence-wavre.be\/index.php\/wp-json\/wp\/v2\/pages\/1332\/revisions"}],"predecessor-version":[{"id":5826,"href":"https:\/\/maternelle.providence-wavre.be\/index.php\/wp-json\/wp\/v2\/pages\/1332\/revisions\/5826"}],"wp:attachment":[{"href":"https:\/\/maternelle.providence-wavre.be\/index.php\/wp-json\/wp\/v2\/media?parent=1332"}],"curies":[{"name":"wp","href":"https:\/\/api.w.org\/{rel}","templated":true}]}}