{"id":1719,"date":"2021-10-07T13:47:49","date_gmt":"2021-10-07T11:47:49","guid":{"rendered":"https:\/\/maternelle.providence-wavre.be\/?page_id=1719"},"modified":"2025-09-22T15:22:29","modified_gmt":"2025-09-22T13:22:29","slug":"les-inscriptions-en-pratique","status":"publish","type":"page","link":"https:\/\/maternelle.providence-wavre.be\/index.php\/les-inscriptions-en-pratique\/","title":{"rendered":"INSCRIPTIONS  ( possibles tout au long de l&rsquo;ann\u00e9e)."},"content":{"rendered":"\n<p class=\"has-huge-font-size\"><strong>Ann\u00e9e 2025&nbsp;\/2026<\/strong><\/p>\n\n\n\n<p class=\"has-pale-pink-background-color has-background\">Les inscriptions se font en t\u00e9l\u00e9phonant \u00e0 la directrice <em><strong>Mme BOUHON<\/strong> <\/em>Fabienne OU en prenant rendez-vous via le secr\u00e9tariat de la section. Veuillez consulter la liste des num\u00e9ros ad\u00e9quats ci-dessous.<\/p>\n\n\n\n<p>Direction : <em>0475 \/68.63.83&nbsp; ou  010\/23.31.40<\/em> \u00e0 partir du 18 ao\u00fbt 2025 de 8h00 \u00e0 16h00.<\/p>\n\n\n\n<p>Secr\u00e9tariat : 010\/23.31.43 \u00e0 partir du 18 ao\u00fbt 2025 de 8h30 \u00e0 16h00).<\/p>\n\n\n\n<ol class=\"wp-block-list has-vivid-cyan-blue-color has-text-color\">\n<li><em>Lors de votre prise de contact<\/em> : <\/li>\n<\/ol>\n\n\n\n<ul class=\"wp-block-list has-vivid-cyan-blue-color has-text-color\">\n<li>Un rendez-vous individuel vous est donn\u00e9 en fonction de vos possibilit\u00e9s;<\/li>\n<\/ul>\n\n\n\n<p class=\"has-vivid-red-color has-text-color\">2. <em>D\u00e9roulement d&rsquo;une inscription<\/em> : <\/p>\n\n\n\n<ul class=\"wp-block-list has-vivid-red-color has-text-color\">\n<li>Pr\u00e9voir une heure pour le rendez-vous;<\/li>\n\n\n\n<li>Explication du fonctionnement de l&rsquo;\u00e9cole ainsi que du projet p\u00e9dagogique;<\/li>\n\n\n\n<li>Visite des locaux;<\/li>\n\n\n\n<li>Ecoute de vos interrogations et r\u00e9ponses \u00e0 vos questions;<\/li>\n\n\n\n<li>Inscription(s) de votre\/vos enfant(s) si vous \u00eates conquis par notre \u00e9cole. <\/li>\n<\/ul>\n\n\n\n<p class=\"has-vivid-red-color has-text-color has-black-color has-luminous-vivid-amber-background-color has-background has-link-color has-small-font-size wp-elements-66bd89d91af67cd268dcc11cdb06a450\" style=\"font-style:normal;font-weight:100;text-decoration:underline\">\u00a0<strong>VOUS TROUVEREZ TOUS LES DOCUMENTS \u00c0 COMPL\u00c9TER DANS L&rsquo;ONGLET : DOCUMENTS<\/strong><\/p>\n\n\n\n<p class=\"has-vivid-red-color has-text-color\">&nbsp;<\/p>\n\n\n\n<p><\/p>\n","protected":false},"excerpt":{"rendered":"<p>Ann\u00e9e 2025&nbsp;\/2026 Les inscriptions se font en t\u00e9l\u00e9phonant \u00e0 la directrice Mme BOUHON Fabienne OU en prenant rendez-vous via le secr\u00e9tariat de la section. Veuillez consulter la liste des num\u00e9ros ad\u00e9quats ci-dessous. Direction : 0475 \/68.63.83&nbsp; ou 010\/23.31.40 \u00e0 partir du 18 ao\u00fbt 2025 de 8h00 \u00e0 16h00. Secr\u00e9tariat : 010\/23.31.43 \u00e0 partir du 18 &hellip; <\/p>\n<p class=\"link-more\"><a href=\"https:\/\/maternelle.providence-wavre.be\/index.php\/les-inscriptions-en-pratique\/\" class=\"more-link\">Continuer la lecture<span class=\"screen-reader-text\"> de &laquo;&nbsp;INSCRIPTIONS  ( possibles tout au long de l&rsquo;ann\u00e9e).&nbsp;&raquo;<\/span><\/a><\/p>\n","protected":false},"author":1,"featured_media":5793,"parent":0,"menu_order":0,"comment_status":"closed","ping_status":"closed","template":"","meta":{"footnotes":""},"class_list":["post-1719","page","type-page","status-publish","has-post-thumbnail","hentry"],"_links":{"self":[{"href":"https:\/\/maternelle.providence-wavre.be\/index.php\/wp-json\/wp\/v2\/pages\/1719","targetHints":{"allow":["GET"]}}],"collection":[{"href":"https:\/\/maternelle.providence-wavre.be\/index.php\/wp-json\/wp\/v2\/pages"}],"about":[{"href":"https:\/\/maternelle.providence-wavre.be\/index.php\/wp-json\/wp\/v2\/types\/page"}],"author":[{"embeddable":true,"href":"https:\/\/maternelle.providence-wavre.be\/index.php\/wp-json\/wp\/v2\/users\/1"}],"replies":[{"embeddable":true,"href":"https:\/\/maternelle.providence-wavre.be\/index.php\/wp-json\/wp\/v2\/comments?post=1719"}],"version-history":[{"count":18,"href":"https:\/\/maternelle.providence-wavre.be\/index.php\/wp-json\/wp\/v2\/pages\/1719\/revisions"}],"predecessor-version":[{"id":6036,"href":"https:\/\/maternelle.providence-wavre.be\/index.php\/wp-json\/wp\/v2\/pages\/1719\/revisions\/6036"}],"wp:featuredmedia":[{"embeddable":true,"href":"https:\/\/maternelle.providence-wavre.be\/index.php\/wp-json\/wp\/v2\/media\/5793"}],"wp:attachment":[{"href":"https:\/\/maternelle.providence-wavre.be\/index.php\/wp-json\/wp\/v2\/media?parent=1719"}],"curies":[{"name":"wp","href":"https:\/\/api.w.org\/{rel}","templated":true}]}}