{"id":2864,"date":"2022-09-23T15:38:34","date_gmt":"2022-09-23T13:38:34","guid":{"rendered":"https:\/\/maternelle.providence-wavre.be\/?page_id=2864"},"modified":"2023-09-29T10:20:38","modified_gmt":"2023-09-29T08:20:38","slug":"cest-la-rentree-2","status":"publish","type":"page","link":"https:\/\/maternelle.providence-wavre.be\/index.php\/cest-la-rentree-2\/","title":{"rendered":"C&rsquo;est la rentr\u00e9e&#8230;"},"content":{"rendered":"\n<p>D\u00e9marrage d\u2019une nouvelle ann\u00e9e sur les chapeaux de roues pour tous les enfants de l\u2019\u00e9cole. Au programme: activit\u00e9s p\u00e9dagogiques, partages, joies, bricolages, d\u00e9couvertes, sorties, et bien d\u2019autres choses. L\u2019\u00e9cole de la vie fait \u00e9galement partie du programme de notre \u00e9cole : bienveillance, politesse, partages, \u00e9coute, solutions, collaborations, essais-erreurs,etc. <\/p>\n\n\n\n<figure class=\"wp-block-gallery columns-1 is-cropped wp-block-gallery-1 is-layout-flex wp-block-gallery-is-layout-flex\"><ul class=\"blocks-gallery-grid\"><li class=\"blocks-gallery-item\"><figure><img loading=\"lazy\" decoding=\"async\" width=\"1024\" height=\"768\" src=\"https:\/\/maternelle.providence-wavre.be\/wp-content\/uploads\/2023\/09\/DSCN8899-1024x768.jpg\" alt=\"\" data-id=\"3359\" data-link=\"https:\/\/maternelle.providence-wavre.be\/index.php\/cest-la-rentree-2\/dscn8899\/\" class=\"wp-image-3359\" srcset=\"https:\/\/maternelle.providence-wavre.be\/wp-content\/uploads\/2023\/09\/DSCN8899-1024x768.jpg 1024w, https:\/\/maternelle.providence-wavre.be\/wp-content\/uploads\/2023\/09\/DSCN8899-300x225.jpg 300w, https:\/\/maternelle.providence-wavre.be\/wp-content\/uploads\/2023\/09\/DSCN8899-768x576.jpg 768w, https:\/\/maternelle.providence-wavre.be\/wp-content\/uploads\/2023\/09\/DSCN8899-1536x1152.jpg 1536w, https:\/\/maternelle.providence-wavre.be\/wp-content\/uploads\/2023\/09\/DSCN8899-2048x1536.jpg 2048w\" sizes=\"auto, (max-width: 767px) 89vw, (max-width: 1000px) 54vw, (max-width: 1071px) 543px, 580px\" \/><\/figure><\/li><\/ul><figcaption class=\"blocks-gallery-caption\">La classe de M2  \u2013  M3  de Mme Nathalie<\/figcaption><\/figure>\n\n\n\n<figure class=\"wp-block-gallery columns-1 is-cropped wp-block-gallery-2 is-layout-flex wp-block-gallery-is-layout-flex\"><ul class=\"blocks-gallery-grid\"><li class=\"blocks-gallery-item\"><figure><img loading=\"lazy\" decoding=\"async\" width=\"1024\" height=\"768\" src=\"https:\/\/maternelle.providence-wavre.be\/wp-content\/uploads\/2023\/09\/IMG-20230828-WA0019-1.jpg\" alt=\"\" data-id=\"3362\" data-full-url=\"https:\/\/maternelle.providence-wavre.be\/wp-content\/uploads\/2023\/09\/IMG-20230828-WA0019-1.jpg\" data-link=\"https:\/\/maternelle.providence-wavre.be\/index.php\/cest-la-rentree-2\/img-20230828-wa0019-1\/\" class=\"wp-image-3362\" srcset=\"https:\/\/maternelle.providence-wavre.be\/wp-content\/uploads\/2023\/09\/IMG-20230828-WA0019-1.jpg 1024w, https:\/\/maternelle.providence-wavre.be\/wp-content\/uploads\/2023\/09\/IMG-20230828-WA0019-1-300x225.jpg 300w, https:\/\/maternelle.providence-wavre.be\/wp-content\/uploads\/2023\/09\/IMG-20230828-WA0019-1-768x576.jpg 768w\" sizes=\"auto, (max-width: 767px) 89vw, (max-width: 1000px) 54vw, (max-width: 1071px) 543px, 580px\" \/><\/figure><\/li><\/ul><figcaption class=\"blocks-gallery-caption\">La classe de M2   \u2013   M3  de Mme Christel<\/figcaption><\/figure>\n\n\n\n<figure class=\"wp-block-gallery columns-3 is-cropped wp-block-gallery-3 is-layout-flex wp-block-gallery-is-layout-flex\"><ul class=\"blocks-gallery-grid\"><li class=\"blocks-gallery-item\"><figure><img loading=\"lazy\" decoding=\"async\" width=\"1024\" height=\"768\" src=\"https:\/\/maternelle.providence-wavre.be\/wp-content\/uploads\/2023\/09\/DSCN8885-1024x768.jpg\" alt=\"\" data-id=\"3382\" data-link=\"https:\/\/maternelle.providence-wavre.be\/index.php\/cest-la-rentree-2\/dscn8885\/\" class=\"wp-image-3382\" srcset=\"https:\/\/maternelle.providence-wavre.be\/wp-content\/uploads\/2023\/09\/DSCN8885-1024x768.jpg 1024w, https:\/\/maternelle.providence-wavre.be\/wp-content\/uploads\/2023\/09\/DSCN8885-300x225.jpg 300w, https:\/\/maternelle.providence-wavre.be\/wp-content\/uploads\/2023\/09\/DSCN8885-768x576.jpg 768w, https:\/\/maternelle.providence-wavre.be\/wp-content\/uploads\/2023\/09\/DSCN8885-1536x1152.jpg 1536w, https:\/\/maternelle.providence-wavre.be\/wp-content\/uploads\/2023\/09\/DSCN8885-2048x1536.jpg 2048w\" sizes=\"auto, (max-width: 767px) 89vw, (max-width: 1000px) 54vw, (max-width: 1071px) 543px, 580px\" \/><\/figure><\/li><li class=\"blocks-gallery-item\"><figure><img loading=\"lazy\" decoding=\"async\" width=\"1024\" height=\"768\" src=\"https:\/\/maternelle.providence-wavre.be\/wp-content\/uploads\/2023\/09\/DSCN8886-1024x768.jpg\" alt=\"\" data-id=\"3383\" data-link=\"https:\/\/maternelle.providence-wavre.be\/index.php\/cest-la-rentree-2\/dscn8886\/\" class=\"wp-image-3383\" srcset=\"https:\/\/maternelle.providence-wavre.be\/wp-content\/uploads\/2023\/09\/DSCN8886-1024x768.jpg 1024w, https:\/\/maternelle.providence-wavre.be\/wp-content\/uploads\/2023\/09\/DSCN8886-300x225.jpg 300w, https:\/\/maternelle.providence-wavre.be\/wp-content\/uploads\/2023\/09\/DSCN8886-768x576.jpg 768w, https:\/\/maternelle.providence-wavre.be\/wp-content\/uploads\/2023\/09\/DSCN8886-1536x1152.jpg 1536w, https:\/\/maternelle.providence-wavre.be\/wp-content\/uploads\/2023\/09\/DSCN8886-2048x1536.jpg 2048w\" sizes=\"auto, (max-width: 767px) 89vw, (max-width: 1000px) 54vw, (max-width: 1071px) 543px, 580px\" \/><\/figure><\/li><li class=\"blocks-gallery-item\"><figure><img loading=\"lazy\" decoding=\"async\" width=\"1024\" height=\"768\" src=\"https:\/\/maternelle.providence-wavre.be\/wp-content\/uploads\/2023\/09\/DSCN8884-1-1024x768.jpg\" alt=\"\" data-id=\"3385\" data-full-url=\"https:\/\/maternelle.providence-wavre.be\/wp-content\/uploads\/2023\/09\/DSCN8884-1-scaled.jpg\" data-link=\"https:\/\/maternelle.providence-wavre.be\/index.php\/cest-la-rentree-2\/dscn8884-1\/\" class=\"wp-image-3385\" srcset=\"https:\/\/maternelle.providence-wavre.be\/wp-content\/uploads\/2023\/09\/DSCN8884-1-1024x768.jpg 1024w, https:\/\/maternelle.providence-wavre.be\/wp-content\/uploads\/2023\/09\/DSCN8884-1-300x225.jpg 300w, https:\/\/maternelle.providence-wavre.be\/wp-content\/uploads\/2023\/09\/DSCN8884-1-768x576.jpg 768w, https:\/\/maternelle.providence-wavre.be\/wp-content\/uploads\/2023\/09\/DSCN8884-1-1536x1152.jpg 1536w, https:\/\/maternelle.providence-wavre.be\/wp-content\/uploads\/2023\/09\/DSCN8884-1-2048x1536.jpg 2048w\" sizes=\"auto, (max-width: 767px) 89vw, (max-width: 1000px) 54vw, (max-width: 1071px) 543px, 580px\" \/><\/figure><\/li><\/ul><figcaption class=\"blocks-gallery-caption\">D\u00e9couverte de nos nouvelles classes et de nos nouvelles Madames en M2 \u2013 M3<\/figcaption><\/figure>\n\n\n\n<p><\/p>\n","protected":false},"excerpt":{"rendered":"<p>D\u00e9marrage d\u2019une nouvelle ann\u00e9e sur les chapeaux de roues pour tous les enfants de l\u2019\u00e9cole. Au programme: activit\u00e9s p\u00e9dagogiques, partages, joies, bricolages, d\u00e9couvertes, sorties, et bien d\u2019autres choses. L\u2019\u00e9cole de la vie fait \u00e9galement partie du programme de notre \u00e9cole : bienveillance, politesse, partages, \u00e9coute, solutions, collaborations, essais-erreurs,etc.<\/p>\n","protected":false},"author":1,"featured_media":0,"parent":0,"menu_order":0,"comment_status":"closed","ping_status":"closed","template":"","meta":{"footnotes":""},"class_list":["post-2864","page","type-page","status-publish","hentry"],"_links":{"self":[{"href":"https:\/\/maternelle.providence-wavre.be\/index.php\/wp-json\/wp\/v2\/pages\/2864","targetHints":{"allow":["GET"]}}],"collection":[{"href":"https:\/\/maternelle.providence-wavre.be\/index.php\/wp-json\/wp\/v2\/pages"}],"about":[{"href":"https:\/\/maternelle.providence-wavre.be\/index.php\/wp-json\/wp\/v2\/types\/page"}],"author":[{"embeddable":true,"href":"https:\/\/maternelle.providence-wavre.be\/index.php\/wp-json\/wp\/v2\/users\/1"}],"replies":[{"embeddable":true,"href":"https:\/\/maternelle.providence-wavre.be\/index.php\/wp-json\/wp\/v2\/comments?post=2864"}],"version-history":[{"count":5,"href":"https:\/\/maternelle.providence-wavre.be\/index.php\/wp-json\/wp\/v2\/pages\/2864\/revisions"}],"predecessor-version":[{"id":3386,"href":"https:\/\/maternelle.providence-wavre.be\/index.php\/wp-json\/wp\/v2\/pages\/2864\/revisions\/3386"}],"wp:attachment":[{"href":"https:\/\/maternelle.providence-wavre.be\/index.php\/wp-json\/wp\/v2\/media?parent=2864"}],"curies":[{"name":"wp","href":"https:\/\/api.w.org\/{rel}","templated":true}]}}