{"id":3259,"date":"2023-07-06T12:13:00","date_gmt":"2023-07-06T10:13:00","guid":{"rendered":"https:\/\/maternelle.providence-wavre.be\/?page_id=3259"},"modified":"2025-10-10T11:32:03","modified_gmt":"2025-10-10T09:32:03","slug":"potage","status":"publish","type":"page","link":"https:\/\/maternelle.providence-wavre.be\/index.php\/potage\/","title":{"rendered":"Potage"},"content":{"rendered":"\n<p class=\"has-black-color has-text-color has-background\" style=\"background-color:#9af41b\">Nous proposons chaque jour (except\u00e9 le mercredi) un bol de potage pour accompagner <strong><em>le repas tartines<\/em><\/strong>. <\/p>\n\n\n\n<p class=\"has-black-color has-text-color has-background\" style=\"background-color:#9af41b\">Celui-ci se commande comme les repas chauds via l\u2019application APSchool. Si besoin, demandez-nous votre identifiant pour acc\u00e9der \u00e0 la plate-forme de commande en vous adressant au secr\u00e9tariat. <\/p>\n\n\n\n<div class=\"wp-block-buttons is-layout-flex wp-block-buttons-is-layout-flex\">\n<div class=\"wp-block-button\"><a class=\"wp-block-button__link wp-element-button\">MENU D\u2019OCTOBRE 2025<\/a><\/div>\n<\/div>\n\n\n\n<div data-wp-interactive=\"core\/file\" class=\"wp-block-file\"><object data-wp-bind--hidden=\"!state.hasPdfPreview\" hidden class=\"wp-block-file__embed\" data=\"https:\/\/maternelle.providence-wavre.be\/wp-content\/uploads\/2025\/09\/Menu-octobre-2025-1.pdf\" type=\"application\/pdf\" style=\"width:100%;height:600px\" aria-label=\"Contenu embarqu\u00e9 Menu octobre 2025.\"><\/object><a id=\"wp-block-file--media-e131a491-6dd3-423f-ba03-86d202354a91\" href=\"https:\/\/maternelle.providence-wavre.be\/wp-content\/uploads\/2025\/09\/Menu-octobre-2025-1.pdf\">Menu octobre 2025<\/a><a href=\"https:\/\/maternelle.providence-wavre.be\/wp-content\/uploads\/2025\/09\/Menu-octobre-2025-1.pdf\" class=\"wp-block-file__button wp-element-button\" download aria-describedby=\"wp-block-file--media-e131a491-6dd3-423f-ba03-86d202354a91\">T\u00e9l\u00e9charger<\/a><\/div>\n\n\n\n<div class=\"wp-block-buttons is-layout-flex wp-block-buttons-is-layout-flex\">\n<div class=\"wp-block-button\"><a class=\"wp-block-button__link wp-element-button\">MENU DE NOVEMBRE 2025<\/a><\/div>\n<\/div>\n\n\n\n<div data-wp-interactive=\"core\/file\" class=\"wp-block-file\"><object data-wp-bind--hidden=\"!state.hasPdfPreview\" hidden class=\"wp-block-file__embed\" data=\"https:\/\/maternelle.providence-wavre.be\/wp-content\/uploads\/2025\/10\/Menu-novembre-2025-Ekillibre-MH-complet.pdf\" type=\"application\/pdf\" style=\"width:100%;height:600px\" aria-label=\"Contenu embarqu\u00e9 Menu novembre 2025 Ekillibre MH complet.\"><\/object><a id=\"wp-block-file--media-5bd4dd5e-fed0-417c-b64d-37997f6e8789\" href=\"https:\/\/maternelle.providence-wavre.be\/wp-content\/uploads\/2025\/10\/Menu-novembre-2025-Ekillibre-MH-complet.pdf\">Menu novembre 2025 Ekillibre MH complet<\/a><a href=\"https:\/\/maternelle.providence-wavre.be\/wp-content\/uploads\/2025\/10\/Menu-novembre-2025-Ekillibre-MH-complet.pdf\" class=\"wp-block-file__button wp-element-button\" download aria-describedby=\"wp-block-file--media-5bd4dd5e-fed0-417c-b64d-37997f6e8789\">T\u00e9l\u00e9charger<\/a><\/div>\n","protected":false},"excerpt":{"rendered":"<p>Nous proposons chaque jour (except\u00e9 le mercredi) un bol de potage pour accompagner le repas tartines. Celui-ci se commande comme les repas chauds via l\u2019application APSchool. Si besoin, demandez-nous votre identifiant pour acc\u00e9der \u00e0 la plate-forme de commande en vous adressant au secr\u00e9tariat.<\/p>\n","protected":false},"author":1,"featured_media":4966,"parent":0,"menu_order":0,"comment_status":"closed","ping_status":"closed","template":"","meta":{"footnotes":""},"class_list":["post-3259","page","type-page","status-publish","has-post-thumbnail","hentry"],"_links":{"self":[{"href":"https:\/\/maternelle.providence-wavre.be\/index.php\/wp-json\/wp\/v2\/pages\/3259","targetHints":{"allow":["GET"]}}],"collection":[{"href":"https:\/\/maternelle.providence-wavre.be\/index.php\/wp-json\/wp\/v2\/pages"}],"about":[{"href":"https:\/\/maternelle.providence-wavre.be\/index.php\/wp-json\/wp\/v2\/types\/page"}],"author":[{"embeddable":true,"href":"https:\/\/maternelle.providence-wavre.be\/index.php\/wp-json\/wp\/v2\/users\/1"}],"replies":[{"embeddable":true,"href":"https:\/\/maternelle.providence-wavre.be\/index.php\/wp-json\/wp\/v2\/comments?post=3259"}],"version-history":[{"count":42,"href":"https:\/\/maternelle.providence-wavre.be\/index.php\/wp-json\/wp\/v2\/pages\/3259\/revisions"}],"predecessor-version":[{"id":6048,"href":"https:\/\/maternelle.providence-wavre.be\/index.php\/wp-json\/wp\/v2\/pages\/3259\/revisions\/6048"}],"wp:featuredmedia":[{"embeddable":true,"href":"https:\/\/maternelle.providence-wavre.be\/index.php\/wp-json\/wp\/v2\/media\/4966"}],"wp:attachment":[{"href":"https:\/\/maternelle.providence-wavre.be\/index.php\/wp-json\/wp\/v2\/media?parent=3259"}],"curies":[{"name":"wp","href":"https:\/\/api.w.org\/{rel}","templated":true}]}}