{"id":4873,"date":"2024-08-20T10:02:43","date_gmt":"2024-08-20T08:02:43","guid":{"rendered":"https:\/\/maternelle.providence-wavre.be\/?page_id=4873"},"modified":"2025-07-08T15:11:39","modified_gmt":"2025-07-08T13:11:39","slug":"activites-extrascolaires-proposees","status":"publish","type":"page","link":"https:\/\/maternelle.providence-wavre.be\/index.php\/activites-extrascolaires-proposees\/","title":{"rendered":"Activit\u00e9s PARASCOLAIRES"},"content":{"rendered":"\n<p class=\"has-luminous-vivid-orange-color has-pale-cyan-blue-background-color has-text-color has-background has-large-font-size\"><strong>1. CFS<\/strong><\/p>\n\n\n\n<p class=\"has-luminous-vivid-orange-color has-text-color has-large-font-size\"><strong>Activit\u00e9s sportives et culturelles<\/strong><\/p>\n\n\n\n<p>Mercredi de 13h30 \u00e0 14h30<\/p>\n\n\n\n<div data-wp-interactive=\"core\/file\" class=\"wp-block-file\"><object data-wp-bind--hidden=\"!state.hasPdfPreview\" hidden class=\"wp-block-file__embed\" data=\"https:\/\/maternelle.providence-wavre.be\/wp-content\/uploads\/2025\/07\/Brochure-CFS-25-26.pdf\" type=\"application\/pdf\" style=\"width:100%;height:600px\" aria-label=\"Contenu embarqu\u00e9 Brochure CFS 25-26.\"><\/object><a id=\"wp-block-file--media-b9a2766e-31c3-4c5a-8c07-bd29fb812567\" href=\"https:\/\/maternelle.providence-wavre.be\/wp-content\/uploads\/2025\/07\/Brochure-CFS-25-26.pdf\">Brochure CFS 25-26<\/a><a href=\"https:\/\/maternelle.providence-wavre.be\/wp-content\/uploads\/2025\/07\/Brochure-CFS-25-26.pdf\" class=\"wp-block-file__button wp-element-button\" download aria-describedby=\"wp-block-file--media-b9a2766e-31c3-4c5a-8c07-bd29fb812567\">T\u00e9l\u00e9charger<\/a><\/div>\n\n\n\n<p><\/p>\n\n\n\n<p class=\"has-luminous-vivid-orange-color has-pale-cyan-blue-background-color has-text-color has-background has-large-font-size\"><strong>2.<\/strong> <strong>Cours de langues <\/strong><\/p>\n\n\n\n<figure class=\"wp-block-gallery has-nested-images columns-default is-cropped wp-block-gallery-1 is-layout-flex wp-block-gallery-is-layout-flex\">\n<figure class=\"wp-block-image size-full\"><img loading=\"lazy\" decoding=\"async\" width=\"356\" height=\"93\" data-id=\"4891\" src=\"https:\/\/maternelle.providence-wavre.be\/wp-content\/uploads\/2024\/08\/Capture-decran-2024-08-21-092947-2.png\" alt=\"\" class=\"wp-image-4891\" srcset=\"https:\/\/maternelle.providence-wavre.be\/wp-content\/uploads\/2024\/08\/Capture-decran-2024-08-21-092947-2.png 356w, https:\/\/maternelle.providence-wavre.be\/wp-content\/uploads\/2024\/08\/Capture-decran-2024-08-21-092947-2-300x78.png 300w\" sizes=\"auto, (max-width: 356px) 100vw, 356px\" \/><\/figure>\n<\/figure>\n\n\n\n<p class=\"has-luminous-vivid-orange-color has-text-color has-large-font-size\" style=\"line-height:1.9\"><strong>NEERLANDAIS et\/ou ANGLAIS<\/strong><\/p>\n\n\n\n<ul class=\"wp-block-list has-luminous-vivid-orange-color has-text-color\">\n<li><strong><em>ANGLAIS<\/em><\/strong> <strong>M2 &#8211; M3 \/ groupe des moutons : <\/strong>le mardi apr\u00e8s-midi \u00e0 15h30.<\/li>\n\n\n\n<li><em><strong>NEERLANDAIS<\/strong><\/em><strong> M2 &#8211; M3 \/ groupe des moutons :<\/strong>  le mercredi apr\u00e8s-midi \u00e0 14h30.<\/li>\n\n\n\n<li>Le prix reste de 260\u20ac pour l&rsquo;ann\u00e9e avec d\u00e9duction fiscale pour les parents (jusqu&rsquo;\u00e0\u00a040%).<\/li>\n<\/ul>\n\n\n\n<p class=\"has-luminous-vivid-orange-color has-text-color has-medium-font-size\" style=\"line-height:1.9\"> (uniquement disponible pour les M2-M3)<\/p>\n\n\n\n<p><a href=\"https:\/\/ecoledelangues.be\/providence\">https:\/\/ecoledelangues.be\/providence<\/a><\/p>\n\n\n\n<p>D\u00e9couverte ludique des langues avec de super animateurs, dynamiques et motiv\u00e9s.<\/p>\n\n\n\n<p>Le programme ? Du jeux, des chansons, du rire, des bricolages, etc.<\/p>\n\n\n\n<p>Donnez \u00e0 votre enfant la chance d&rsquo;apprendre une autre langue<\/p>\n\n\n\n<div data-wp-interactive=\"core\/file\" class=\"wp-block-file\"><object data-wp-bind--hidden=\"!state.hasPdfPreview\" hidden class=\"wp-block-file__embed\" data=\"https:\/\/maternelle.providence-wavre.be\/wp-content\/uploads\/2024\/08\/Flyer-langues-PDF.pdf\" type=\"application\/pdf\" style=\"width:100%;height:600px\" aria-label=\"Contenu embarqu\u00e9 Flyer-langues-PDF.\"><\/object><a href=\"https:\/\/maternelle.providence-wavre.be\/wp-content\/uploads\/2024\/08\/Flyer-langues-PDF.pdf\">Flyer-langues-PDF<\/a><a href=\"https:\/\/maternelle.providence-wavre.be\/wp-content\/uploads\/2024\/08\/Flyer-langues-PDF.pdf\" class=\"wp-block-file__button wp-element-button\" download>T\u00e9l\u00e9charger<\/a><\/div>\n\n\n\n<p><\/p>\n","protected":false},"excerpt":{"rendered":"<p>1. CFS Activit\u00e9s sportives et culturelles Mercredi de 13h30 \u00e0 14h30 2. Cours de langues NEERLANDAIS et\/ou ANGLAIS (uniquement disponible pour les M2-M3) https:\/\/ecoledelangues.be\/providence D\u00e9couverte ludique des langues avec de super animateurs, dynamiques et motiv\u00e9s. Le programme ? Du jeux, des chansons, du rire, des bricolages, etc. Donnez \u00e0 votre enfant la chance d&rsquo;apprendre une &hellip; <\/p>\n<p class=\"link-more\"><a href=\"https:\/\/maternelle.providence-wavre.be\/index.php\/activites-extrascolaires-proposees\/\" class=\"more-link\">Continuer la lecture<span class=\"screen-reader-text\"> de &laquo;&nbsp;Activit\u00e9s PARASCOLAIRES&nbsp;&raquo;<\/span><\/a><\/p>\n","protected":false},"author":1,"featured_media":0,"parent":0,"menu_order":0,"comment_status":"closed","ping_status":"closed","template":"","meta":{"footnotes":""},"class_list":["post-4873","page","type-page","status-publish","hentry"],"_links":{"self":[{"href":"https:\/\/maternelle.providence-wavre.be\/index.php\/wp-json\/wp\/v2\/pages\/4873","targetHints":{"allow":["GET"]}}],"collection":[{"href":"https:\/\/maternelle.providence-wavre.be\/index.php\/wp-json\/wp\/v2\/pages"}],"about":[{"href":"https:\/\/maternelle.providence-wavre.be\/index.php\/wp-json\/wp\/v2\/types\/page"}],"author":[{"embeddable":true,"href":"https:\/\/maternelle.providence-wavre.be\/index.php\/wp-json\/wp\/v2\/users\/1"}],"replies":[{"embeddable":true,"href":"https:\/\/maternelle.providence-wavre.be\/index.php\/wp-json\/wp\/v2\/comments?post=4873"}],"version-history":[{"count":12,"href":"https:\/\/maternelle.providence-wavre.be\/index.php\/wp-json\/wp\/v2\/pages\/4873\/revisions"}],"predecessor-version":[{"id":5800,"href":"https:\/\/maternelle.providence-wavre.be\/index.php\/wp-json\/wp\/v2\/pages\/4873\/revisions\/5800"}],"wp:attachment":[{"href":"https:\/\/maternelle.providence-wavre.be\/index.php\/wp-json\/wp\/v2\/media?parent=4873"}],"curies":[{"name":"wp","href":"https:\/\/api.w.org\/{rel}","templated":true}]}}