{"id":4905,"date":"2024-08-21T13:36:03","date_gmt":"2024-08-21T11:36:03","guid":{"rendered":"https:\/\/maternelle.providence-wavre.be\/?page_id=4905"},"modified":"2024-08-21T13:36:03","modified_gmt":"2024-08-21T11:36:03","slug":"justificatif-dabsence-m3","status":"publish","type":"page","link":"https:\/\/maternelle.providence-wavre.be\/index.php\/justificatif-dabsence-m3\/","title":{"rendered":"Justificatif d&rsquo;absence M3"},"content":{"rendered":"\n<p class=\"has-black-color has-luminous-vivid-amber-background-color has-text-color has-background\">OBLIGATOIRE POUR : <\/p>\n\n\n\n<ul class=\"wp-block-list\"><li>Un \u00e9l\u00e8ve absent \u00e9tant en 3\u00e8me maternelle et absent pour une dur\u00e9e inf\u00e9rieure \u00e0 3 jours. Toute absence au del\u00e0 de 3 jours doit \u00eatre justifi\u00e9e par un certificat m\u00e9dical.  <\/li><li>La direction se r\u00e9serve le droit de refuser le motif d\u2019un justificatif d\u2019absence. <\/li><\/ul>\n\n\n\n<div data-wp-interactive=\"core\/file\" class=\"wp-block-file\"><object data-wp-bind--hidden=\"!state.hasPdfPreview\" hidden class=\"wp-block-file__embed\" data=\"https:\/\/maternelle.providence-wavre.be\/wp-content\/uploads\/2024\/08\/Doc-Justificatif-dabsence-eleves-de-3eme-maternelle-2.pdf\" type=\"application\/pdf\" style=\"width:100%;height:600px\" aria-label=\"Contenu embarqu\u00e9 Contenu embarqu\u00e9 Doc-Justificatif-dabsence-eleves-de-3eme-maternelle-2..\"><\/object><a href=\"https:\/\/maternelle.providence-wavre.be\/wp-content\/uploads\/2024\/08\/Doc-Justificatif-dabsence-eleves-de-3eme-maternelle-2.pdf\">Doc-Justificatif-dabsence-eleves-de-3eme-maternelle-2<\/a><a href=\"https:\/\/maternelle.providence-wavre.be\/wp-content\/uploads\/2024\/08\/Doc-Justificatif-dabsence-eleves-de-3eme-maternelle-2.pdf\" class=\"wp-block-file__button\" download>T\u00e9l\u00e9charger<\/a><\/div>\n","protected":false},"excerpt":{"rendered":"<p>OBLIGATOIRE POUR : Un \u00e9l\u00e8ve absent \u00e9tant en 3\u00e8me maternelle et absent pour une dur\u00e9e inf\u00e9rieure \u00e0 3 jours. Toute absence au del\u00e0 de 3 jours doit \u00eatre justifi\u00e9e par un certificat m\u00e9dical. La direction se r\u00e9serve le droit de refuser le motif d\u2019un justificatif d\u2019absence.<\/p>\n","protected":false},"author":1,"featured_media":0,"parent":0,"menu_order":0,"comment_status":"closed","ping_status":"closed","template":"","meta":{"footnotes":""},"class_list":["post-4905","page","type-page","status-publish","hentry"],"_links":{"self":[{"href":"https:\/\/maternelle.providence-wavre.be\/index.php\/wp-json\/wp\/v2\/pages\/4905","targetHints":{"allow":["GET"]}}],"collection":[{"href":"https:\/\/maternelle.providence-wavre.be\/index.php\/wp-json\/wp\/v2\/pages"}],"about":[{"href":"https:\/\/maternelle.providence-wavre.be\/index.php\/wp-json\/wp\/v2\/types\/page"}],"author":[{"embeddable":true,"href":"https:\/\/maternelle.providence-wavre.be\/index.php\/wp-json\/wp\/v2\/users\/1"}],"replies":[{"embeddable":true,"href":"https:\/\/maternelle.providence-wavre.be\/index.php\/wp-json\/wp\/v2\/comments?post=4905"}],"version-history":[{"count":1,"href":"https:\/\/maternelle.providence-wavre.be\/index.php\/wp-json\/wp\/v2\/pages\/4905\/revisions"}],"predecessor-version":[{"id":4911,"href":"https:\/\/maternelle.providence-wavre.be\/index.php\/wp-json\/wp\/v2\/pages\/4905\/revisions\/4911"}],"wp:attachment":[{"href":"https:\/\/maternelle.providence-wavre.be\/index.php\/wp-json\/wp\/v2\/media?parent=4905"}],"curies":[{"name":"wp","href":"https:\/\/api.w.org\/{rel}","templated":true}]}}