{"id":4973,"date":"2024-09-06T11:57:08","date_gmt":"2024-09-06T09:57:08","guid":{"rendered":"https:\/\/maternelle.providence-wavre.be\/?page_id=4973"},"modified":"2024-10-07T12:02:24","modified_gmt":"2024-10-07T10:02:24","slug":"comme-des-poissons-dans-leau","status":"publish","type":"page","link":"https:\/\/maternelle.providence-wavre.be\/index.php\/comme-des-poissons-dans-leau\/","title":{"rendered":"Comme des poissons dans l&rsquo;eau"},"content":{"rendered":"\n<p>La rentr\u00e9e est pass\u00e9e! Il est temps pour nos grands de M3 de commencer \u00e0 se rendre \u00e0 la piscine du Blocry (LLN) une fois par semaine. <\/p>\n\n\n\n<p>Un moment convivial d\u2019apprentissage, de d\u00e9penses \u00e9nerg\u00e9tiques et d\u2019amusement appr\u00e9ci\u00e9 de tous. <\/p>\n\n\n\n<p>Nos enfants sont tous admis \u00e0 la piscine qu\u2019ils sachent nager ou pas. C\u2019est comme cela que l\u2019on apprend! En essayant. <\/p>\n\n\n\n<figure class=\"wp-block-gallery columns-3 is-cropped wp-block-gallery-1 is-layout-flex wp-block-gallery-is-layout-flex\"><ul class=\"blocks-gallery-grid\"><li class=\"blocks-gallery-item\"><figure><img loading=\"lazy\" decoding=\"async\" width=\"1024\" height=\"768\" src=\"https:\/\/maternelle.providence-wavre.be\/wp-content\/uploads\/2024\/09\/IMG-20240902-WA0006-1024x768.jpg\" alt=\"\" data-id=\"4974\" data-full-url=\"https:\/\/maternelle.providence-wavre.be\/wp-content\/uploads\/2024\/09\/IMG-20240902-WA0006.jpg\" data-link=\"https:\/\/maternelle.providence-wavre.be\/?attachment_id=4974\" class=\"wp-image-4974\" srcset=\"https:\/\/maternelle.providence-wavre.be\/wp-content\/uploads\/2024\/09\/IMG-20240902-WA0006-1024x768.jpg 1024w, https:\/\/maternelle.providence-wavre.be\/wp-content\/uploads\/2024\/09\/IMG-20240902-WA0006-300x225.jpg 300w, https:\/\/maternelle.providence-wavre.be\/wp-content\/uploads\/2024\/09\/IMG-20240902-WA0006-768x576.jpg 768w, https:\/\/maternelle.providence-wavre.be\/wp-content\/uploads\/2024\/09\/IMG-20240902-WA0006-1536x1152.jpg 1536w, https:\/\/maternelle.providence-wavre.be\/wp-content\/uploads\/2024\/09\/IMG-20240902-WA0006.jpg 1600w\" sizes=\"auto, (max-width: 767px) 89vw, (max-width: 1000px) 54vw, (max-width: 1071px) 543px, 580px\" \/><\/figure><\/li><li class=\"blocks-gallery-item\"><figure><img loading=\"lazy\" decoding=\"async\" width=\"1024\" height=\"768\" src=\"https:\/\/maternelle.providence-wavre.be\/wp-content\/uploads\/2024\/09\/IMG-20240902-WA0007-1024x768.jpg\" alt=\"\" data-id=\"4975\" data-full-url=\"https:\/\/maternelle.providence-wavre.be\/wp-content\/uploads\/2024\/09\/IMG-20240902-WA0007.jpg\" data-link=\"https:\/\/maternelle.providence-wavre.be\/?attachment_id=4975\" class=\"wp-image-4975\" srcset=\"https:\/\/maternelle.providence-wavre.be\/wp-content\/uploads\/2024\/09\/IMG-20240902-WA0007-1024x768.jpg 1024w, https:\/\/maternelle.providence-wavre.be\/wp-content\/uploads\/2024\/09\/IMG-20240902-WA0007-300x225.jpg 300w, https:\/\/maternelle.providence-wavre.be\/wp-content\/uploads\/2024\/09\/IMG-20240902-WA0007-768x576.jpg 768w, https:\/\/maternelle.providence-wavre.be\/wp-content\/uploads\/2024\/09\/IMG-20240902-WA0007-1536x1152.jpg 1536w, https:\/\/maternelle.providence-wavre.be\/wp-content\/uploads\/2024\/09\/IMG-20240902-WA0007.jpg 1600w\" sizes=\"auto, (max-width: 767px) 89vw, (max-width: 1000px) 54vw, (max-width: 1071px) 543px, 580px\" \/><\/figure><\/li><li class=\"blocks-gallery-item\"><figure><img loading=\"lazy\" decoding=\"async\" width=\"1024\" height=\"768\" src=\"https:\/\/maternelle.providence-wavre.be\/wp-content\/uploads\/2024\/09\/IMG-20240902-WA0008-1024x768.jpg\" alt=\"\" data-id=\"4976\" data-full-url=\"https:\/\/maternelle.providence-wavre.be\/wp-content\/uploads\/2024\/09\/IMG-20240902-WA0008.jpg\" data-link=\"https:\/\/maternelle.providence-wavre.be\/?attachment_id=4976\" class=\"wp-image-4976\" srcset=\"https:\/\/maternelle.providence-wavre.be\/wp-content\/uploads\/2024\/09\/IMG-20240902-WA0008-1024x768.jpg 1024w, https:\/\/maternelle.providence-wavre.be\/wp-content\/uploads\/2024\/09\/IMG-20240902-WA0008-300x225.jpg 300w, https:\/\/maternelle.providence-wavre.be\/wp-content\/uploads\/2024\/09\/IMG-20240902-WA0008-768x576.jpg 768w, https:\/\/maternelle.providence-wavre.be\/wp-content\/uploads\/2024\/09\/IMG-20240902-WA0008-1536x1152.jpg 1536w, https:\/\/maternelle.providence-wavre.be\/wp-content\/uploads\/2024\/09\/IMG-20240902-WA0008.jpg 1600w\" sizes=\"auto, (max-width: 767px) 89vw, (max-width: 1000px) 54vw, (max-width: 1071px) 543px, 580px\" \/><\/figure><\/li><li class=\"blocks-gallery-item\"><figure><img loading=\"lazy\" decoding=\"async\" width=\"1024\" height=\"768\" src=\"https:\/\/maternelle.providence-wavre.be\/wp-content\/uploads\/2024\/09\/IMG-20240902-WA0009-1024x768.jpg\" alt=\"\" data-id=\"4977\" data-full-url=\"https:\/\/maternelle.providence-wavre.be\/wp-content\/uploads\/2024\/09\/IMG-20240902-WA0009.jpg\" data-link=\"https:\/\/maternelle.providence-wavre.be\/?attachment_id=4977\" class=\"wp-image-4977\" srcset=\"https:\/\/maternelle.providence-wavre.be\/wp-content\/uploads\/2024\/09\/IMG-20240902-WA0009-1024x768.jpg 1024w, https:\/\/maternelle.providence-wavre.be\/wp-content\/uploads\/2024\/09\/IMG-20240902-WA0009-300x225.jpg 300w, https:\/\/maternelle.providence-wavre.be\/wp-content\/uploads\/2024\/09\/IMG-20240902-WA0009-768x576.jpg 768w, https:\/\/maternelle.providence-wavre.be\/wp-content\/uploads\/2024\/09\/IMG-20240902-WA0009-1536x1152.jpg 1536w, https:\/\/maternelle.providence-wavre.be\/wp-content\/uploads\/2024\/09\/IMG-20240902-WA0009.jpg 1600w\" sizes=\"auto, (max-width: 767px) 89vw, (max-width: 1000px) 54vw, (max-width: 1071px) 543px, 580px\" \/><\/figure><\/li><li class=\"blocks-gallery-item\"><figure><img loading=\"lazy\" decoding=\"async\" width=\"1024\" height=\"768\" src=\"https:\/\/maternelle.providence-wavre.be\/wp-content\/uploads\/2024\/09\/IMG-20240902-WA0010-1024x768.jpg\" alt=\"\" data-id=\"4978\" data-full-url=\"https:\/\/maternelle.providence-wavre.be\/wp-content\/uploads\/2024\/09\/IMG-20240902-WA0010.jpg\" data-link=\"https:\/\/maternelle.providence-wavre.be\/?attachment_id=4978\" class=\"wp-image-4978\" srcset=\"https:\/\/maternelle.providence-wavre.be\/wp-content\/uploads\/2024\/09\/IMG-20240902-WA0010-1024x768.jpg 1024w, https:\/\/maternelle.providence-wavre.be\/wp-content\/uploads\/2024\/09\/IMG-20240902-WA0010-300x225.jpg 300w, https:\/\/maternelle.providence-wavre.be\/wp-content\/uploads\/2024\/09\/IMG-20240902-WA0010-768x576.jpg 768w, https:\/\/maternelle.providence-wavre.be\/wp-content\/uploads\/2024\/09\/IMG-20240902-WA0010-1536x1152.jpg 1536w, https:\/\/maternelle.providence-wavre.be\/wp-content\/uploads\/2024\/09\/IMG-20240902-WA0010.jpg 1600w\" sizes=\"auto, (max-width: 767px) 89vw, (max-width: 1000px) 54vw, (max-width: 1071px) 543px, 580px\" \/><\/figure><\/li><li class=\"blocks-gallery-item\"><figure><img loading=\"lazy\" decoding=\"async\" width=\"1024\" height=\"768\" src=\"https:\/\/maternelle.providence-wavre.be\/wp-content\/uploads\/2024\/09\/IMG-20240902-WA0011-1024x768.jpg\" alt=\"\" data-id=\"4979\" data-full-url=\"https:\/\/maternelle.providence-wavre.be\/wp-content\/uploads\/2024\/09\/IMG-20240902-WA0011.jpg\" data-link=\"https:\/\/maternelle.providence-wavre.be\/?attachment_id=4979\" class=\"wp-image-4979\" srcset=\"https:\/\/maternelle.providence-wavre.be\/wp-content\/uploads\/2024\/09\/IMG-20240902-WA0011-1024x768.jpg 1024w, https:\/\/maternelle.providence-wavre.be\/wp-content\/uploads\/2024\/09\/IMG-20240902-WA0011-300x225.jpg 300w, https:\/\/maternelle.providence-wavre.be\/wp-content\/uploads\/2024\/09\/IMG-20240902-WA0011-768x576.jpg 768w, https:\/\/maternelle.providence-wavre.be\/wp-content\/uploads\/2024\/09\/IMG-20240902-WA0011-1536x1152.jpg 1536w, https:\/\/maternelle.providence-wavre.be\/wp-content\/uploads\/2024\/09\/IMG-20240902-WA0011.jpg 1600w\" sizes=\"auto, (max-width: 767px) 89vw, (max-width: 1000px) 54vw, (max-width: 1071px) 543px, 580px\" \/><\/figure><\/li><li class=\"blocks-gallery-item\"><figure><img loading=\"lazy\" decoding=\"async\" width=\"1024\" height=\"768\" src=\"https:\/\/maternelle.providence-wavre.be\/wp-content\/uploads\/2024\/09\/IMG-20240902-WA0012-1024x768.jpg\" alt=\"\" data-id=\"4980\" data-full-url=\"https:\/\/maternelle.providence-wavre.be\/wp-content\/uploads\/2024\/09\/IMG-20240902-WA0012.jpg\" data-link=\"https:\/\/maternelle.providence-wavre.be\/?attachment_id=4980\" class=\"wp-image-4980\" srcset=\"https:\/\/maternelle.providence-wavre.be\/wp-content\/uploads\/2024\/09\/IMG-20240902-WA0012-1024x768.jpg 1024w, https:\/\/maternelle.providence-wavre.be\/wp-content\/uploads\/2024\/09\/IMG-20240902-WA0012-300x225.jpg 300w, https:\/\/maternelle.providence-wavre.be\/wp-content\/uploads\/2024\/09\/IMG-20240902-WA0012-768x576.jpg 768w, https:\/\/maternelle.providence-wavre.be\/wp-content\/uploads\/2024\/09\/IMG-20240902-WA0012-1536x1152.jpg 1536w, https:\/\/maternelle.providence-wavre.be\/wp-content\/uploads\/2024\/09\/IMG-20240902-WA0012.jpg 1600w\" sizes=\"auto, (max-width: 767px) 89vw, (max-width: 1000px) 54vw, (max-width: 1071px) 543px, 580px\" \/><\/figure><\/li><\/ul><\/figure>\n\n\n\n<p class=\"has-pale-cyan-blue-background-color has-background\">Et pour le deuxi\u00e8me cours, nous constatons que c\u2019est toujours aussi gai. Nous commen\u00e7ons \u00e0 apercevoir les enfants qui seront dans le groupe des nageurs et ceux qui continueront \u00e0 apprivoiser l\u2019eau \u00e0 leur rythme avec de petits jeux.<\/p>\n\n\n\n<figure class=\"wp-block-gallery columns-3 is-cropped wp-block-gallery-2 is-layout-flex wp-block-gallery-is-layout-flex\"><ul class=\"blocks-gallery-grid\"><li class=\"blocks-gallery-item\"><figure><img loading=\"lazy\" decoding=\"async\" width=\"1024\" height=\"768\" src=\"https:\/\/maternelle.providence-wavre.be\/wp-content\/uploads\/2024\/09\/IMG-20240909-WA0010-1-1024x768.jpg\" alt=\"\" data-id=\"5089\" data-full-url=\"https:\/\/maternelle.providence-wavre.be\/wp-content\/uploads\/2024\/09\/IMG-20240909-WA0010-1.jpg\" data-link=\"https:\/\/maternelle.providence-wavre.be\/index.php\/comme-des-poissons-dans-leau\/img-20240909-wa0010-1\/\" class=\"wp-image-5089\" srcset=\"https:\/\/maternelle.providence-wavre.be\/wp-content\/uploads\/2024\/09\/IMG-20240909-WA0010-1-1024x768.jpg 1024w, https:\/\/maternelle.providence-wavre.be\/wp-content\/uploads\/2024\/09\/IMG-20240909-WA0010-1-300x225.jpg 300w, https:\/\/maternelle.providence-wavre.be\/wp-content\/uploads\/2024\/09\/IMG-20240909-WA0010-1-768x576.jpg 768w, https:\/\/maternelle.providence-wavre.be\/wp-content\/uploads\/2024\/09\/IMG-20240909-WA0010-1-1536x1152.jpg 1536w, https:\/\/maternelle.providence-wavre.be\/wp-content\/uploads\/2024\/09\/IMG-20240909-WA0010-1.jpg 1600w\" sizes=\"auto, (max-width: 767px) 89vw, (max-width: 1000px) 54vw, (max-width: 1071px) 543px, 580px\" \/><\/figure><\/li><li class=\"blocks-gallery-item\"><figure><img loading=\"lazy\" decoding=\"async\" width=\"1024\" height=\"768\" src=\"https:\/\/maternelle.providence-wavre.be\/wp-content\/uploads\/2024\/09\/IMG-20240909-WA0016-1-1024x768.jpg\" alt=\"\" data-id=\"5090\" data-full-url=\"https:\/\/maternelle.providence-wavre.be\/wp-content\/uploads\/2024\/09\/IMG-20240909-WA0016-1.jpg\" data-link=\"https:\/\/maternelle.providence-wavre.be\/index.php\/comme-des-poissons-dans-leau\/img-20240909-wa0016-1\/\" class=\"wp-image-5090\" srcset=\"https:\/\/maternelle.providence-wavre.be\/wp-content\/uploads\/2024\/09\/IMG-20240909-WA0016-1-1024x768.jpg 1024w, https:\/\/maternelle.providence-wavre.be\/wp-content\/uploads\/2024\/09\/IMG-20240909-WA0016-1-300x225.jpg 300w, https:\/\/maternelle.providence-wavre.be\/wp-content\/uploads\/2024\/09\/IMG-20240909-WA0016-1-768x576.jpg 768w, https:\/\/maternelle.providence-wavre.be\/wp-content\/uploads\/2024\/09\/IMG-20240909-WA0016-1-1536x1152.jpg 1536w, https:\/\/maternelle.providence-wavre.be\/wp-content\/uploads\/2024\/09\/IMG-20240909-WA0016-1.jpg 1600w\" sizes=\"auto, (max-width: 767px) 89vw, (max-width: 1000px) 54vw, (max-width: 1071px) 543px, 580px\" \/><\/figure><\/li><li class=\"blocks-gallery-item\"><figure><img loading=\"lazy\" decoding=\"async\" width=\"1024\" height=\"768\" src=\"https:\/\/maternelle.providence-wavre.be\/wp-content\/uploads\/2024\/09\/IMG-20240909-WA0017-1-1024x768.jpg\" alt=\"\" data-id=\"5091\" data-full-url=\"https:\/\/maternelle.providence-wavre.be\/wp-content\/uploads\/2024\/09\/IMG-20240909-WA0017-1.jpg\" data-link=\"https:\/\/maternelle.providence-wavre.be\/index.php\/comme-des-poissons-dans-leau\/img-20240909-wa0017-1\/\" class=\"wp-image-5091\" srcset=\"https:\/\/maternelle.providence-wavre.be\/wp-content\/uploads\/2024\/09\/IMG-20240909-WA0017-1-1024x768.jpg 1024w, https:\/\/maternelle.providence-wavre.be\/wp-content\/uploads\/2024\/09\/IMG-20240909-WA0017-1-300x225.jpg 300w, https:\/\/maternelle.providence-wavre.be\/wp-content\/uploads\/2024\/09\/IMG-20240909-WA0017-1-768x576.jpg 768w, https:\/\/maternelle.providence-wavre.be\/wp-content\/uploads\/2024\/09\/IMG-20240909-WA0017-1-1536x1152.jpg 1536w, https:\/\/maternelle.providence-wavre.be\/wp-content\/uploads\/2024\/09\/IMG-20240909-WA0017-1.jpg 1600w\" sizes=\"auto, (max-width: 767px) 89vw, (max-width: 1000px) 54vw, (max-width: 1071px) 543px, 580px\" \/><\/figure><\/li><li class=\"blocks-gallery-item\"><figure><img loading=\"lazy\" decoding=\"async\" width=\"768\" height=\"1024\" src=\"https:\/\/maternelle.providence-wavre.be\/wp-content\/uploads\/2024\/09\/IMG-20240909-WA0019-1-768x1024.jpg\" alt=\"\" data-id=\"5092\" data-full-url=\"https:\/\/maternelle.providence-wavre.be\/wp-content\/uploads\/2024\/09\/IMG-20240909-WA0019-1.jpg\" data-link=\"https:\/\/maternelle.providence-wavre.be\/index.php\/comme-des-poissons-dans-leau\/img-20240909-wa0019-1\/\" class=\"wp-image-5092\" srcset=\"https:\/\/maternelle.providence-wavre.be\/wp-content\/uploads\/2024\/09\/IMG-20240909-WA0019-1-768x1024.jpg 768w, https:\/\/maternelle.providence-wavre.be\/wp-content\/uploads\/2024\/09\/IMG-20240909-WA0019-1-225x300.jpg 225w, https:\/\/maternelle.providence-wavre.be\/wp-content\/uploads\/2024\/09\/IMG-20240909-WA0019-1-1152x1536.jpg 1152w, https:\/\/maternelle.providence-wavre.be\/wp-content\/uploads\/2024\/09\/IMG-20240909-WA0019-1.jpg 1200w\" sizes=\"auto, (max-width: 767px) 89vw, (max-width: 1000px) 54vw, (max-width: 1071px) 543px, 580px\" \/><\/figure><\/li><li class=\"blocks-gallery-item\"><figure><img loading=\"lazy\" decoding=\"async\" width=\"768\" height=\"1024\" src=\"https:\/\/maternelle.providence-wavre.be\/wp-content\/uploads\/2024\/09\/IMG-20240909-WA0023-1-768x1024.jpg\" alt=\"\" data-id=\"5093\" data-full-url=\"https:\/\/maternelle.providence-wavre.be\/wp-content\/uploads\/2024\/09\/IMG-20240909-WA0023-1.jpg\" data-link=\"https:\/\/maternelle.providence-wavre.be\/index.php\/comme-des-poissons-dans-leau\/img-20240909-wa0023-1\/\" class=\"wp-image-5093\" srcset=\"https:\/\/maternelle.providence-wavre.be\/wp-content\/uploads\/2024\/09\/IMG-20240909-WA0023-1-768x1024.jpg 768w, https:\/\/maternelle.providence-wavre.be\/wp-content\/uploads\/2024\/09\/IMG-20240909-WA0023-1-225x300.jpg 225w, https:\/\/maternelle.providence-wavre.be\/wp-content\/uploads\/2024\/09\/IMG-20240909-WA0023-1-1152x1536.jpg 1152w, https:\/\/maternelle.providence-wavre.be\/wp-content\/uploads\/2024\/09\/IMG-20240909-WA0023-1.jpg 1200w\" sizes=\"auto, (max-width: 767px) 89vw, (max-width: 1000px) 54vw, (max-width: 1071px) 543px, 580px\" \/><\/figure><\/li><\/ul><\/figure>\n\n\n\n<p class=\"has-black-color has-cyan-bluish-gray-background-color has-text-color has-background\">Au fur et \u00e0 mesure que le temps avance, les groupes changent. Certains de nos non nageurs sont pass\u00e9s dans le groupe des nageurs! BRAVO! <\/p>\n\n\n\n<figure class=\"wp-block-gallery columns-3 is-cropped wp-block-gallery-3 is-layout-flex wp-block-gallery-is-layout-flex\"><ul class=\"blocks-gallery-grid\"><li class=\"blocks-gallery-item\"><figure><img loading=\"lazy\" decoding=\"async\" width=\"768\" height=\"1024\" src=\"https:\/\/maternelle.providence-wavre.be\/wp-content\/uploads\/2024\/10\/IMG-20240923-WA0017-768x1024.jpg\" alt=\"\" data-id=\"5147\" data-full-url=\"https:\/\/maternelle.providence-wavre.be\/wp-content\/uploads\/2024\/10\/IMG-20240923-WA0017.jpg\" data-link=\"https:\/\/maternelle.providence-wavre.be\/index.php\/comme-des-poissons-dans-leau\/img-20240923-wa0017\/\" class=\"wp-image-5147\" srcset=\"https:\/\/maternelle.providence-wavre.be\/wp-content\/uploads\/2024\/10\/IMG-20240923-WA0017-768x1024.jpg 768w, https:\/\/maternelle.providence-wavre.be\/wp-content\/uploads\/2024\/10\/IMG-20240923-WA0017-225x300.jpg 225w, https:\/\/maternelle.providence-wavre.be\/wp-content\/uploads\/2024\/10\/IMG-20240923-WA0017-1152x1536.jpg 1152w, https:\/\/maternelle.providence-wavre.be\/wp-content\/uploads\/2024\/10\/IMG-20240923-WA0017.jpg 1200w\" sizes=\"auto, (max-width: 767px) 89vw, (max-width: 1000px) 54vw, (max-width: 1071px) 543px, 580px\" \/><\/figure><\/li><li class=\"blocks-gallery-item\"><figure><img loading=\"lazy\" decoding=\"async\" width=\"1024\" height=\"768\" src=\"https:\/\/maternelle.providence-wavre.be\/wp-content\/uploads\/2024\/10\/IMG-20240923-WA0019-1024x768.jpg\" alt=\"\" data-id=\"5148\" data-full-url=\"https:\/\/maternelle.providence-wavre.be\/wp-content\/uploads\/2024\/10\/IMG-20240923-WA0019.jpg\" data-link=\"https:\/\/maternelle.providence-wavre.be\/index.php\/comme-des-poissons-dans-leau\/img-20240923-wa0019\/\" class=\"wp-image-5148\" srcset=\"https:\/\/maternelle.providence-wavre.be\/wp-content\/uploads\/2024\/10\/IMG-20240923-WA0019-1024x768.jpg 1024w, https:\/\/maternelle.providence-wavre.be\/wp-content\/uploads\/2024\/10\/IMG-20240923-WA0019-300x225.jpg 300w, https:\/\/maternelle.providence-wavre.be\/wp-content\/uploads\/2024\/10\/IMG-20240923-WA0019-768x576.jpg 768w, https:\/\/maternelle.providence-wavre.be\/wp-content\/uploads\/2024\/10\/IMG-20240923-WA0019-1536x1152.jpg 1536w, https:\/\/maternelle.providence-wavre.be\/wp-content\/uploads\/2024\/10\/IMG-20240923-WA0019.jpg 1600w\" sizes=\"auto, (max-width: 767px) 89vw, (max-width: 1000px) 54vw, (max-width: 1071px) 543px, 580px\" \/><\/figure><\/li><li class=\"blocks-gallery-item\"><figure><img loading=\"lazy\" decoding=\"async\" width=\"1024\" height=\"768\" src=\"https:\/\/maternelle.providence-wavre.be\/wp-content\/uploads\/2024\/10\/IMG-20240923-WA0023-1024x768.jpg\" alt=\"\" data-id=\"5149\" data-full-url=\"https:\/\/maternelle.providence-wavre.be\/wp-content\/uploads\/2024\/10\/IMG-20240923-WA0023.jpg\" data-link=\"https:\/\/maternelle.providence-wavre.be\/index.php\/comme-des-poissons-dans-leau\/img-20240923-wa0023\/\" class=\"wp-image-5149\" srcset=\"https:\/\/maternelle.providence-wavre.be\/wp-content\/uploads\/2024\/10\/IMG-20240923-WA0023-1024x768.jpg 1024w, https:\/\/maternelle.providence-wavre.be\/wp-content\/uploads\/2024\/10\/IMG-20240923-WA0023-300x225.jpg 300w, https:\/\/maternelle.providence-wavre.be\/wp-content\/uploads\/2024\/10\/IMG-20240923-WA0023-768x576.jpg 768w, https:\/\/maternelle.providence-wavre.be\/wp-content\/uploads\/2024\/10\/IMG-20240923-WA0023-1536x1152.jpg 1536w, https:\/\/maternelle.providence-wavre.be\/wp-content\/uploads\/2024\/10\/IMG-20240923-WA0023.jpg 1600w\" sizes=\"auto, (max-width: 767px) 89vw, (max-width: 1000px) 54vw, (max-width: 1071px) 543px, 580px\" \/><\/figure><\/li><li class=\"blocks-gallery-item\"><figure><img loading=\"lazy\" decoding=\"async\" width=\"1024\" height=\"768\" src=\"https:\/\/maternelle.providence-wavre.be\/wp-content\/uploads\/2024\/10\/IMG-20240930-WA0005-1024x768.jpg\" alt=\"\" data-id=\"5150\" data-full-url=\"https:\/\/maternelle.providence-wavre.be\/wp-content\/uploads\/2024\/10\/IMG-20240930-WA0005.jpg\" data-link=\"https:\/\/maternelle.providence-wavre.be\/index.php\/comme-des-poissons-dans-leau\/img-20240930-wa0005\/\" class=\"wp-image-5150\" srcset=\"https:\/\/maternelle.providence-wavre.be\/wp-content\/uploads\/2024\/10\/IMG-20240930-WA0005-1024x768.jpg 1024w, https:\/\/maternelle.providence-wavre.be\/wp-content\/uploads\/2024\/10\/IMG-20240930-WA0005-300x225.jpg 300w, https:\/\/maternelle.providence-wavre.be\/wp-content\/uploads\/2024\/10\/IMG-20240930-WA0005-768x576.jpg 768w, https:\/\/maternelle.providence-wavre.be\/wp-content\/uploads\/2024\/10\/IMG-20240930-WA0005-1536x1152.jpg 1536w, https:\/\/maternelle.providence-wavre.be\/wp-content\/uploads\/2024\/10\/IMG-20240930-WA0005.jpg 1600w\" sizes=\"auto, (max-width: 767px) 89vw, (max-width: 1000px) 54vw, (max-width: 1071px) 543px, 580px\" \/><\/figure><\/li><li class=\"blocks-gallery-item\"><figure><img loading=\"lazy\" decoding=\"async\" width=\"768\" height=\"1024\" src=\"https:\/\/maternelle.providence-wavre.be\/wp-content\/uploads\/2024\/10\/IMG-20240930-WA0007-768x1024.jpg\" alt=\"\" data-id=\"5151\" data-full-url=\"https:\/\/maternelle.providence-wavre.be\/wp-content\/uploads\/2024\/10\/IMG-20240930-WA0007.jpg\" data-link=\"https:\/\/maternelle.providence-wavre.be\/index.php\/comme-des-poissons-dans-leau\/img-20240930-wa0007\/\" class=\"wp-image-5151\" srcset=\"https:\/\/maternelle.providence-wavre.be\/wp-content\/uploads\/2024\/10\/IMG-20240930-WA0007-768x1024.jpg 768w, https:\/\/maternelle.providence-wavre.be\/wp-content\/uploads\/2024\/10\/IMG-20240930-WA0007-225x300.jpg 225w, https:\/\/maternelle.providence-wavre.be\/wp-content\/uploads\/2024\/10\/IMG-20240930-WA0007-1152x1536.jpg 1152w, https:\/\/maternelle.providence-wavre.be\/wp-content\/uploads\/2024\/10\/IMG-20240930-WA0007.jpg 1200w\" sizes=\"auto, (max-width: 767px) 89vw, (max-width: 1000px) 54vw, (max-width: 1071px) 543px, 580px\" \/><\/figure><\/li><\/ul><\/figure>\n","protected":false},"excerpt":{"rendered":"<p>La rentr\u00e9e est pass\u00e9e! Il est temps pour nos grands de M3 de commencer \u00e0 se rendre \u00e0 la piscine du Blocry (LLN) une fois par semaine. Un moment convivial d\u2019apprentissage, de d\u00e9penses \u00e9nerg\u00e9tiques et d\u2019amusement appr\u00e9ci\u00e9 de tous. Nos enfants sont tous admis \u00e0 la piscine qu\u2019ils sachent nager ou pas. C\u2019est comme cela &hellip; <\/p>\n<p class=\"link-more\"><a href=\"https:\/\/maternelle.providence-wavre.be\/index.php\/comme-des-poissons-dans-leau\/\" class=\"more-link\">Continuer la lecture<span class=\"screen-reader-text\"> de &laquo;&nbsp;Comme des poissons dans l&rsquo;eau&nbsp;&raquo;<\/span><\/a><\/p>\n","protected":false},"author":1,"featured_media":0,"parent":0,"menu_order":0,"comment_status":"closed","ping_status":"closed","template":"","meta":{"footnotes":""},"class_list":["post-4973","page","type-page","status-publish","hentry"],"_links":{"self":[{"href":"https:\/\/maternelle.providence-wavre.be\/index.php\/wp-json\/wp\/v2\/pages\/4973","targetHints":{"allow":["GET"]}}],"collection":[{"href":"https:\/\/maternelle.providence-wavre.be\/index.php\/wp-json\/wp\/v2\/pages"}],"about":[{"href":"https:\/\/maternelle.providence-wavre.be\/index.php\/wp-json\/wp\/v2\/types\/page"}],"author":[{"embeddable":true,"href":"https:\/\/maternelle.providence-wavre.be\/index.php\/wp-json\/wp\/v2\/users\/1"}],"replies":[{"embeddable":true,"href":"https:\/\/maternelle.providence-wavre.be\/index.php\/wp-json\/wp\/v2\/comments?post=4973"}],"version-history":[{"count":4,"href":"https:\/\/maternelle.providence-wavre.be\/index.php\/wp-json\/wp\/v2\/pages\/4973\/revisions"}],"predecessor-version":[{"id":5152,"href":"https:\/\/maternelle.providence-wavre.be\/index.php\/wp-json\/wp\/v2\/pages\/4973\/revisions\/5152"}],"wp:attachment":[{"href":"https:\/\/maternelle.providence-wavre.be\/index.php\/wp-json\/wp\/v2\/media?parent=4973"}],"curies":[{"name":"wp","href":"https:\/\/api.w.org\/{rel}","templated":true}]}}