{"id":5060,"date":"2024-09-06T12:16:09","date_gmt":"2024-09-06T10:16:09","guid":{"rendered":"https:\/\/maternelle.providence-wavre.be\/?page_id=5060"},"modified":"2024-09-06T15:28:16","modified_gmt":"2024-09-06T13:28:16","slug":"visite-en-primaire","status":"publish","type":"page","link":"https:\/\/maternelle.providence-wavre.be\/index.php\/visite-en-primaire\/","title":{"rendered":"Visite en 1\u00e8re primaire"},"content":{"rendered":"\n<p>Comme chaque ann\u00e9e, nous allons rendre visite \u00e0 nos anciens amis de M3 qui sont rentr\u00e9s en 1\u00e8re primaire!<\/p>\n\n\n\n<p>C\u2019est toujours un plaisir de revoir nos anciens camarades et d\u2019observer comment cela se passe chez les plus grands.<\/p>\n\n\n\n<figure class=\"wp-block-gallery columns-3 is-cropped wp-block-gallery-1 is-layout-flex wp-block-gallery-is-layout-flex\"><ul class=\"blocks-gallery-grid\"><li class=\"blocks-gallery-item\"><figure><img loading=\"lazy\" decoding=\"async\" width=\"768\" height=\"1024\" src=\"https:\/\/maternelle.providence-wavre.be\/wp-content\/uploads\/2024\/09\/IMG-20240826-WA0041-768x1024.jpg\" alt=\"\" data-id=\"5061\" data-full-url=\"https:\/\/maternelle.providence-wavre.be\/wp-content\/uploads\/2024\/09\/IMG-20240826-WA0041.jpg\" data-link=\"https:\/\/maternelle.providence-wavre.be\/?attachment_id=5061\" class=\"wp-image-5061\" srcset=\"https:\/\/maternelle.providence-wavre.be\/wp-content\/uploads\/2024\/09\/IMG-20240826-WA0041-768x1024.jpg 768w, https:\/\/maternelle.providence-wavre.be\/wp-content\/uploads\/2024\/09\/IMG-20240826-WA0041-225x300.jpg 225w, https:\/\/maternelle.providence-wavre.be\/wp-content\/uploads\/2024\/09\/IMG-20240826-WA0041-1152x1536.jpg 1152w, https:\/\/maternelle.providence-wavre.be\/wp-content\/uploads\/2024\/09\/IMG-20240826-WA0041.jpg 1200w\" sizes=\"auto, (max-width: 767px) 89vw, (max-width: 1000px) 54vw, (max-width: 1071px) 543px, 580px\" \/><\/figure><\/li><li class=\"blocks-gallery-item\"><figure><img loading=\"lazy\" decoding=\"async\" width=\"768\" height=\"1024\" src=\"https:\/\/maternelle.providence-wavre.be\/wp-content\/uploads\/2024\/09\/IMG-20240826-WA0042-768x1024.jpg\" alt=\"\" data-id=\"5062\" data-full-url=\"https:\/\/maternelle.providence-wavre.be\/wp-content\/uploads\/2024\/09\/IMG-20240826-WA0042.jpg\" data-link=\"https:\/\/maternelle.providence-wavre.be\/?attachment_id=5062\" class=\"wp-image-5062\" srcset=\"https:\/\/maternelle.providence-wavre.be\/wp-content\/uploads\/2024\/09\/IMG-20240826-WA0042-768x1024.jpg 768w, https:\/\/maternelle.providence-wavre.be\/wp-content\/uploads\/2024\/09\/IMG-20240826-WA0042-225x300.jpg 225w, https:\/\/maternelle.providence-wavre.be\/wp-content\/uploads\/2024\/09\/IMG-20240826-WA0042-1152x1536.jpg 1152w, https:\/\/maternelle.providence-wavre.be\/wp-content\/uploads\/2024\/09\/IMG-20240826-WA0042.jpg 1200w\" sizes=\"auto, (max-width: 767px) 89vw, (max-width: 1000px) 54vw, (max-width: 1071px) 543px, 580px\" \/><\/figure><\/li><li class=\"blocks-gallery-item\"><figure><img loading=\"lazy\" decoding=\"async\" width=\"768\" height=\"1024\" src=\"https:\/\/maternelle.providence-wavre.be\/wp-content\/uploads\/2024\/09\/IMG-20240826-WA0043-768x1024.jpg\" alt=\"\" data-id=\"5063\" data-full-url=\"https:\/\/maternelle.providence-wavre.be\/wp-content\/uploads\/2024\/09\/IMG-20240826-WA0043.jpg\" data-link=\"https:\/\/maternelle.providence-wavre.be\/?attachment_id=5063\" class=\"wp-image-5063\" srcset=\"https:\/\/maternelle.providence-wavre.be\/wp-content\/uploads\/2024\/09\/IMG-20240826-WA0043-768x1024.jpg 768w, https:\/\/maternelle.providence-wavre.be\/wp-content\/uploads\/2024\/09\/IMG-20240826-WA0043-225x300.jpg 225w, https:\/\/maternelle.providence-wavre.be\/wp-content\/uploads\/2024\/09\/IMG-20240826-WA0043-1152x1536.jpg 1152w, https:\/\/maternelle.providence-wavre.be\/wp-content\/uploads\/2024\/09\/IMG-20240826-WA0043.jpg 1200w\" sizes=\"auto, (max-width: 767px) 89vw, (max-width: 1000px) 54vw, (max-width: 1071px) 543px, 580px\" \/><\/figure><\/li><li class=\"blocks-gallery-item\"><figure><img loading=\"lazy\" decoding=\"async\" width=\"768\" height=\"1024\" src=\"https:\/\/maternelle.providence-wavre.be\/wp-content\/uploads\/2024\/09\/IMG-20240826-WA0044-768x1024.jpg\" alt=\"\" data-id=\"5064\" data-full-url=\"https:\/\/maternelle.providence-wavre.be\/wp-content\/uploads\/2024\/09\/IMG-20240826-WA0044.jpg\" data-link=\"https:\/\/maternelle.providence-wavre.be\/?attachment_id=5064\" class=\"wp-image-5064\" srcset=\"https:\/\/maternelle.providence-wavre.be\/wp-content\/uploads\/2024\/09\/IMG-20240826-WA0044-768x1024.jpg 768w, https:\/\/maternelle.providence-wavre.be\/wp-content\/uploads\/2024\/09\/IMG-20240826-WA0044-225x300.jpg 225w, https:\/\/maternelle.providence-wavre.be\/wp-content\/uploads\/2024\/09\/IMG-20240826-WA0044-1152x1536.jpg 1152w, https:\/\/maternelle.providence-wavre.be\/wp-content\/uploads\/2024\/09\/IMG-20240826-WA0044.jpg 1200w\" sizes=\"auto, (max-width: 767px) 89vw, (max-width: 1000px) 54vw, (max-width: 1071px) 543px, 580px\" \/><\/figure><\/li><li class=\"blocks-gallery-item\"><figure><img loading=\"lazy\" decoding=\"async\" width=\"768\" height=\"1024\" src=\"https:\/\/maternelle.providence-wavre.be\/wp-content\/uploads\/2024\/09\/IMG-20240826-WA0046-768x1024.jpg\" alt=\"\" data-id=\"5065\" data-full-url=\"https:\/\/maternelle.providence-wavre.be\/wp-content\/uploads\/2024\/09\/IMG-20240826-WA0046.jpg\" data-link=\"https:\/\/maternelle.providence-wavre.be\/?attachment_id=5065\" class=\"wp-image-5065\" srcset=\"https:\/\/maternelle.providence-wavre.be\/wp-content\/uploads\/2024\/09\/IMG-20240826-WA0046-768x1024.jpg 768w, https:\/\/maternelle.providence-wavre.be\/wp-content\/uploads\/2024\/09\/IMG-20240826-WA0046-225x300.jpg 225w, https:\/\/maternelle.providence-wavre.be\/wp-content\/uploads\/2024\/09\/IMG-20240826-WA0046-1152x1536.jpg 1152w, https:\/\/maternelle.providence-wavre.be\/wp-content\/uploads\/2024\/09\/IMG-20240826-WA0046.jpg 1200w\" sizes=\"auto, (max-width: 767px) 89vw, (max-width: 1000px) 54vw, (max-width: 1071px) 543px, 580px\" \/><\/figure><\/li><li class=\"blocks-gallery-item\"><figure><img loading=\"lazy\" decoding=\"async\" width=\"768\" height=\"1024\" src=\"https:\/\/maternelle.providence-wavre.be\/wp-content\/uploads\/2024\/09\/IMG-20240826-WA0049-768x1024.jpg\" alt=\"\" data-id=\"5066\" data-full-url=\"https:\/\/maternelle.providence-wavre.be\/wp-content\/uploads\/2024\/09\/IMG-20240826-WA0049.jpg\" data-link=\"https:\/\/maternelle.providence-wavre.be\/?attachment_id=5066\" class=\"wp-image-5066\" srcset=\"https:\/\/maternelle.providence-wavre.be\/wp-content\/uploads\/2024\/09\/IMG-20240826-WA0049-768x1024.jpg 768w, https:\/\/maternelle.providence-wavre.be\/wp-content\/uploads\/2024\/09\/IMG-20240826-WA0049-225x300.jpg 225w, https:\/\/maternelle.providence-wavre.be\/wp-content\/uploads\/2024\/09\/IMG-20240826-WA0049-1152x1536.jpg 1152w, https:\/\/maternelle.providence-wavre.be\/wp-content\/uploads\/2024\/09\/IMG-20240826-WA0049.jpg 1200w\" sizes=\"auto, (max-width: 767px) 89vw, (max-width: 1000px) 54vw, (max-width: 1071px) 543px, 580px\" \/><\/figure><\/li><\/ul><\/figure>\n","protected":false},"excerpt":{"rendered":"<p>Comme chaque ann\u00e9e, nous allons rendre visite \u00e0 nos anciens amis de M3 qui sont rentr\u00e9s en 1\u00e8re primaire! C\u2019est toujours un plaisir de revoir nos anciens camarades et d\u2019observer comment cela se passe chez les plus grands.<\/p>\n","protected":false},"author":1,"featured_media":0,"parent":0,"menu_order":0,"comment_status":"closed","ping_status":"closed","template":"","meta":{"footnotes":""},"class_list":["post-5060","page","type-page","status-publish","hentry"],"_links":{"self":[{"href":"https:\/\/maternelle.providence-wavre.be\/index.php\/wp-json\/wp\/v2\/pages\/5060","targetHints":{"allow":["GET"]}}],"collection":[{"href":"https:\/\/maternelle.providence-wavre.be\/index.php\/wp-json\/wp\/v2\/pages"}],"about":[{"href":"https:\/\/maternelle.providence-wavre.be\/index.php\/wp-json\/wp\/v2\/types\/page"}],"author":[{"embeddable":true,"href":"https:\/\/maternelle.providence-wavre.be\/index.php\/wp-json\/wp\/v2\/users\/1"}],"replies":[{"embeddable":true,"href":"https:\/\/maternelle.providence-wavre.be\/index.php\/wp-json\/wp\/v2\/comments?post=5060"}],"version-history":[{"count":3,"href":"https:\/\/maternelle.providence-wavre.be\/index.php\/wp-json\/wp\/v2\/pages\/5060\/revisions"}],"predecessor-version":[{"id":5083,"href":"https:\/\/maternelle.providence-wavre.be\/index.php\/wp-json\/wp\/v2\/pages\/5060\/revisions\/5083"}],"wp:attachment":[{"href":"https:\/\/maternelle.providence-wavre.be\/index.php\/wp-json\/wp\/v2\/media?parent=5060"}],"curies":[{"name":"wp","href":"https:\/\/api.w.org\/{rel}","templated":true}]}}