{"id":5129,"date":"2024-10-07T11:52:41","date_gmt":"2024-10-07T09:52:41","guid":{"rendered":"https:\/\/maternelle.providence-wavre.be\/?page_id=5129"},"modified":"2024-10-07T11:52:41","modified_gmt":"2024-10-07T09:52:41","slug":"marche-parrainee","status":"publish","type":"page","link":"https:\/\/maternelle.providence-wavre.be\/index.php\/marche-parrainee\/","title":{"rendered":"Marche parrain\u00e9e"},"content":{"rendered":"\n<p>Ce mardi 1er octobre, tous les enfants de notre \u00e9cole accompagn\u00e9s de toute l\u2019\u00e9quipe \u00e9ducative ont parcouru un trac\u00e9 dans les rues de Wavre afin d\u2019effectuer leur marche parrain\u00e9e annuelle. Une belle r\u00e9compense attendait nos petits marcheurs \u00e0 la fin du parcours : une visite \u00e0 la plaine de jeux!<\/p>\n\n\n\n<p class=\"has-black-color has-cyan-bluish-gray-background-color has-text-color has-background\"><strong>Nous tenions \u00e0 remercier toutes les personnes ayant particip\u00e9 \u00e0 la cagnotte de notre marche. Les fonds r\u00e9colt\u00e9s serviront \u00e0 l\u2019achat de mat\u00e9riel ou de jeux pour notre \u00e9cole. <em>De la part de toute l\u2019\u00e9quipe, merci pour les enfants!<\/em><\/strong><\/p>\n\n\n\n<figure class=\"wp-block-gallery columns-3 is-cropped wp-block-gallery-1 is-layout-flex wp-block-gallery-is-layout-flex\"><ul class=\"blocks-gallery-grid\"><li class=\"blocks-gallery-item\"><figure><img loading=\"lazy\" decoding=\"async\" width=\"1024\" height=\"768\" src=\"https:\/\/maternelle.providence-wavre.be\/wp-content\/uploads\/2024\/10\/IMG-20241001-WA0002-1024x768.jpg\" alt=\"\" data-id=\"5130\" data-full-url=\"https:\/\/maternelle.providence-wavre.be\/wp-content\/uploads\/2024\/10\/IMG-20241001-WA0002.jpg\" data-link=\"https:\/\/maternelle.providence-wavre.be\/?attachment_id=5130\" class=\"wp-image-5130\" srcset=\"https:\/\/maternelle.providence-wavre.be\/wp-content\/uploads\/2024\/10\/IMG-20241001-WA0002-1024x768.jpg 1024w, https:\/\/maternelle.providence-wavre.be\/wp-content\/uploads\/2024\/10\/IMG-20241001-WA0002-300x225.jpg 300w, https:\/\/maternelle.providence-wavre.be\/wp-content\/uploads\/2024\/10\/IMG-20241001-WA0002-768x576.jpg 768w, https:\/\/maternelle.providence-wavre.be\/wp-content\/uploads\/2024\/10\/IMG-20241001-WA0002-1536x1152.jpg 1536w, https:\/\/maternelle.providence-wavre.be\/wp-content\/uploads\/2024\/10\/IMG-20241001-WA0002.jpg 2000w\" sizes=\"auto, (max-width: 767px) 89vw, (max-width: 1000px) 54vw, (max-width: 1071px) 543px, 580px\" \/><\/figure><\/li><li class=\"blocks-gallery-item\"><figure><img loading=\"lazy\" decoding=\"async\" width=\"1024\" height=\"768\" src=\"https:\/\/maternelle.providence-wavre.be\/wp-content\/uploads\/2024\/10\/IMG-20241001-WA0004-1024x768.jpg\" alt=\"\" data-id=\"5131\" data-full-url=\"https:\/\/maternelle.providence-wavre.be\/wp-content\/uploads\/2024\/10\/IMG-20241001-WA0004.jpg\" data-link=\"https:\/\/maternelle.providence-wavre.be\/?attachment_id=5131\" class=\"wp-image-5131\" srcset=\"https:\/\/maternelle.providence-wavre.be\/wp-content\/uploads\/2024\/10\/IMG-20241001-WA0004-1024x768.jpg 1024w, https:\/\/maternelle.providence-wavre.be\/wp-content\/uploads\/2024\/10\/IMG-20241001-WA0004-300x225.jpg 300w, https:\/\/maternelle.providence-wavre.be\/wp-content\/uploads\/2024\/10\/IMG-20241001-WA0004-768x576.jpg 768w, https:\/\/maternelle.providence-wavre.be\/wp-content\/uploads\/2024\/10\/IMG-20241001-WA0004-1536x1152.jpg 1536w, https:\/\/maternelle.providence-wavre.be\/wp-content\/uploads\/2024\/10\/IMG-20241001-WA0004.jpg 2000w\" sizes=\"auto, (max-width: 767px) 89vw, (max-width: 1000px) 54vw, (max-width: 1071px) 543px, 580px\" \/><\/figure><\/li><li class=\"blocks-gallery-item\"><figure><img loading=\"lazy\" decoding=\"async\" width=\"1024\" height=\"768\" src=\"https:\/\/maternelle.providence-wavre.be\/wp-content\/uploads\/2024\/10\/IMG-20241001-WA0005-1024x768.jpg\" alt=\"\" data-id=\"5132\" data-full-url=\"https:\/\/maternelle.providence-wavre.be\/wp-content\/uploads\/2024\/10\/IMG-20241001-WA0005.jpg\" data-link=\"https:\/\/maternelle.providence-wavre.be\/?attachment_id=5132\" class=\"wp-image-5132\" srcset=\"https:\/\/maternelle.providence-wavre.be\/wp-content\/uploads\/2024\/10\/IMG-20241001-WA0005-1024x768.jpg 1024w, https:\/\/maternelle.providence-wavre.be\/wp-content\/uploads\/2024\/10\/IMG-20241001-WA0005-300x225.jpg 300w, https:\/\/maternelle.providence-wavre.be\/wp-content\/uploads\/2024\/10\/IMG-20241001-WA0005-768x576.jpg 768w, https:\/\/maternelle.providence-wavre.be\/wp-content\/uploads\/2024\/10\/IMG-20241001-WA0005-1536x1152.jpg 1536w, https:\/\/maternelle.providence-wavre.be\/wp-content\/uploads\/2024\/10\/IMG-20241001-WA0005.jpg 2000w\" sizes=\"auto, (max-width: 767px) 89vw, (max-width: 1000px) 54vw, (max-width: 1071px) 543px, 580px\" \/><\/figure><\/li><li class=\"blocks-gallery-item\"><figure><img loading=\"lazy\" decoding=\"async\" width=\"768\" height=\"1024\" src=\"https:\/\/maternelle.providence-wavre.be\/wp-content\/uploads\/2024\/10\/IMG-20241001-WA0006-768x1024.jpg\" alt=\"\" data-id=\"5133\" data-full-url=\"https:\/\/maternelle.providence-wavre.be\/wp-content\/uploads\/2024\/10\/IMG-20241001-WA0006.jpg\" data-link=\"https:\/\/maternelle.providence-wavre.be\/?attachment_id=5133\" class=\"wp-image-5133\" srcset=\"https:\/\/maternelle.providence-wavre.be\/wp-content\/uploads\/2024\/10\/IMG-20241001-WA0006-768x1024.jpg 768w, https:\/\/maternelle.providence-wavre.be\/wp-content\/uploads\/2024\/10\/IMG-20241001-WA0006-225x300.jpg 225w, https:\/\/maternelle.providence-wavre.be\/wp-content\/uploads\/2024\/10\/IMG-20241001-WA0006-1152x1536.jpg 1152w, https:\/\/maternelle.providence-wavre.be\/wp-content\/uploads\/2024\/10\/IMG-20241001-WA0006.jpg 1500w\" sizes=\"auto, (max-width: 767px) 89vw, (max-width: 1000px) 54vw, (max-width: 1071px) 543px, 580px\" \/><\/figure><\/li><li class=\"blocks-gallery-item\"><figure><img loading=\"lazy\" decoding=\"async\" width=\"768\" height=\"1024\" src=\"https:\/\/maternelle.providence-wavre.be\/wp-content\/uploads\/2024\/10\/IMG-20241001-WA0010-768x1024.jpg\" alt=\"\" data-id=\"5134\" data-full-url=\"https:\/\/maternelle.providence-wavre.be\/wp-content\/uploads\/2024\/10\/IMG-20241001-WA0010.jpg\" data-link=\"https:\/\/maternelle.providence-wavre.be\/?attachment_id=5134\" class=\"wp-image-5134\" srcset=\"https:\/\/maternelle.providence-wavre.be\/wp-content\/uploads\/2024\/10\/IMG-20241001-WA0010-768x1024.jpg 768w, https:\/\/maternelle.providence-wavre.be\/wp-content\/uploads\/2024\/10\/IMG-20241001-WA0010-225x300.jpg 225w, https:\/\/maternelle.providence-wavre.be\/wp-content\/uploads\/2024\/10\/IMG-20241001-WA0010-1152x1536.jpg 1152w, https:\/\/maternelle.providence-wavre.be\/wp-content\/uploads\/2024\/10\/IMG-20241001-WA0010.jpg 1500w\" sizes=\"auto, (max-width: 767px) 89vw, (max-width: 1000px) 54vw, (max-width: 1071px) 543px, 580px\" \/><\/figure><\/li><li class=\"blocks-gallery-item\"><figure><img loading=\"lazy\" decoding=\"async\" width=\"768\" height=\"1024\" src=\"https:\/\/maternelle.providence-wavre.be\/wp-content\/uploads\/2024\/10\/IMG-20241003-WA0000-768x1024.jpg\" alt=\"\" data-id=\"5135\" data-full-url=\"https:\/\/maternelle.providence-wavre.be\/wp-content\/uploads\/2024\/10\/IMG-20241003-WA0000.jpg\" data-link=\"https:\/\/maternelle.providence-wavre.be\/?attachment_id=5135\" class=\"wp-image-5135\" srcset=\"https:\/\/maternelle.providence-wavre.be\/wp-content\/uploads\/2024\/10\/IMG-20241003-WA0000-768x1024.jpg 768w, https:\/\/maternelle.providence-wavre.be\/wp-content\/uploads\/2024\/10\/IMG-20241003-WA0000-225x300.jpg 225w, https:\/\/maternelle.providence-wavre.be\/wp-content\/uploads\/2024\/10\/IMG-20241003-WA0000-1152x1536.jpg 1152w, https:\/\/maternelle.providence-wavre.be\/wp-content\/uploads\/2024\/10\/IMG-20241003-WA0000.jpg 1200w\" sizes=\"auto, (max-width: 767px) 89vw, (max-width: 1000px) 54vw, (max-width: 1071px) 543px, 580px\" \/><\/figure><\/li><li class=\"blocks-gallery-item\"><figure><img loading=\"lazy\" decoding=\"async\" width=\"768\" height=\"1024\" src=\"https:\/\/maternelle.providence-wavre.be\/wp-content\/uploads\/2024\/10\/IMG-20241003-WA0001-768x1024.jpg\" alt=\"\" data-id=\"5136\" data-full-url=\"https:\/\/maternelle.providence-wavre.be\/wp-content\/uploads\/2024\/10\/IMG-20241003-WA0001.jpg\" data-link=\"https:\/\/maternelle.providence-wavre.be\/?attachment_id=5136\" class=\"wp-image-5136\" srcset=\"https:\/\/maternelle.providence-wavre.be\/wp-content\/uploads\/2024\/10\/IMG-20241003-WA0001-768x1024.jpg 768w, https:\/\/maternelle.providence-wavre.be\/wp-content\/uploads\/2024\/10\/IMG-20241003-WA0001-225x300.jpg 225w, https:\/\/maternelle.providence-wavre.be\/wp-content\/uploads\/2024\/10\/IMG-20241003-WA0001-1152x1536.jpg 1152w, https:\/\/maternelle.providence-wavre.be\/wp-content\/uploads\/2024\/10\/IMG-20241003-WA0001.jpg 1200w\" sizes=\"auto, (max-width: 767px) 89vw, (max-width: 1000px) 54vw, (max-width: 1071px) 543px, 580px\" \/><\/figure><\/li><li class=\"blocks-gallery-item\"><figure><img loading=\"lazy\" decoding=\"async\" width=\"1024\" height=\"913\" src=\"https:\/\/maternelle.providence-wavre.be\/wp-content\/uploads\/2024\/10\/IMG-20241003-WA0005-1024x913.jpg\" alt=\"\" data-id=\"5137\" data-full-url=\"https:\/\/maternelle.providence-wavre.be\/wp-content\/uploads\/2024\/10\/IMG-20241003-WA0005.jpg\" data-link=\"https:\/\/maternelle.providence-wavre.be\/?attachment_id=5137\" class=\"wp-image-5137\" srcset=\"https:\/\/maternelle.providence-wavre.be\/wp-content\/uploads\/2024\/10\/IMG-20241003-WA0005-1024x913.jpg 1024w, https:\/\/maternelle.providence-wavre.be\/wp-content\/uploads\/2024\/10\/IMG-20241003-WA0005-300x267.jpg 300w, https:\/\/maternelle.providence-wavre.be\/wp-content\/uploads\/2024\/10\/IMG-20241003-WA0005-768x684.jpg 768w, https:\/\/maternelle.providence-wavre.be\/wp-content\/uploads\/2024\/10\/IMG-20241003-WA0005-1536x1369.jpg 1536w, https:\/\/maternelle.providence-wavre.be\/wp-content\/uploads\/2024\/10\/IMG-20241003-WA0005.jpg 1600w\" sizes=\"auto, (max-width: 767px) 89vw, (max-width: 1000px) 54vw, (max-width: 1071px) 543px, 580px\" \/><\/figure><\/li><li class=\"blocks-gallery-item\"><figure><img loading=\"lazy\" decoding=\"async\" width=\"768\" height=\"1024\" src=\"https:\/\/maternelle.providence-wavre.be\/wp-content\/uploads\/2024\/10\/IMG-20241003-WA0010-768x1024.jpg\" alt=\"\" data-id=\"5138\" data-full-url=\"https:\/\/maternelle.providence-wavre.be\/wp-content\/uploads\/2024\/10\/IMG-20241003-WA0010.jpg\" data-link=\"https:\/\/maternelle.providence-wavre.be\/?attachment_id=5138\" class=\"wp-image-5138\" srcset=\"https:\/\/maternelle.providence-wavre.be\/wp-content\/uploads\/2024\/10\/IMG-20241003-WA0010-768x1024.jpg 768w, https:\/\/maternelle.providence-wavre.be\/wp-content\/uploads\/2024\/10\/IMG-20241003-WA0010-225x300.jpg 225w, https:\/\/maternelle.providence-wavre.be\/wp-content\/uploads\/2024\/10\/IMG-20241003-WA0010-1152x1536.jpg 1152w, https:\/\/maternelle.providence-wavre.be\/wp-content\/uploads\/2024\/10\/IMG-20241003-WA0010.jpg 1200w\" sizes=\"auto, (max-width: 767px) 89vw, (max-width: 1000px) 54vw, (max-width: 1071px) 543px, 580px\" \/><\/figure><\/li><li class=\"blocks-gallery-item\"><figure><img loading=\"lazy\" decoding=\"async\" width=\"1024\" height=\"768\" src=\"https:\/\/maternelle.providence-wavre.be\/wp-content\/uploads\/2024\/10\/IMG-20241003-WA0032-1024x768.jpg\" alt=\"\" data-id=\"5139\" data-full-url=\"https:\/\/maternelle.providence-wavre.be\/wp-content\/uploads\/2024\/10\/IMG-20241003-WA0032.jpg\" data-link=\"https:\/\/maternelle.providence-wavre.be\/?attachment_id=5139\" class=\"wp-image-5139\" srcset=\"https:\/\/maternelle.providence-wavre.be\/wp-content\/uploads\/2024\/10\/IMG-20241003-WA0032-1024x768.jpg 1024w, https:\/\/maternelle.providence-wavre.be\/wp-content\/uploads\/2024\/10\/IMG-20241003-WA0032-300x225.jpg 300w, https:\/\/maternelle.providence-wavre.be\/wp-content\/uploads\/2024\/10\/IMG-20241003-WA0032-768x576.jpg 768w, https:\/\/maternelle.providence-wavre.be\/wp-content\/uploads\/2024\/10\/IMG-20241003-WA0032-1536x1152.jpg 1536w, https:\/\/maternelle.providence-wavre.be\/wp-content\/uploads\/2024\/10\/IMG-20241003-WA0032.jpg 1600w\" sizes=\"auto, (max-width: 767px) 89vw, (max-width: 1000px) 54vw, (max-width: 1071px) 543px, 580px\" \/><\/figure><\/li><li class=\"blocks-gallery-item\"><figure><img loading=\"lazy\" decoding=\"async\" width=\"768\" height=\"1024\" src=\"https:\/\/maternelle.providence-wavre.be\/wp-content\/uploads\/2024\/10\/IMG-20241003-WA0033-768x1024.jpg\" alt=\"\" data-id=\"5140\" data-full-url=\"https:\/\/maternelle.providence-wavre.be\/wp-content\/uploads\/2024\/10\/IMG-20241003-WA0033.jpg\" data-link=\"https:\/\/maternelle.providence-wavre.be\/?attachment_id=5140\" class=\"wp-image-5140\" srcset=\"https:\/\/maternelle.providence-wavre.be\/wp-content\/uploads\/2024\/10\/IMG-20241003-WA0033-768x1024.jpg 768w, https:\/\/maternelle.providence-wavre.be\/wp-content\/uploads\/2024\/10\/IMG-20241003-WA0033-225x300.jpg 225w, https:\/\/maternelle.providence-wavre.be\/wp-content\/uploads\/2024\/10\/IMG-20241003-WA0033-1152x1536.jpg 1152w, https:\/\/maternelle.providence-wavre.be\/wp-content\/uploads\/2024\/10\/IMG-20241003-WA0033.jpg 1200w\" sizes=\"auto, (max-width: 767px) 89vw, (max-width: 1000px) 54vw, (max-width: 1071px) 543px, 580px\" \/><\/figure><\/li><li class=\"blocks-gallery-item\"><figure><img loading=\"lazy\" decoding=\"async\" width=\"461\" height=\"1024\" src=\"https:\/\/maternelle.providence-wavre.be\/wp-content\/uploads\/2024\/10\/IMG-20241003-WA0060-461x1024.jpg\" alt=\"\" data-id=\"5141\" data-full-url=\"https:\/\/maternelle.providence-wavre.be\/wp-content\/uploads\/2024\/10\/IMG-20241003-WA0060.jpg\" data-link=\"https:\/\/maternelle.providence-wavre.be\/?attachment_id=5141\" class=\"wp-image-5141\" srcset=\"https:\/\/maternelle.providence-wavre.be\/wp-content\/uploads\/2024\/10\/IMG-20241003-WA0060-461x1024.jpg 461w, https:\/\/maternelle.providence-wavre.be\/wp-content\/uploads\/2024\/10\/IMG-20241003-WA0060-135x300.jpg 135w, https:\/\/maternelle.providence-wavre.be\/wp-content\/uploads\/2024\/10\/IMG-20241003-WA0060-768x1707.jpg 768w, https:\/\/maternelle.providence-wavre.be\/wp-content\/uploads\/2024\/10\/IMG-20241003-WA0060-691x1536.jpg 691w, https:\/\/maternelle.providence-wavre.be\/wp-content\/uploads\/2024\/10\/IMG-20241003-WA0060.jpg 900w\" sizes=\"auto, (max-width: 461px) 100vw, 461px\" \/><\/figure><\/li><li class=\"blocks-gallery-item\"><figure><img loading=\"lazy\" decoding=\"async\" width=\"461\" height=\"1024\" src=\"https:\/\/maternelle.providence-wavre.be\/wp-content\/uploads\/2024\/10\/IMG-20241003-WA0066-461x1024.jpg\" alt=\"\" data-id=\"5142\" data-full-url=\"https:\/\/maternelle.providence-wavre.be\/wp-content\/uploads\/2024\/10\/IMG-20241003-WA0066.jpg\" data-link=\"https:\/\/maternelle.providence-wavre.be\/?attachment_id=5142\" class=\"wp-image-5142\" srcset=\"https:\/\/maternelle.providence-wavre.be\/wp-content\/uploads\/2024\/10\/IMG-20241003-WA0066-461x1024.jpg 461w, https:\/\/maternelle.providence-wavre.be\/wp-content\/uploads\/2024\/10\/IMG-20241003-WA0066-135x300.jpg 135w, https:\/\/maternelle.providence-wavre.be\/wp-content\/uploads\/2024\/10\/IMG-20241003-WA0066-768x1707.jpg 768w, https:\/\/maternelle.providence-wavre.be\/wp-content\/uploads\/2024\/10\/IMG-20241003-WA0066-691x1536.jpg 691w, https:\/\/maternelle.providence-wavre.be\/wp-content\/uploads\/2024\/10\/IMG-20241003-WA0066.jpg 900w\" sizes=\"auto, (max-width: 461px) 100vw, 461px\" \/><\/figure><\/li><\/ul><\/figure>\n","protected":false},"excerpt":{"rendered":"<p>Ce mardi 1er octobre, tous les enfants de notre \u00e9cole accompagn\u00e9s de toute l\u2019\u00e9quipe \u00e9ducative ont parcouru un trac\u00e9 dans les rues de Wavre afin d\u2019effectuer leur marche parrain\u00e9e annuelle. Une belle r\u00e9compense attendait nos petits marcheurs \u00e0 la fin du parcours : une visite \u00e0 la plaine de jeux! Nous tenions \u00e0 remercier toutes &hellip; <\/p>\n<p class=\"link-more\"><a href=\"https:\/\/maternelle.providence-wavre.be\/index.php\/marche-parrainee\/\" class=\"more-link\">Continuer la lecture<span class=\"screen-reader-text\"> de &laquo;&nbsp;Marche parrain\u00e9e&nbsp;&raquo;<\/span><\/a><\/p>\n","protected":false},"author":1,"featured_media":0,"parent":0,"menu_order":0,"comment_status":"closed","ping_status":"closed","template":"","meta":{"footnotes":""},"class_list":["post-5129","page","type-page","status-publish","hentry"],"_links":{"self":[{"href":"https:\/\/maternelle.providence-wavre.be\/index.php\/wp-json\/wp\/v2\/pages\/5129","targetHints":{"allow":["GET"]}}],"collection":[{"href":"https:\/\/maternelle.providence-wavre.be\/index.php\/wp-json\/wp\/v2\/pages"}],"about":[{"href":"https:\/\/maternelle.providence-wavre.be\/index.php\/wp-json\/wp\/v2\/types\/page"}],"author":[{"embeddable":true,"href":"https:\/\/maternelle.providence-wavre.be\/index.php\/wp-json\/wp\/v2\/users\/1"}],"replies":[{"embeddable":true,"href":"https:\/\/maternelle.providence-wavre.be\/index.php\/wp-json\/wp\/v2\/comments?post=5129"}],"version-history":[{"count":1,"href":"https:\/\/maternelle.providence-wavre.be\/index.php\/wp-json\/wp\/v2\/pages\/5129\/revisions"}],"predecessor-version":[{"id":5145,"href":"https:\/\/maternelle.providence-wavre.be\/index.php\/wp-json\/wp\/v2\/pages\/5129\/revisions\/5145"}],"wp:attachment":[{"href":"https:\/\/maternelle.providence-wavre.be\/index.php\/wp-json\/wp\/v2\/media?parent=5129"}],"curies":[{"name":"wp","href":"https:\/\/api.w.org\/{rel}","templated":true}]}}