{"id":5618,"date":"2025-03-17T15:36:51","date_gmt":"2025-03-17T14:36:51","guid":{"rendered":"https:\/\/maternelle.providence-wavre.be\/?page_id=5618"},"modified":"2025-03-17T15:36:51","modified_gmt":"2025-03-17T14:36:51","slug":"journee-ecole-en-pyjama","status":"publish","type":"page","link":"https:\/\/maternelle.providence-wavre.be\/index.php\/journee-ecole-en-pyjama\/","title":{"rendered":"Journ\u00e9e \u00e9cole en pyjama&#8230;"},"content":{"rendered":"\n<p>La Journ\u00e9e Pyjama est un\u00a0<strong>\u00e9v\u00e8nement annuel<\/strong>\u00a0de sensibilisation \u00e0 la cause des enfants malades de longue dur\u00e9e : le pyjama symbolise ces enfants qui passent leur journ\u00e9e \u00e0 la maison ou \u00e0 l&rsquo;h\u00f4pital, ne pouvant pas se rendre \u00e0 l&rsquo;\u00e9cole \u00e0 cause de leurs probl\u00e8mes de sant\u00e9.<\/p>\n\n\n\n<p>Dans notre \u00e9cole, nous avons d\u00e9cid\u00e9 de soutenir cette cause et de sensibiliser les enfants \u00e0 la chance que l&rsquo;on a lorsque l&rsquo;on a une bonne sant\u00e9! Et comme \u00e0 chaque \u00e9v\u00e8nement, les enseignantes aussi ont jou\u00e9 le jeu.<\/p>\n\n\n\n<figure class=\"wp-block-image size-large\"><img loading=\"lazy\" decoding=\"async\" width=\"1024\" height=\"461\" src=\"https:\/\/maternelle.providence-wavre.be\/wp-content\/uploads\/2025\/03\/IMG-20250314-WA0088-1-1024x461.jpg\" alt=\"\" class=\"wp-image-5621\" srcset=\"https:\/\/maternelle.providence-wavre.be\/wp-content\/uploads\/2025\/03\/IMG-20250314-WA0088-1-1024x461.jpg 1024w, https:\/\/maternelle.providence-wavre.be\/wp-content\/uploads\/2025\/03\/IMG-20250314-WA0088-1-300x135.jpg 300w, https:\/\/maternelle.providence-wavre.be\/wp-content\/uploads\/2025\/03\/IMG-20250314-WA0088-1-768x346.jpg 768w, https:\/\/maternelle.providence-wavre.be\/wp-content\/uploads\/2025\/03\/IMG-20250314-WA0088-1-1536x691.jpg 1536w, https:\/\/maternelle.providence-wavre.be\/wp-content\/uploads\/2025\/03\/IMG-20250314-WA0088-1.jpg 2000w\" sizes=\"auto, (max-width: 767px) 89vw, (max-width: 1000px) 54vw, (max-width: 1071px) 543px, 580px\" \/><\/figure>\n\n\n\n<figure class=\"wp-block-image size-large\"><img loading=\"lazy\" decoding=\"async\" width=\"1024\" height=\"461\" src=\"https:\/\/maternelle.providence-wavre.be\/wp-content\/uploads\/2025\/03\/IMG-20250314-WA0087-1-1024x461.jpg\" alt=\"\" class=\"wp-image-5622\" srcset=\"https:\/\/maternelle.providence-wavre.be\/wp-content\/uploads\/2025\/03\/IMG-20250314-WA0087-1-1024x461.jpg 1024w, https:\/\/maternelle.providence-wavre.be\/wp-content\/uploads\/2025\/03\/IMG-20250314-WA0087-1-300x135.jpg 300w, https:\/\/maternelle.providence-wavre.be\/wp-content\/uploads\/2025\/03\/IMG-20250314-WA0087-1-768x346.jpg 768w, https:\/\/maternelle.providence-wavre.be\/wp-content\/uploads\/2025\/03\/IMG-20250314-WA0087-1-1536x691.jpg 1536w, https:\/\/maternelle.providence-wavre.be\/wp-content\/uploads\/2025\/03\/IMG-20250314-WA0087-1.jpg 2000w\" sizes=\"auto, (max-width: 767px) 89vw, (max-width: 1000px) 54vw, (max-width: 1071px) 543px, 580px\" \/><\/figure>\n","protected":false},"excerpt":{"rendered":"<p>La Journ\u00e9e Pyjama est un\u00a0\u00e9v\u00e8nement annuel\u00a0de sensibilisation \u00e0 la cause des enfants malades de longue dur\u00e9e : le pyjama symbolise ces enfants qui passent leur journ\u00e9e \u00e0 la maison ou \u00e0 l&rsquo;h\u00f4pital, ne pouvant pas se rendre \u00e0 l&rsquo;\u00e9cole \u00e0 cause de leurs probl\u00e8mes de sant\u00e9. Dans notre \u00e9cole, nous avons d\u00e9cid\u00e9 de soutenir cette &hellip; <\/p>\n<p class=\"link-more\"><a href=\"https:\/\/maternelle.providence-wavre.be\/index.php\/journee-ecole-en-pyjama\/\" class=\"more-link\">Continuer la lecture<span class=\"screen-reader-text\"> de &laquo;&nbsp;Journ\u00e9e \u00e9cole en pyjama&#8230;&nbsp;&raquo;<\/span><\/a><\/p>\n","protected":false},"author":1,"featured_media":0,"parent":0,"menu_order":0,"comment_status":"closed","ping_status":"closed","template":"","meta":{"footnotes":""},"class_list":["post-5618","page","type-page","status-publish","hentry"],"_links":{"self":[{"href":"https:\/\/maternelle.providence-wavre.be\/index.php\/wp-json\/wp\/v2\/pages\/5618","targetHints":{"allow":["GET"]}}],"collection":[{"href":"https:\/\/maternelle.providence-wavre.be\/index.php\/wp-json\/wp\/v2\/pages"}],"about":[{"href":"https:\/\/maternelle.providence-wavre.be\/index.php\/wp-json\/wp\/v2\/types\/page"}],"author":[{"embeddable":true,"href":"https:\/\/maternelle.providence-wavre.be\/index.php\/wp-json\/wp\/v2\/users\/1"}],"replies":[{"embeddable":true,"href":"https:\/\/maternelle.providence-wavre.be\/index.php\/wp-json\/wp\/v2\/comments?post=5618"}],"version-history":[{"count":1,"href":"https:\/\/maternelle.providence-wavre.be\/index.php\/wp-json\/wp\/v2\/pages\/5618\/revisions"}],"predecessor-version":[{"id":5625,"href":"https:\/\/maternelle.providence-wavre.be\/index.php\/wp-json\/wp\/v2\/pages\/5618\/revisions\/5625"}],"wp:attachment":[{"href":"https:\/\/maternelle.providence-wavre.be\/index.php\/wp-json\/wp\/v2\/media?parent=5618"}],"curies":[{"name":"wp","href":"https:\/\/api.w.org\/{rel}","templated":true}]}}