{"id":5670,"date":"2025-03-18T10:31:49","date_gmt":"2025-03-18T09:31:49","guid":{"rendered":"https:\/\/maternelle.providence-wavre.be\/?page_id=5670"},"modified":"2025-03-18T10:31:49","modified_gmt":"2025-03-18T09:31:49","slug":"mon-corps-et-moi","status":"publish","type":"page","link":"https:\/\/maternelle.providence-wavre.be\/index.php\/mon-corps-et-moi\/","title":{"rendered":"Mon corps et moi"},"content":{"rendered":"\n<p>Les M2 et M3 ont eu une animation \u00e0 l&rsquo;\u00e9cole avec le centre de sant\u00e9 de Wavre. Cette animation a \u00e9t\u00e9 sp\u00e9cialement con\u00e7ue pour les enfants. Elle permet de d\u00e9couvrir son corps, m\u00eame si \u00e0 cet \u00e2ge, l&rsquo;enfant en sait d\u00e9j\u00e0 beaucoup. Un \u00e9veil \u00e0 soi et aux autres qui apparemment les a fait beaucoup rire. Un chouette moment de partage et de transmission des connaissances. <\/p>\n\n\n\n<figure class=\"wp-block-gallery has-nested-images columns-default is-cropped wp-block-gallery-1 is-layout-flex wp-block-gallery-is-layout-flex\">\n<figure class=\"wp-block-image size-large\"><img loading=\"lazy\" decoding=\"async\" width=\"1024\" height=\"496\" data-id=\"5671\" src=\"https:\/\/maternelle.providence-wavre.be\/wp-content\/uploads\/2025\/03\/IMG-20250317-WA0014-1024x496.jpg\" alt=\"\" class=\"wp-image-5671\" srcset=\"https:\/\/maternelle.providence-wavre.be\/wp-content\/uploads\/2025\/03\/IMG-20250317-WA0014-1024x496.jpg 1024w, https:\/\/maternelle.providence-wavre.be\/wp-content\/uploads\/2025\/03\/IMG-20250317-WA0014-300x145.jpg 300w, https:\/\/maternelle.providence-wavre.be\/wp-content\/uploads\/2025\/03\/IMG-20250317-WA0014-768x372.jpg 768w, https:\/\/maternelle.providence-wavre.be\/wp-content\/uploads\/2025\/03\/IMG-20250317-WA0014-1536x743.jpg 1536w, https:\/\/maternelle.providence-wavre.be\/wp-content\/uploads\/2025\/03\/IMG-20250317-WA0014.jpg 2000w\" sizes=\"auto, (max-width: 767px) 89vw, (max-width: 1000px) 54vw, (max-width: 1071px) 543px, 580px\" \/><\/figure>\n\n\n\n<figure class=\"wp-block-image size-large\"><img loading=\"lazy\" decoding=\"async\" width=\"496\" height=\"1024\" data-id=\"5672\" src=\"https:\/\/maternelle.providence-wavre.be\/wp-content\/uploads\/2025\/03\/IMG-20250317-WA0015-496x1024.jpg\" alt=\"\" class=\"wp-image-5672\" srcset=\"https:\/\/maternelle.providence-wavre.be\/wp-content\/uploads\/2025\/03\/IMG-20250317-WA0015-496x1024.jpg 496w, https:\/\/maternelle.providence-wavre.be\/wp-content\/uploads\/2025\/03\/IMG-20250317-WA0015-145x300.jpg 145w, https:\/\/maternelle.providence-wavre.be\/wp-content\/uploads\/2025\/03\/IMG-20250317-WA0015-768x1587.jpg 768w, https:\/\/maternelle.providence-wavre.be\/wp-content\/uploads\/2025\/03\/IMG-20250317-WA0015-743x1536.jpg 743w, https:\/\/maternelle.providence-wavre.be\/wp-content\/uploads\/2025\/03\/IMG-20250317-WA0015.jpg 968w\" sizes=\"auto, (max-width: 496px) 100vw, 496px\" \/><\/figure>\n<\/figure>\n\n\n\n<figure class=\"wp-block-gallery has-nested-images columns-default is-cropped wp-block-gallery-2 is-layout-flex wp-block-gallery-is-layout-flex\">\n<figure class=\"wp-block-image size-large\"><img loading=\"lazy\" decoding=\"async\" width=\"496\" height=\"1024\" data-id=\"5673\" src=\"https:\/\/maternelle.providence-wavre.be\/wp-content\/uploads\/2025\/03\/IMG-20250317-WA0017-496x1024.jpg\" alt=\"\" class=\"wp-image-5673\" srcset=\"https:\/\/maternelle.providence-wavre.be\/wp-content\/uploads\/2025\/03\/IMG-20250317-WA0017-496x1024.jpg 496w, https:\/\/maternelle.providence-wavre.be\/wp-content\/uploads\/2025\/03\/IMG-20250317-WA0017-145x300.jpg 145w, https:\/\/maternelle.providence-wavre.be\/wp-content\/uploads\/2025\/03\/IMG-20250317-WA0017-768x1587.jpg 768w, https:\/\/maternelle.providence-wavre.be\/wp-content\/uploads\/2025\/03\/IMG-20250317-WA0017-743x1536.jpg 743w, https:\/\/maternelle.providence-wavre.be\/wp-content\/uploads\/2025\/03\/IMG-20250317-WA0017.jpg 968w\" sizes=\"auto, (max-width: 496px) 100vw, 496px\" \/><\/figure>\n<\/figure>\n\n\n\n<figure class=\"wp-block-gallery has-nested-images columns-default is-cropped wp-block-gallery-3 is-layout-flex wp-block-gallery-is-layout-flex\">\n<figure class=\"wp-block-image size-large\"><img loading=\"lazy\" decoding=\"async\" width=\"496\" height=\"1024\" data-id=\"5677\" src=\"https:\/\/maternelle.providence-wavre.be\/wp-content\/uploads\/2025\/03\/IMG-20250317-WA0016-496x1024.jpg\" alt=\"\" class=\"wp-image-5677\" srcset=\"https:\/\/maternelle.providence-wavre.be\/wp-content\/uploads\/2025\/03\/IMG-20250317-WA0016-496x1024.jpg 496w, https:\/\/maternelle.providence-wavre.be\/wp-content\/uploads\/2025\/03\/IMG-20250317-WA0016-145x300.jpg 145w, https:\/\/maternelle.providence-wavre.be\/wp-content\/uploads\/2025\/03\/IMG-20250317-WA0016-768x1587.jpg 768w, https:\/\/maternelle.providence-wavre.be\/wp-content\/uploads\/2025\/03\/IMG-20250317-WA0016-743x1536.jpg 743w, https:\/\/maternelle.providence-wavre.be\/wp-content\/uploads\/2025\/03\/IMG-20250317-WA0016.jpg 968w\" sizes=\"auto, (max-width: 496px) 100vw, 496px\" \/><\/figure>\n\n\n\n<figure class=\"wp-block-image size-large\"><img loading=\"lazy\" decoding=\"async\" width=\"496\" height=\"1024\" data-id=\"5674\" src=\"https:\/\/maternelle.providence-wavre.be\/wp-content\/uploads\/2025\/03\/IMG-20250317-WA0020-496x1024.jpg\" alt=\"\" class=\"wp-image-5674\" srcset=\"https:\/\/maternelle.providence-wavre.be\/wp-content\/uploads\/2025\/03\/IMG-20250317-WA0020-496x1024.jpg 496w, https:\/\/maternelle.providence-wavre.be\/wp-content\/uploads\/2025\/03\/IMG-20250317-WA0020-145x300.jpg 145w, https:\/\/maternelle.providence-wavre.be\/wp-content\/uploads\/2025\/03\/IMG-20250317-WA0020-768x1587.jpg 768w, https:\/\/maternelle.providence-wavre.be\/wp-content\/uploads\/2025\/03\/IMG-20250317-WA0020-743x1536.jpg 743w, https:\/\/maternelle.providence-wavre.be\/wp-content\/uploads\/2025\/03\/IMG-20250317-WA0020.jpg 968w\" sizes=\"auto, (max-width: 496px) 100vw, 496px\" \/><\/figure>\n\n\n\n<figure class=\"wp-block-image size-large\"><img loading=\"lazy\" decoding=\"async\" width=\"496\" height=\"1024\" data-id=\"5676\" src=\"https:\/\/maternelle.providence-wavre.be\/wp-content\/uploads\/2025\/03\/IMG-20250317-WA0021-496x1024.jpg\" alt=\"\" class=\"wp-image-5676\" srcset=\"https:\/\/maternelle.providence-wavre.be\/wp-content\/uploads\/2025\/03\/IMG-20250317-WA0021-496x1024.jpg 496w, https:\/\/maternelle.providence-wavre.be\/wp-content\/uploads\/2025\/03\/IMG-20250317-WA0021-145x300.jpg 145w, https:\/\/maternelle.providence-wavre.be\/wp-content\/uploads\/2025\/03\/IMG-20250317-WA0021-768x1587.jpg 768w, https:\/\/maternelle.providence-wavre.be\/wp-content\/uploads\/2025\/03\/IMG-20250317-WA0021-743x1536.jpg 743w, https:\/\/maternelle.providence-wavre.be\/wp-content\/uploads\/2025\/03\/IMG-20250317-WA0021.jpg 968w\" sizes=\"auto, (max-width: 496px) 100vw, 496px\" \/><\/figure>\n\n\n\n<figure class=\"wp-block-image size-large\"><img loading=\"lazy\" decoding=\"async\" width=\"496\" height=\"1024\" data-id=\"5675\" src=\"https:\/\/maternelle.providence-wavre.be\/wp-content\/uploads\/2025\/03\/IMG-20250317-WA0024-496x1024.jpg\" alt=\"\" class=\"wp-image-5675\" srcset=\"https:\/\/maternelle.providence-wavre.be\/wp-content\/uploads\/2025\/03\/IMG-20250317-WA0024-496x1024.jpg 496w, https:\/\/maternelle.providence-wavre.be\/wp-content\/uploads\/2025\/03\/IMG-20250317-WA0024-145x300.jpg 145w, https:\/\/maternelle.providence-wavre.be\/wp-content\/uploads\/2025\/03\/IMG-20250317-WA0024-768x1587.jpg 768w, https:\/\/maternelle.providence-wavre.be\/wp-content\/uploads\/2025\/03\/IMG-20250317-WA0024-743x1536.jpg 743w, https:\/\/maternelle.providence-wavre.be\/wp-content\/uploads\/2025\/03\/IMG-20250317-WA0024.jpg 968w\" sizes=\"auto, (max-width: 496px) 100vw, 496px\" \/><\/figure>\n<\/figure>\n\n\n\n<figure class=\"wp-block-gallery has-nested-images columns-default is-cropped wp-block-gallery-4 is-layout-flex wp-block-gallery-is-layout-flex\">\n<figure class=\"wp-block-image size-large\"><img loading=\"lazy\" decoding=\"async\" width=\"496\" height=\"1024\" data-id=\"5680\" src=\"https:\/\/maternelle.providence-wavre.be\/wp-content\/uploads\/2025\/03\/IMG-20250317-WA0018-496x1024.jpg\" alt=\"\" class=\"wp-image-5680\" srcset=\"https:\/\/maternelle.providence-wavre.be\/wp-content\/uploads\/2025\/03\/IMG-20250317-WA0018-496x1024.jpg 496w, https:\/\/maternelle.providence-wavre.be\/wp-content\/uploads\/2025\/03\/IMG-20250317-WA0018-145x300.jpg 145w, https:\/\/maternelle.providence-wavre.be\/wp-content\/uploads\/2025\/03\/IMG-20250317-WA0018-768x1587.jpg 768w, https:\/\/maternelle.providence-wavre.be\/wp-content\/uploads\/2025\/03\/IMG-20250317-WA0018-743x1536.jpg 743w, https:\/\/maternelle.providence-wavre.be\/wp-content\/uploads\/2025\/03\/IMG-20250317-WA0018.jpg 968w\" sizes=\"auto, (max-width: 496px) 100vw, 496px\" \/><\/figure>\n\n\n\n<figure class=\"wp-block-image size-large\"><img loading=\"lazy\" decoding=\"async\" width=\"496\" height=\"1024\" data-id=\"5682\" src=\"https:\/\/maternelle.providence-wavre.be\/wp-content\/uploads\/2025\/03\/IMG-20250317-WA0019-496x1024.jpg\" alt=\"\" class=\"wp-image-5682\" srcset=\"https:\/\/maternelle.providence-wavre.be\/wp-content\/uploads\/2025\/03\/IMG-20250317-WA0019-496x1024.jpg 496w, https:\/\/maternelle.providence-wavre.be\/wp-content\/uploads\/2025\/03\/IMG-20250317-WA0019-145x300.jpg 145w, https:\/\/maternelle.providence-wavre.be\/wp-content\/uploads\/2025\/03\/IMG-20250317-WA0019-768x1587.jpg 768w, https:\/\/maternelle.providence-wavre.be\/wp-content\/uploads\/2025\/03\/IMG-20250317-WA0019-743x1536.jpg 743w, https:\/\/maternelle.providence-wavre.be\/wp-content\/uploads\/2025\/03\/IMG-20250317-WA0019.jpg 968w\" sizes=\"auto, (max-width: 496px) 100vw, 496px\" \/><\/figure>\n\n\n\n<figure class=\"wp-block-image size-large\"><img loading=\"lazy\" decoding=\"async\" width=\"496\" height=\"1024\" data-id=\"5679\" src=\"https:\/\/maternelle.providence-wavre.be\/wp-content\/uploads\/2025\/03\/IMG-20250317-WA0022-496x1024.jpg\" alt=\"\" class=\"wp-image-5679\" srcset=\"https:\/\/maternelle.providence-wavre.be\/wp-content\/uploads\/2025\/03\/IMG-20250317-WA0022-496x1024.jpg 496w, https:\/\/maternelle.providence-wavre.be\/wp-content\/uploads\/2025\/03\/IMG-20250317-WA0022-145x300.jpg 145w, https:\/\/maternelle.providence-wavre.be\/wp-content\/uploads\/2025\/03\/IMG-20250317-WA0022-768x1587.jpg 768w, https:\/\/maternelle.providence-wavre.be\/wp-content\/uploads\/2025\/03\/IMG-20250317-WA0022-743x1536.jpg 743w, https:\/\/maternelle.providence-wavre.be\/wp-content\/uploads\/2025\/03\/IMG-20250317-WA0022.jpg 968w\" sizes=\"auto, (max-width: 496px) 100vw, 496px\" \/><\/figure>\n\n\n\n<figure class=\"wp-block-image size-large\"><img loading=\"lazy\" decoding=\"async\" width=\"496\" height=\"1024\" data-id=\"5681\" src=\"https:\/\/maternelle.providence-wavre.be\/wp-content\/uploads\/2025\/03\/IMG-20250317-WA0023-496x1024.jpg\" alt=\"\" class=\"wp-image-5681\" srcset=\"https:\/\/maternelle.providence-wavre.be\/wp-content\/uploads\/2025\/03\/IMG-20250317-WA0023-496x1024.jpg 496w, https:\/\/maternelle.providence-wavre.be\/wp-content\/uploads\/2025\/03\/IMG-20250317-WA0023-145x300.jpg 145w, https:\/\/maternelle.providence-wavre.be\/wp-content\/uploads\/2025\/03\/IMG-20250317-WA0023-768x1587.jpg 768w, https:\/\/maternelle.providence-wavre.be\/wp-content\/uploads\/2025\/03\/IMG-20250317-WA0023-743x1536.jpg 743w, https:\/\/maternelle.providence-wavre.be\/wp-content\/uploads\/2025\/03\/IMG-20250317-WA0023.jpg 968w\" sizes=\"auto, (max-width: 496px) 100vw, 496px\" \/><\/figure>\n<\/figure>\n","protected":false},"excerpt":{"rendered":"<p>Les M2 et M3 ont eu une animation \u00e0 l&rsquo;\u00e9cole avec le centre de sant\u00e9 de Wavre. Cette animation a \u00e9t\u00e9 sp\u00e9cialement con\u00e7ue pour les enfants. Elle permet de d\u00e9couvrir son corps, m\u00eame si \u00e0 cet \u00e2ge, l&rsquo;enfant en sait d\u00e9j\u00e0 beaucoup. Un \u00e9veil \u00e0 soi et aux autres qui apparemment les a fait beaucoup &hellip; <\/p>\n<p class=\"link-more\"><a href=\"https:\/\/maternelle.providence-wavre.be\/index.php\/mon-corps-et-moi\/\" class=\"more-link\">Continuer la lecture<span class=\"screen-reader-text\"> de &laquo;&nbsp;Mon corps et moi&nbsp;&raquo;<\/span><\/a><\/p>\n","protected":false},"author":1,"featured_media":0,"parent":0,"menu_order":0,"comment_status":"closed","ping_status":"closed","template":"","meta":{"footnotes":""},"class_list":["post-5670","page","type-page","status-publish","hentry"],"_links":{"self":[{"href":"https:\/\/maternelle.providence-wavre.be\/index.php\/wp-json\/wp\/v2\/pages\/5670","targetHints":{"allow":["GET"]}}],"collection":[{"href":"https:\/\/maternelle.providence-wavre.be\/index.php\/wp-json\/wp\/v2\/pages"}],"about":[{"href":"https:\/\/maternelle.providence-wavre.be\/index.php\/wp-json\/wp\/v2\/types\/page"}],"author":[{"embeddable":true,"href":"https:\/\/maternelle.providence-wavre.be\/index.php\/wp-json\/wp\/v2\/users\/1"}],"replies":[{"embeddable":true,"href":"https:\/\/maternelle.providence-wavre.be\/index.php\/wp-json\/wp\/v2\/comments?post=5670"}],"version-history":[{"count":1,"href":"https:\/\/maternelle.providence-wavre.be\/index.php\/wp-json\/wp\/v2\/pages\/5670\/revisions"}],"predecessor-version":[{"id":5685,"href":"https:\/\/maternelle.providence-wavre.be\/index.php\/wp-json\/wp\/v2\/pages\/5670\/revisions\/5685"}],"wp:attachment":[{"href":"https:\/\/maternelle.providence-wavre.be\/index.php\/wp-json\/wp\/v2\/media?parent=5670"}],"curies":[{"name":"wp","href":"https:\/\/api.w.org\/{rel}","templated":true}]}}