{"id":5694,"date":"2025-04-08T09:49:53","date_gmt":"2025-04-08T07:49:53","guid":{"rendered":"https:\/\/maternelle.providence-wavre.be\/?page_id=5694"},"modified":"2025-04-15T11:54:28","modified_gmt":"2025-04-15T09:54:28","slug":"festival-du-livre-dans-notre-ecole","status":"publish","type":"page","link":"https:\/\/maternelle.providence-wavre.be\/index.php\/festival-du-livre-dans-notre-ecole\/","title":{"rendered":"Festival du livre dans notre \u00e9cole"},"content":{"rendered":"\n<figure class=\"wp-block-image size-full\"><img loading=\"lazy\" decoding=\"async\" width=\"539\" height=\"163\" src=\"https:\/\/maternelle.providence-wavre.be\/wp-content\/uploads\/2025\/04\/logo.png\" alt=\"\" class=\"wp-image-5691\" srcset=\"https:\/\/maternelle.providence-wavre.be\/wp-content\/uploads\/2025\/04\/logo.png 539w, https:\/\/maternelle.providence-wavre.be\/wp-content\/uploads\/2025\/04\/logo-300x91.png 300w\" sizes=\"auto, (max-width: 539px) 100vw, 539px\" \/><\/figure>\n\n\n\n<p>Ce mardi 08 avril 2025, nous accueillons les parents dans notre \u00e9cole afin de pouvoir venir voir toute la s\u00e9lection de livres que nous avons re\u00e7ue \u00e0 l&rsquo;occasion de ce festival, qu&rsquo;ils pourront directement se procurer s&rsquo;ils le souhaitent.<\/p>\n\n\n\n<p>Durant toute la semaine pr\u00e9c\u00e9dent cette animation, les enfants ont pu d\u00e9couvrir tous les livres avec leurs institutrices. De cette mani\u00e8re, ils peuvent donner leur avis sur ce qui a \u00e9t\u00e9 appr\u00e9ci\u00e9 et le transmettre \u00e0 leurs parents. Les parents peuvent ensuite acheter le ou les livre(s) aim\u00e9(s) par leur enfant.<\/p>\n\n\n\n<p><\/p>\n","protected":false},"excerpt":{"rendered":"<p>Ce mardi 08 avril 2025, nous accueillons les parents dans notre \u00e9cole afin de pouvoir venir voir toute la s\u00e9lection de livres que nous avons re\u00e7ue \u00e0 l&rsquo;occasion de ce festival, qu&rsquo;ils pourront directement se procurer s&rsquo;ils le souhaitent. Durant toute la semaine pr\u00e9c\u00e9dent cette animation, les enfants ont pu d\u00e9couvrir tous les livres avec &hellip; <\/p>\n<p class=\"link-more\"><a href=\"https:\/\/maternelle.providence-wavre.be\/index.php\/festival-du-livre-dans-notre-ecole\/\" class=\"more-link\">Continuer la lecture<span class=\"screen-reader-text\"> de &laquo;&nbsp;Festival du livre dans notre \u00e9cole&nbsp;&raquo;<\/span><\/a><\/p>\n","protected":false},"author":1,"featured_media":0,"parent":0,"menu_order":0,"comment_status":"closed","ping_status":"closed","template":"","meta":{"footnotes":""},"class_list":["post-5694","page","type-page","status-publish","hentry"],"_links":{"self":[{"href":"https:\/\/maternelle.providence-wavre.be\/index.php\/wp-json\/wp\/v2\/pages\/5694","targetHints":{"allow":["GET"]}}],"collection":[{"href":"https:\/\/maternelle.providence-wavre.be\/index.php\/wp-json\/wp\/v2\/pages"}],"about":[{"href":"https:\/\/maternelle.providence-wavre.be\/index.php\/wp-json\/wp\/v2\/types\/page"}],"author":[{"embeddable":true,"href":"https:\/\/maternelle.providence-wavre.be\/index.php\/wp-json\/wp\/v2\/users\/1"}],"replies":[{"embeddable":true,"href":"https:\/\/maternelle.providence-wavre.be\/index.php\/wp-json\/wp\/v2\/comments?post=5694"}],"version-history":[{"count":4,"href":"https:\/\/maternelle.providence-wavre.be\/index.php\/wp-json\/wp\/v2\/pages\/5694\/revisions"}],"predecessor-version":[{"id":5707,"href":"https:\/\/maternelle.providence-wavre.be\/index.php\/wp-json\/wp\/v2\/pages\/5694\/revisions\/5707"}],"wp:attachment":[{"href":"https:\/\/maternelle.providence-wavre.be\/index.php\/wp-json\/wp\/v2\/media?parent=5694"}],"curies":[{"name":"wp","href":"https:\/\/api.w.org\/{rel}","templated":true}]}}