{"id":5708,"date":"2025-04-15T11:59:44","date_gmt":"2025-04-15T09:59:44","guid":{"rendered":"https:\/\/maternelle.providence-wavre.be\/?page_id=5708"},"modified":"2025-04-18T09:06:55","modified_gmt":"2025-04-18T07:06:55","slug":"cross-providence","status":"publish","type":"page","link":"https:\/\/maternelle.providence-wavre.be\/index.php\/cross-providence\/","title":{"rendered":"Cross Providence"},"content":{"rendered":"\n<p>Cette ann\u00e9e encore, les grands de M3 se sont entra\u00een\u00e9s avec Mme Nathalie pour courir le cross de ce 14 avril. Ils sont plein d\u2019\u00e9nergie et de motivation. Les M2 accompagn\u00e9s de Mme Christel et Mr Nicolas se sont rendus sur place afin d\u2019y encourager leurs camarades. <\/p>\n\n\n\n<p>Chaque participant recevra une m\u00e9daille afin d\u2019\u00eatre r\u00e9compens\u00e9 de sa participation. <\/p>\n\n\n\n<p>Le soleil \u00e9tait de la partie! Belle journ\u00e9e en faisant du sport\u2026 <\/p>\n\n\n\n<figure class=\"wp-block-gallery has-nested-images columns-default is-cropped wp-block-gallery-1 is-layout-flex wp-block-gallery-is-layout-flex\">\n<figure class=\"wp-block-image size-large\"><img loading=\"lazy\" decoding=\"async\" width=\"1024\" height=\"496\" data-id=\"5716\" src=\"https:\/\/maternelle.providence-wavre.be\/wp-content\/uploads\/2025\/04\/IMG-20250409-WA0000-1024x496.jpg\" alt=\"\" class=\"wp-image-5716\" srcset=\"https:\/\/maternelle.providence-wavre.be\/wp-content\/uploads\/2025\/04\/IMG-20250409-WA0000-1024x496.jpg 1024w, https:\/\/maternelle.providence-wavre.be\/wp-content\/uploads\/2025\/04\/IMG-20250409-WA0000-300x145.jpg 300w, https:\/\/maternelle.providence-wavre.be\/wp-content\/uploads\/2025\/04\/IMG-20250409-WA0000-768x372.jpg 768w, https:\/\/maternelle.providence-wavre.be\/wp-content\/uploads\/2025\/04\/IMG-20250409-WA0000-1536x743.jpg 1536w, https:\/\/maternelle.providence-wavre.be\/wp-content\/uploads\/2025\/04\/IMG-20250409-WA0000.jpg 2000w\" sizes=\"auto, (max-width: 767px) 89vw, (max-width: 1000px) 54vw, (max-width: 1071px) 543px, 580px\" \/><\/figure>\n\n\n\n<figure class=\"wp-block-image size-large\"><img loading=\"lazy\" decoding=\"async\" width=\"496\" height=\"1024\" data-id=\"5711\" src=\"https:\/\/maternelle.providence-wavre.be\/wp-content\/uploads\/2025\/04\/IMG-20250409-WA0001-496x1024.jpg\" alt=\"\" class=\"wp-image-5711\" srcset=\"https:\/\/maternelle.providence-wavre.be\/wp-content\/uploads\/2025\/04\/IMG-20250409-WA0001-496x1024.jpg 496w, https:\/\/maternelle.providence-wavre.be\/wp-content\/uploads\/2025\/04\/IMG-20250409-WA0001-145x300.jpg 145w, https:\/\/maternelle.providence-wavre.be\/wp-content\/uploads\/2025\/04\/IMG-20250409-WA0001-768x1587.jpg 768w, https:\/\/maternelle.providence-wavre.be\/wp-content\/uploads\/2025\/04\/IMG-20250409-WA0001-743x1536.jpg 743w, https:\/\/maternelle.providence-wavre.be\/wp-content\/uploads\/2025\/04\/IMG-20250409-WA0001.jpg 968w\" sizes=\"auto, (max-width: 496px) 100vw, 496px\" \/><\/figure>\n\n\n\n<figure class=\"wp-block-image size-large\"><img loading=\"lazy\" decoding=\"async\" width=\"496\" height=\"1024\" data-id=\"5712\" src=\"https:\/\/maternelle.providence-wavre.be\/wp-content\/uploads\/2025\/04\/IMG-20250414-WA0014-496x1024.jpg\" alt=\"\" class=\"wp-image-5712\" srcset=\"https:\/\/maternelle.providence-wavre.be\/wp-content\/uploads\/2025\/04\/IMG-20250414-WA0014-496x1024.jpg 496w, https:\/\/maternelle.providence-wavre.be\/wp-content\/uploads\/2025\/04\/IMG-20250414-WA0014-145x300.jpg 145w, https:\/\/maternelle.providence-wavre.be\/wp-content\/uploads\/2025\/04\/IMG-20250414-WA0014-768x1587.jpg 768w, https:\/\/maternelle.providence-wavre.be\/wp-content\/uploads\/2025\/04\/IMG-20250414-WA0014-743x1536.jpg 743w, https:\/\/maternelle.providence-wavre.be\/wp-content\/uploads\/2025\/04\/IMG-20250414-WA0014.jpg 968w\" sizes=\"auto, (max-width: 496px) 100vw, 496px\" \/><\/figure>\n\n\n\n<figure class=\"wp-block-image size-large\"><img loading=\"lazy\" decoding=\"async\" width=\"496\" height=\"1024\" data-id=\"5720\" src=\"https:\/\/maternelle.providence-wavre.be\/wp-content\/uploads\/2025\/04\/IMG-20250414-WA0016-496x1024.jpg\" alt=\"\" class=\"wp-image-5720\" srcset=\"https:\/\/maternelle.providence-wavre.be\/wp-content\/uploads\/2025\/04\/IMG-20250414-WA0016-496x1024.jpg 496w, https:\/\/maternelle.providence-wavre.be\/wp-content\/uploads\/2025\/04\/IMG-20250414-WA0016-145x300.jpg 145w, https:\/\/maternelle.providence-wavre.be\/wp-content\/uploads\/2025\/04\/IMG-20250414-WA0016-768x1587.jpg 768w, https:\/\/maternelle.providence-wavre.be\/wp-content\/uploads\/2025\/04\/IMG-20250414-WA0016-743x1536.jpg 743w, https:\/\/maternelle.providence-wavre.be\/wp-content\/uploads\/2025\/04\/IMG-20250414-WA0016.jpg 968w\" sizes=\"auto, (max-width: 496px) 100vw, 496px\" \/><\/figure>\n\n\n\n<figure class=\"wp-block-image size-large\"><img loading=\"lazy\" decoding=\"async\" width=\"496\" height=\"1024\" data-id=\"5713\" src=\"https:\/\/maternelle.providence-wavre.be\/wp-content\/uploads\/2025\/04\/IMG-20250414-WA0017-496x1024.jpg\" alt=\"\" class=\"wp-image-5713\" srcset=\"https:\/\/maternelle.providence-wavre.be\/wp-content\/uploads\/2025\/04\/IMG-20250414-WA0017-496x1024.jpg 496w, https:\/\/maternelle.providence-wavre.be\/wp-content\/uploads\/2025\/04\/IMG-20250414-WA0017-145x300.jpg 145w, https:\/\/maternelle.providence-wavre.be\/wp-content\/uploads\/2025\/04\/IMG-20250414-WA0017-768x1587.jpg 768w, https:\/\/maternelle.providence-wavre.be\/wp-content\/uploads\/2025\/04\/IMG-20250414-WA0017-743x1536.jpg 743w, https:\/\/maternelle.providence-wavre.be\/wp-content\/uploads\/2025\/04\/IMG-20250414-WA0017.jpg 968w\" sizes=\"auto, (max-width: 496px) 100vw, 496px\" \/><\/figure>\n\n\n\n<figure class=\"wp-block-image size-large\"><img loading=\"lazy\" decoding=\"async\" width=\"496\" height=\"1024\" data-id=\"5709\" src=\"https:\/\/maternelle.providence-wavre.be\/wp-content\/uploads\/2025\/04\/IMG-20250414-WA0020-496x1024.jpg\" alt=\"\" class=\"wp-image-5709\" srcset=\"https:\/\/maternelle.providence-wavre.be\/wp-content\/uploads\/2025\/04\/IMG-20250414-WA0020-496x1024.jpg 496w, https:\/\/maternelle.providence-wavre.be\/wp-content\/uploads\/2025\/04\/IMG-20250414-WA0020-145x300.jpg 145w, https:\/\/maternelle.providence-wavre.be\/wp-content\/uploads\/2025\/04\/IMG-20250414-WA0020-768x1587.jpg 768w, https:\/\/maternelle.providence-wavre.be\/wp-content\/uploads\/2025\/04\/IMG-20250414-WA0020-743x1536.jpg 743w, https:\/\/maternelle.providence-wavre.be\/wp-content\/uploads\/2025\/04\/IMG-20250414-WA0020.jpg 968w\" sizes=\"auto, (max-width: 496px) 100vw, 496px\" \/><\/figure>\n\n\n\n<figure class=\"wp-block-image size-large\"><img loading=\"lazy\" decoding=\"async\" width=\"496\" height=\"1024\" data-id=\"5714\" src=\"https:\/\/maternelle.providence-wavre.be\/wp-content\/uploads\/2025\/04\/IMG-20250414-WA0021-496x1024.jpg\" alt=\"\" class=\"wp-image-5714\" srcset=\"https:\/\/maternelle.providence-wavre.be\/wp-content\/uploads\/2025\/04\/IMG-20250414-WA0021-496x1024.jpg 496w, https:\/\/maternelle.providence-wavre.be\/wp-content\/uploads\/2025\/04\/IMG-20250414-WA0021-145x300.jpg 145w, https:\/\/maternelle.providence-wavre.be\/wp-content\/uploads\/2025\/04\/IMG-20250414-WA0021-768x1587.jpg 768w, https:\/\/maternelle.providence-wavre.be\/wp-content\/uploads\/2025\/04\/IMG-20250414-WA0021-743x1536.jpg 743w, https:\/\/maternelle.providence-wavre.be\/wp-content\/uploads\/2025\/04\/IMG-20250414-WA0021.jpg 968w\" sizes=\"auto, (max-width: 496px) 100vw, 496px\" \/><\/figure>\n\n\n\n<figure class=\"wp-block-image size-large\"><img loading=\"lazy\" decoding=\"async\" width=\"496\" height=\"1024\" data-id=\"5719\" src=\"https:\/\/maternelle.providence-wavre.be\/wp-content\/uploads\/2025\/04\/IMG-20250414-WA0022-496x1024.jpg\" alt=\"\" class=\"wp-image-5719\" srcset=\"https:\/\/maternelle.providence-wavre.be\/wp-content\/uploads\/2025\/04\/IMG-20250414-WA0022-496x1024.jpg 496w, https:\/\/maternelle.providence-wavre.be\/wp-content\/uploads\/2025\/04\/IMG-20250414-WA0022-145x300.jpg 145w, https:\/\/maternelle.providence-wavre.be\/wp-content\/uploads\/2025\/04\/IMG-20250414-WA0022-768x1587.jpg 768w, https:\/\/maternelle.providence-wavre.be\/wp-content\/uploads\/2025\/04\/IMG-20250414-WA0022-743x1536.jpg 743w, https:\/\/maternelle.providence-wavre.be\/wp-content\/uploads\/2025\/04\/IMG-20250414-WA0022.jpg 968w\" sizes=\"auto, (max-width: 496px) 100vw, 496px\" \/><\/figure>\n\n\n\n<figure class=\"wp-block-image size-large\"><img loading=\"lazy\" decoding=\"async\" width=\"496\" height=\"1024\" data-id=\"5717\" src=\"https:\/\/maternelle.providence-wavre.be\/wp-content\/uploads\/2025\/04\/IMG-20250414-WA0023-496x1024.jpg\" alt=\"\" class=\"wp-image-5717\" srcset=\"https:\/\/maternelle.providence-wavre.be\/wp-content\/uploads\/2025\/04\/IMG-20250414-WA0023-496x1024.jpg 496w, https:\/\/maternelle.providence-wavre.be\/wp-content\/uploads\/2025\/04\/IMG-20250414-WA0023-145x300.jpg 145w, https:\/\/maternelle.providence-wavre.be\/wp-content\/uploads\/2025\/04\/IMG-20250414-WA0023-768x1587.jpg 768w, https:\/\/maternelle.providence-wavre.be\/wp-content\/uploads\/2025\/04\/IMG-20250414-WA0023-743x1536.jpg 743w, https:\/\/maternelle.providence-wavre.be\/wp-content\/uploads\/2025\/04\/IMG-20250414-WA0023.jpg 968w\" sizes=\"auto, (max-width: 496px) 100vw, 496px\" \/><\/figure>\n\n\n\n<figure class=\"wp-block-image size-large\"><img loading=\"lazy\" decoding=\"async\" width=\"496\" height=\"1024\" data-id=\"5718\" src=\"https:\/\/maternelle.providence-wavre.be\/wp-content\/uploads\/2025\/04\/IMG-20250414-WA0024-496x1024.jpg\" alt=\"\" class=\"wp-image-5718\" srcset=\"https:\/\/maternelle.providence-wavre.be\/wp-content\/uploads\/2025\/04\/IMG-20250414-WA0024-496x1024.jpg 496w, https:\/\/maternelle.providence-wavre.be\/wp-content\/uploads\/2025\/04\/IMG-20250414-WA0024-145x300.jpg 145w, https:\/\/maternelle.providence-wavre.be\/wp-content\/uploads\/2025\/04\/IMG-20250414-WA0024-768x1587.jpg 768w, https:\/\/maternelle.providence-wavre.be\/wp-content\/uploads\/2025\/04\/IMG-20250414-WA0024-743x1536.jpg 743w, https:\/\/maternelle.providence-wavre.be\/wp-content\/uploads\/2025\/04\/IMG-20250414-WA0024.jpg 968w\" sizes=\"auto, (max-width: 496px) 100vw, 496px\" \/><\/figure>\n\n\n\n<figure class=\"wp-block-image size-large\"><img loading=\"lazy\" decoding=\"async\" width=\"492\" height=\"1024\" data-id=\"5710\" src=\"https:\/\/maternelle.providence-wavre.be\/wp-content\/uploads\/2025\/04\/IMG-20250414-WA0025-492x1024.jpg\" alt=\"\" class=\"wp-image-5710\" srcset=\"https:\/\/maternelle.providence-wavre.be\/wp-content\/uploads\/2025\/04\/IMG-20250414-WA0025-492x1024.jpg 492w, https:\/\/maternelle.providence-wavre.be\/wp-content\/uploads\/2025\/04\/IMG-20250414-WA0025-144x300.jpg 144w, https:\/\/maternelle.providence-wavre.be\/wp-content\/uploads\/2025\/04\/IMG-20250414-WA0025-768x1600.jpg 768w, https:\/\/maternelle.providence-wavre.be\/wp-content\/uploads\/2025\/04\/IMG-20250414-WA0025-737x1536.jpg 737w, https:\/\/maternelle.providence-wavre.be\/wp-content\/uploads\/2025\/04\/IMG-20250414-WA0025.jpg 983w\" sizes=\"auto, (max-width: 492px) 100vw, 492px\" \/><\/figure>\n\n\n\n<figure class=\"wp-block-image size-large\"><img loading=\"lazy\" decoding=\"async\" width=\"496\" height=\"1024\" data-id=\"5721\" src=\"https:\/\/maternelle.providence-wavre.be\/wp-content\/uploads\/2025\/04\/IMG-20250414-WA0028-496x1024.jpg\" alt=\"\" class=\"wp-image-5721\" srcset=\"https:\/\/maternelle.providence-wavre.be\/wp-content\/uploads\/2025\/04\/IMG-20250414-WA0028-496x1024.jpg 496w, https:\/\/maternelle.providence-wavre.be\/wp-content\/uploads\/2025\/04\/IMG-20250414-WA0028-145x300.jpg 145w, https:\/\/maternelle.providence-wavre.be\/wp-content\/uploads\/2025\/04\/IMG-20250414-WA0028-768x1587.jpg 768w, https:\/\/maternelle.providence-wavre.be\/wp-content\/uploads\/2025\/04\/IMG-20250414-WA0028-743x1536.jpg 743w, https:\/\/maternelle.providence-wavre.be\/wp-content\/uploads\/2025\/04\/IMG-20250414-WA0028.jpg 968w\" sizes=\"auto, (max-width: 496px) 100vw, 496px\" \/><\/figure>\n\n\n\n<figure class=\"wp-block-image size-large\"><img loading=\"lazy\" decoding=\"async\" width=\"496\" height=\"1024\" data-id=\"5715\" src=\"https:\/\/maternelle.providence-wavre.be\/wp-content\/uploads\/2025\/04\/IMG-20250414-WA0029-496x1024.jpg\" alt=\"\" class=\"wp-image-5715\" srcset=\"https:\/\/maternelle.providence-wavre.be\/wp-content\/uploads\/2025\/04\/IMG-20250414-WA0029-496x1024.jpg 496w, https:\/\/maternelle.providence-wavre.be\/wp-content\/uploads\/2025\/04\/IMG-20250414-WA0029-145x300.jpg 145w, https:\/\/maternelle.providence-wavre.be\/wp-content\/uploads\/2025\/04\/IMG-20250414-WA0029-768x1587.jpg 768w, https:\/\/maternelle.providence-wavre.be\/wp-content\/uploads\/2025\/04\/IMG-20250414-WA0029-743x1536.jpg 743w, https:\/\/maternelle.providence-wavre.be\/wp-content\/uploads\/2025\/04\/IMG-20250414-WA0029.jpg 968w\" sizes=\"auto, (max-width: 496px) 100vw, 496px\" \/><\/figure>\n<\/figure>\n\n\n\n<p>Apr\u00e8s l\u2019effort, le r\u00e9confort! Chaque enfant ayant particip\u00e9 au cross a re\u00e7u sa m\u00e9daille et un podium a \u00e9t\u00e9 organis\u00e9 dans la section primaire afin de f\u00e9liciter le trio de t\u00eate. Bravo \u00e0 tous! <\/p>\n\n\n\n<figure class=\"wp-block-gallery has-nested-images columns-default is-cropped wp-block-gallery-2 is-layout-flex wp-block-gallery-is-layout-flex\">\n<figure class=\"wp-block-image size-large\"><img loading=\"lazy\" decoding=\"async\" width=\"545\" height=\"504\" data-id=\"5765\" src=\"https:\/\/maternelle.providence-wavre.be\/wp-content\/uploads\/2025\/04\/IMG-20250416-WA0006.jpg\" alt=\"\" class=\"wp-image-5765\" srcset=\"https:\/\/maternelle.providence-wavre.be\/wp-content\/uploads\/2025\/04\/IMG-20250416-WA0006.jpg 545w, https:\/\/maternelle.providence-wavre.be\/wp-content\/uploads\/2025\/04\/IMG-20250416-WA0006-300x277.jpg 300w\" sizes=\"auto, (max-width: 545px) 100vw, 545px\" \/><\/figure>\n\n\n\n<figure class=\"wp-block-image size-large\"><img loading=\"lazy\" decoding=\"async\" width=\"720\" height=\"804\" data-id=\"5767\" src=\"https:\/\/maternelle.providence-wavre.be\/wp-content\/uploads\/2025\/04\/IMG-20250416-WA0017.jpg\" alt=\"\" class=\"wp-image-5767\" srcset=\"https:\/\/maternelle.providence-wavre.be\/wp-content\/uploads\/2025\/04\/IMG-20250416-WA0017.jpg 720w, https:\/\/maternelle.providence-wavre.be\/wp-content\/uploads\/2025\/04\/IMG-20250416-WA0017-269x300.jpg 269w\" sizes=\"auto, (max-width: 720px) 100vw, 720px\" \/><\/figure>\n\n\n\n<figure class=\"wp-block-image size-large\"><img loading=\"lazy\" decoding=\"async\" width=\"530\" height=\"807\" data-id=\"5766\" src=\"https:\/\/maternelle.providence-wavre.be\/wp-content\/uploads\/2025\/04\/IMG-20250416-WA0024.jpg\" alt=\"\" class=\"wp-image-5766\" srcset=\"https:\/\/maternelle.providence-wavre.be\/wp-content\/uploads\/2025\/04\/IMG-20250416-WA0024.jpg 530w, https:\/\/maternelle.providence-wavre.be\/wp-content\/uploads\/2025\/04\/IMG-20250416-WA0024-197x300.jpg 197w\" sizes=\"auto, (max-width: 530px) 100vw, 530px\" \/><\/figure>\n<\/figure>\n\n\n\n<figure class=\"wp-block-gallery has-nested-images columns-default is-cropped wp-block-gallery-3 is-layout-flex wp-block-gallery-is-layout-flex\">\n<figure class=\"wp-block-image size-large\"><img loading=\"lazy\" decoding=\"async\" width=\"1024\" height=\"461\" data-id=\"5768\" src=\"https:\/\/maternelle.providence-wavre.be\/wp-content\/uploads\/2025\/04\/IMG-20250416-WA0003-1024x461.jpg\" alt=\"\" class=\"wp-image-5768\" srcset=\"https:\/\/maternelle.providence-wavre.be\/wp-content\/uploads\/2025\/04\/IMG-20250416-WA0003-1024x461.jpg 1024w, https:\/\/maternelle.providence-wavre.be\/wp-content\/uploads\/2025\/04\/IMG-20250416-WA0003-300x135.jpg 300w, https:\/\/maternelle.providence-wavre.be\/wp-content\/uploads\/2025\/04\/IMG-20250416-WA0003-768x346.jpg 768w, https:\/\/maternelle.providence-wavre.be\/wp-content\/uploads\/2025\/04\/IMG-20250416-WA0003-1536x692.jpg 1536w, https:\/\/maternelle.providence-wavre.be\/wp-content\/uploads\/2025\/04\/IMG-20250416-WA0003.jpg 1600w\" sizes=\"auto, (max-width: 767px) 89vw, (max-width: 1000px) 54vw, (max-width: 1071px) 543px, 580px\" \/><\/figure>\n<\/figure>\n","protected":false},"excerpt":{"rendered":"<p>Cette ann\u00e9e encore, les grands de M3 se sont entra\u00een\u00e9s avec Mme Nathalie pour courir le cross de ce 14 avril. Ils sont plein d\u2019\u00e9nergie et de motivation. Les M2 accompagn\u00e9s de Mme Christel et Mr Nicolas se sont rendus sur place afin d\u2019y encourager leurs camarades. Chaque participant recevra une m\u00e9daille afin d\u2019\u00eatre r\u00e9compens\u00e9 &hellip; <\/p>\n<p class=\"link-more\"><a href=\"https:\/\/maternelle.providence-wavre.be\/index.php\/cross-providence\/\" class=\"more-link\">Continuer la lecture<span class=\"screen-reader-text\"> de &laquo;&nbsp;Cross Providence&nbsp;&raquo;<\/span><\/a><\/p>\n","protected":false},"author":1,"featured_media":0,"parent":0,"menu_order":0,"comment_status":"closed","ping_status":"closed","template":"","meta":{"footnotes":""},"class_list":["post-5708","page","type-page","status-publish","hentry"],"_links":{"self":[{"href":"https:\/\/maternelle.providence-wavre.be\/index.php\/wp-json\/wp\/v2\/pages\/5708","targetHints":{"allow":["GET"]}}],"collection":[{"href":"https:\/\/maternelle.providence-wavre.be\/index.php\/wp-json\/wp\/v2\/pages"}],"about":[{"href":"https:\/\/maternelle.providence-wavre.be\/index.php\/wp-json\/wp\/v2\/types\/page"}],"author":[{"embeddable":true,"href":"https:\/\/maternelle.providence-wavre.be\/index.php\/wp-json\/wp\/v2\/users\/1"}],"replies":[{"embeddable":true,"href":"https:\/\/maternelle.providence-wavre.be\/index.php\/wp-json\/wp\/v2\/comments?post=5708"}],"version-history":[{"count":3,"href":"https:\/\/maternelle.providence-wavre.be\/index.php\/wp-json\/wp\/v2\/pages\/5708\/revisions"}],"predecessor-version":[{"id":5769,"href":"https:\/\/maternelle.providence-wavre.be\/index.php\/wp-json\/wp\/v2\/pages\/5708\/revisions\/5769"}],"wp:attachment":[{"href":"https:\/\/maternelle.providence-wavre.be\/index.php\/wp-json\/wp\/v2\/media?parent=5708"}],"curies":[{"name":"wp","href":"https:\/\/api.w.org\/{rel}","templated":true}]}}