{"id":5725,"date":"2025-04-15T12:20:05","date_gmt":"2025-04-15T10:20:05","guid":{"rendered":"https:\/\/maternelle.providence-wavre.be\/?page_id=5725"},"modified":"2025-04-15T12:29:37","modified_gmt":"2025-04-15T10:29:37","slug":"messe-de-paques-a-leglise-de-wavre","status":"publish","type":"page","link":"https:\/\/maternelle.providence-wavre.be\/index.php\/messe-de-paques-a-leglise-de-wavre\/","title":{"rendered":"Messe de P\u00e2ques \u00e0 l&rsquo;\u00e9glise de Wavre"},"content":{"rendered":"\n<p>Madame Bouhon, notre directrice avec classe, a travaill\u00e9 un long moment en ateliers avec les enfants de l&rsquo;\u00e9cole sur l&rsquo;histoire de P\u00e2ques. Les le\u00e7ons de religion catholique se sont succ\u00e9d\u00e9es et les enfants ont appris la v\u00e9ritable histoire de P\u00e2ques. <\/p>\n\n\n\n<p>Apr\u00e8s s&rsquo;\u00eatre pr\u00e9par\u00e9s \u00e9galement avec leurs institutrices en apprenant chants et psaumes, les enfants se sont rendus \u00e0 l&rsquo;\u00e9glise de Wavre o\u00f9 le p\u00e8re Sarota, accompagn\u00e9 de sa sacristine, a offici\u00e9 ce 15 avril 2025. La messe a \u00e9t\u00e9 dite de mani\u00e8re \u00e0 int\u00e9grer les cr\u00e9ations artistiques et litt\u00e9raires des enfants. Tous ont pr\u00e9par\u00e9 ce moment de recueillement et de partage avec tout leur coeur. <\/p>\n\n\n\n<p>Bonne f\u00eate de P\u00e2ques ! <\/p>\n\n\n\n<figure class=\"wp-block-gallery has-nested-images columns-default is-cropped wp-block-gallery-1 is-layout-flex wp-block-gallery-is-layout-flex\">\n<figure class=\"wp-block-image size-large\"><img loading=\"lazy\" decoding=\"async\" width=\"1024\" height=\"461\" data-id=\"5746\" src=\"https:\/\/maternelle.providence-wavre.be\/wp-content\/uploads\/2025\/04\/IMG-20250415-WA0010-1-1024x461.jpg\" alt=\"\" class=\"wp-image-5746\" srcset=\"https:\/\/maternelle.providence-wavre.be\/wp-content\/uploads\/2025\/04\/IMG-20250415-WA0010-1-1024x461.jpg 1024w, https:\/\/maternelle.providence-wavre.be\/wp-content\/uploads\/2025\/04\/IMG-20250415-WA0010-1-300x135.jpg 300w, https:\/\/maternelle.providence-wavre.be\/wp-content\/uploads\/2025\/04\/IMG-20250415-WA0010-1-768x346.jpg 768w, https:\/\/maternelle.providence-wavre.be\/wp-content\/uploads\/2025\/04\/IMG-20250415-WA0010-1-1536x691.jpg 1536w, https:\/\/maternelle.providence-wavre.be\/wp-content\/uploads\/2025\/04\/IMG-20250415-WA0010-1.jpg 1600w\" sizes=\"auto, (max-width: 767px) 89vw, (max-width: 1000px) 54vw, (max-width: 1071px) 543px, 580px\" \/><\/figure>\n\n\n\n<figure class=\"wp-block-image size-large\"><img loading=\"lazy\" decoding=\"async\" width=\"1024\" height=\"461\" data-id=\"5747\" src=\"https:\/\/maternelle.providence-wavre.be\/wp-content\/uploads\/2025\/04\/IMG-20250415-WA0011-1-1024x461.jpg\" alt=\"\" class=\"wp-image-5747\" srcset=\"https:\/\/maternelle.providence-wavre.be\/wp-content\/uploads\/2025\/04\/IMG-20250415-WA0011-1-1024x461.jpg 1024w, https:\/\/maternelle.providence-wavre.be\/wp-content\/uploads\/2025\/04\/IMG-20250415-WA0011-1-300x135.jpg 300w, https:\/\/maternelle.providence-wavre.be\/wp-content\/uploads\/2025\/04\/IMG-20250415-WA0011-1-768x346.jpg 768w, https:\/\/maternelle.providence-wavre.be\/wp-content\/uploads\/2025\/04\/IMG-20250415-WA0011-1-1536x691.jpg 1536w, https:\/\/maternelle.providence-wavre.be\/wp-content\/uploads\/2025\/04\/IMG-20250415-WA0011-1.jpg 1600w\" sizes=\"auto, (max-width: 767px) 89vw, (max-width: 1000px) 54vw, (max-width: 1071px) 543px, 580px\" \/><\/figure>\n\n\n\n<figure class=\"wp-block-image size-large\"><img loading=\"lazy\" decoding=\"async\" width=\"461\" height=\"1024\" data-id=\"5748\" src=\"https:\/\/maternelle.providence-wavre.be\/wp-content\/uploads\/2025\/04\/IMG-20250415-WA0012-1-461x1024.jpg\" alt=\"\" class=\"wp-image-5748\" srcset=\"https:\/\/maternelle.providence-wavre.be\/wp-content\/uploads\/2025\/04\/IMG-20250415-WA0012-1-461x1024.jpg 461w, https:\/\/maternelle.providence-wavre.be\/wp-content\/uploads\/2025\/04\/IMG-20250415-WA0012-1-135x300.jpg 135w, https:\/\/maternelle.providence-wavre.be\/wp-content\/uploads\/2025\/04\/IMG-20250415-WA0012-1-691x1536.jpg 691w, https:\/\/maternelle.providence-wavre.be\/wp-content\/uploads\/2025\/04\/IMG-20250415-WA0012-1.jpg 720w\" sizes=\"auto, (max-width: 461px) 100vw, 461px\" \/><\/figure>\n<\/figure>\n\n\n\n<figure class=\"wp-block-gallery has-nested-images columns-default is-cropped wp-block-gallery-2 is-layout-flex wp-block-gallery-is-layout-flex\">\n<figure class=\"wp-block-image size-large\"><img loading=\"lazy\" decoding=\"async\" width=\"461\" height=\"1024\" data-id=\"5750\" src=\"https:\/\/maternelle.providence-wavre.be\/wp-content\/uploads\/2025\/04\/IMG-20250415-WA0014-2-461x1024.jpg\" alt=\"\" class=\"wp-image-5750\" srcset=\"https:\/\/maternelle.providence-wavre.be\/wp-content\/uploads\/2025\/04\/IMG-20250415-WA0014-2-461x1024.jpg 461w, https:\/\/maternelle.providence-wavre.be\/wp-content\/uploads\/2025\/04\/IMG-20250415-WA0014-2-135x300.jpg 135w, https:\/\/maternelle.providence-wavre.be\/wp-content\/uploads\/2025\/04\/IMG-20250415-WA0014-2-691x1536.jpg 691w, https:\/\/maternelle.providence-wavre.be\/wp-content\/uploads\/2025\/04\/IMG-20250415-WA0014-2.jpg 720w\" sizes=\"auto, (max-width: 461px) 100vw, 461px\" \/><\/figure>\n<\/figure>\n\n\n\n<figure class=\"wp-block-gallery has-nested-images columns-default is-cropped wp-block-gallery-3 is-layout-flex wp-block-gallery-is-layout-flex\">\n<figure class=\"wp-block-image size-large\"><img loading=\"lazy\" decoding=\"async\" width=\"1024\" height=\"461\" data-id=\"5751\" src=\"https:\/\/maternelle.providence-wavre.be\/wp-content\/uploads\/2025\/04\/IMG-20250415-WA0015-1-1024x461.jpg\" alt=\"\" class=\"wp-image-5751\" srcset=\"https:\/\/maternelle.providence-wavre.be\/wp-content\/uploads\/2025\/04\/IMG-20250415-WA0015-1-1024x461.jpg 1024w, https:\/\/maternelle.providence-wavre.be\/wp-content\/uploads\/2025\/04\/IMG-20250415-WA0015-1-300x135.jpg 300w, https:\/\/maternelle.providence-wavre.be\/wp-content\/uploads\/2025\/04\/IMG-20250415-WA0015-1-768x346.jpg 768w, https:\/\/maternelle.providence-wavre.be\/wp-content\/uploads\/2025\/04\/IMG-20250415-WA0015-1-1536x691.jpg 1536w, https:\/\/maternelle.providence-wavre.be\/wp-content\/uploads\/2025\/04\/IMG-20250415-WA0015-1.jpg 1600w\" sizes=\"auto, (max-width: 767px) 89vw, (max-width: 1000px) 54vw, (max-width: 1071px) 543px, 580px\" \/><\/figure>\n\n\n\n<figure class=\"wp-block-image size-large\"><img loading=\"lazy\" decoding=\"async\" width=\"1024\" height=\"461\" data-id=\"5752\" src=\"https:\/\/maternelle.providence-wavre.be\/wp-content\/uploads\/2025\/04\/IMG-20250415-WA0016-1-1024x461.jpg\" alt=\"\" class=\"wp-image-5752\" srcset=\"https:\/\/maternelle.providence-wavre.be\/wp-content\/uploads\/2025\/04\/IMG-20250415-WA0016-1-1024x461.jpg 1024w, https:\/\/maternelle.providence-wavre.be\/wp-content\/uploads\/2025\/04\/IMG-20250415-WA0016-1-300x135.jpg 300w, https:\/\/maternelle.providence-wavre.be\/wp-content\/uploads\/2025\/04\/IMG-20250415-WA0016-1-768x346.jpg 768w, https:\/\/maternelle.providence-wavre.be\/wp-content\/uploads\/2025\/04\/IMG-20250415-WA0016-1-1536x691.jpg 1536w, https:\/\/maternelle.providence-wavre.be\/wp-content\/uploads\/2025\/04\/IMG-20250415-WA0016-1.jpg 1600w\" sizes=\"auto, (max-width: 767px) 89vw, (max-width: 1000px) 54vw, (max-width: 1071px) 543px, 580px\" \/><\/figure>\n<\/figure>\n\n\n\n<figure class=\"wp-block-gallery has-nested-images columns-default is-cropped wp-block-gallery-4 is-layout-flex wp-block-gallery-is-layout-flex\">\n<figure class=\"wp-block-image size-large\"><img loading=\"lazy\" decoding=\"async\" width=\"1024\" height=\"461\" data-id=\"5753\" src=\"https:\/\/maternelle.providence-wavre.be\/wp-content\/uploads\/2025\/04\/IMG-20250415-WA0017-1-1024x461.jpg\" alt=\"\" class=\"wp-image-5753\" srcset=\"https:\/\/maternelle.providence-wavre.be\/wp-content\/uploads\/2025\/04\/IMG-20250415-WA0017-1-1024x461.jpg 1024w, https:\/\/maternelle.providence-wavre.be\/wp-content\/uploads\/2025\/04\/IMG-20250415-WA0017-1-300x135.jpg 300w, https:\/\/maternelle.providence-wavre.be\/wp-content\/uploads\/2025\/04\/IMG-20250415-WA0017-1-768x346.jpg 768w, https:\/\/maternelle.providence-wavre.be\/wp-content\/uploads\/2025\/04\/IMG-20250415-WA0017-1-1536x691.jpg 1536w, https:\/\/maternelle.providence-wavre.be\/wp-content\/uploads\/2025\/04\/IMG-20250415-WA0017-1.jpg 1600w\" sizes=\"auto, (max-width: 767px) 89vw, (max-width: 1000px) 54vw, (max-width: 1071px) 543px, 580px\" \/><\/figure>\n\n\n\n<figure class=\"wp-block-image size-large\"><img loading=\"lazy\" decoding=\"async\" width=\"1024\" height=\"461\" data-id=\"5754\" src=\"https:\/\/maternelle.providence-wavre.be\/wp-content\/uploads\/2025\/04\/IMG-20250415-WA0018-1-1024x461.jpg\" alt=\"\" class=\"wp-image-5754\" srcset=\"https:\/\/maternelle.providence-wavre.be\/wp-content\/uploads\/2025\/04\/IMG-20250415-WA0018-1-1024x461.jpg 1024w, https:\/\/maternelle.providence-wavre.be\/wp-content\/uploads\/2025\/04\/IMG-20250415-WA0018-1-300x135.jpg 300w, https:\/\/maternelle.providence-wavre.be\/wp-content\/uploads\/2025\/04\/IMG-20250415-WA0018-1-768x346.jpg 768w, https:\/\/maternelle.providence-wavre.be\/wp-content\/uploads\/2025\/04\/IMG-20250415-WA0018-1-1536x691.jpg 1536w, https:\/\/maternelle.providence-wavre.be\/wp-content\/uploads\/2025\/04\/IMG-20250415-WA0018-1.jpg 1600w\" sizes=\"auto, (max-width: 767px) 89vw, (max-width: 1000px) 54vw, (max-width: 1071px) 543px, 580px\" \/><\/figure>\n<\/figure>\n\n\n\n<figure class=\"wp-block-gallery has-nested-images columns-default is-cropped wp-block-gallery-5 is-layout-flex wp-block-gallery-is-layout-flex\">\n<figure class=\"wp-block-image size-large\"><img loading=\"lazy\" decoding=\"async\" width=\"461\" height=\"1024\" data-id=\"5756\" src=\"https:\/\/maternelle.providence-wavre.be\/wp-content\/uploads\/2025\/04\/IMG-20250415-WA0020-1-461x1024.jpg\" alt=\"\" class=\"wp-image-5756\" srcset=\"https:\/\/maternelle.providence-wavre.be\/wp-content\/uploads\/2025\/04\/IMG-20250415-WA0020-1-461x1024.jpg 461w, https:\/\/maternelle.providence-wavre.be\/wp-content\/uploads\/2025\/04\/IMG-20250415-WA0020-1-135x300.jpg 135w, https:\/\/maternelle.providence-wavre.be\/wp-content\/uploads\/2025\/04\/IMG-20250415-WA0020-1-691x1536.jpg 691w, https:\/\/maternelle.providence-wavre.be\/wp-content\/uploads\/2025\/04\/IMG-20250415-WA0020-1.jpg 720w\" sizes=\"auto, (max-width: 461px) 100vw, 461px\" \/><\/figure>\n\n\n\n<figure class=\"wp-block-image size-large\"><img loading=\"lazy\" decoding=\"async\" width=\"461\" height=\"1024\" data-id=\"5755\" src=\"https:\/\/maternelle.providence-wavre.be\/wp-content\/uploads\/2025\/04\/IMG-20250415-WA0021-1-461x1024.jpg\" alt=\"\" class=\"wp-image-5755\" srcset=\"https:\/\/maternelle.providence-wavre.be\/wp-content\/uploads\/2025\/04\/IMG-20250415-WA0021-1-461x1024.jpg 461w, https:\/\/maternelle.providence-wavre.be\/wp-content\/uploads\/2025\/04\/IMG-20250415-WA0021-1-135x300.jpg 135w, https:\/\/maternelle.providence-wavre.be\/wp-content\/uploads\/2025\/04\/IMG-20250415-WA0021-1-691x1536.jpg 691w, https:\/\/maternelle.providence-wavre.be\/wp-content\/uploads\/2025\/04\/IMG-20250415-WA0021-1.jpg 720w\" sizes=\"auto, (max-width: 461px) 100vw, 461px\" \/><\/figure>\n\n\n\n<figure class=\"wp-block-image size-large\"><img loading=\"lazy\" decoding=\"async\" width=\"1024\" height=\"461\" data-id=\"5758\" src=\"https:\/\/maternelle.providence-wavre.be\/wp-content\/uploads\/2025\/04\/IMG-20250415-WA0022-1-1024x461.jpg\" alt=\"\" class=\"wp-image-5758\" srcset=\"https:\/\/maternelle.providence-wavre.be\/wp-content\/uploads\/2025\/04\/IMG-20250415-WA0022-1-1024x461.jpg 1024w, https:\/\/maternelle.providence-wavre.be\/wp-content\/uploads\/2025\/04\/IMG-20250415-WA0022-1-300x135.jpg 300w, https:\/\/maternelle.providence-wavre.be\/wp-content\/uploads\/2025\/04\/IMG-20250415-WA0022-1-768x346.jpg 768w, https:\/\/maternelle.providence-wavre.be\/wp-content\/uploads\/2025\/04\/IMG-20250415-WA0022-1-1536x691.jpg 1536w, https:\/\/maternelle.providence-wavre.be\/wp-content\/uploads\/2025\/04\/IMG-20250415-WA0022-1.jpg 1600w\" sizes=\"auto, (max-width: 767px) 89vw, (max-width: 1000px) 54vw, (max-width: 1071px) 543px, 580px\" \/><\/figure>\n<\/figure>\n\n\n\n<figure class=\"wp-block-gallery has-nested-images columns-default is-cropped wp-block-gallery-6 is-layout-flex wp-block-gallery-is-layout-flex\">\n<figure class=\"wp-block-image size-large\"><img loading=\"lazy\" decoding=\"async\" width=\"461\" height=\"1024\" data-id=\"5760\" src=\"https:\/\/maternelle.providence-wavre.be\/wp-content\/uploads\/2025\/04\/IMG-20250415-WA0023-1-461x1024.jpg\" alt=\"\" class=\"wp-image-5760\" srcset=\"https:\/\/maternelle.providence-wavre.be\/wp-content\/uploads\/2025\/04\/IMG-20250415-WA0023-1-461x1024.jpg 461w, https:\/\/maternelle.providence-wavre.be\/wp-content\/uploads\/2025\/04\/IMG-20250415-WA0023-1-135x300.jpg 135w, https:\/\/maternelle.providence-wavre.be\/wp-content\/uploads\/2025\/04\/IMG-20250415-WA0023-1-691x1536.jpg 691w, https:\/\/maternelle.providence-wavre.be\/wp-content\/uploads\/2025\/04\/IMG-20250415-WA0023-1.jpg 720w\" sizes=\"auto, (max-width: 461px) 100vw, 461px\" \/><\/figure>\n\n\n\n<figure class=\"wp-block-image size-large\"><img loading=\"lazy\" decoding=\"async\" width=\"461\" height=\"1024\" data-id=\"5759\" src=\"https:\/\/maternelle.providence-wavre.be\/wp-content\/uploads\/2025\/04\/IMG-20250415-WA0024-1-461x1024.jpg\" alt=\"\" class=\"wp-image-5759\" srcset=\"https:\/\/maternelle.providence-wavre.be\/wp-content\/uploads\/2025\/04\/IMG-20250415-WA0024-1-461x1024.jpg 461w, https:\/\/maternelle.providence-wavre.be\/wp-content\/uploads\/2025\/04\/IMG-20250415-WA0024-1-135x300.jpg 135w, https:\/\/maternelle.providence-wavre.be\/wp-content\/uploads\/2025\/04\/IMG-20250415-WA0024-1-691x1536.jpg 691w, https:\/\/maternelle.providence-wavre.be\/wp-content\/uploads\/2025\/04\/IMG-20250415-WA0024-1.jpg 720w\" sizes=\"auto, (max-width: 461px) 100vw, 461px\" \/><\/figure>\n<\/figure>\n\n\n\n<figure class=\"wp-block-gallery has-nested-images columns-default is-cropped wp-block-gallery-7 is-layout-flex wp-block-gallery-is-layout-flex\">\n<figure class=\"wp-block-image size-large\"><img loading=\"lazy\" decoding=\"async\" width=\"434\" height=\"263\" data-id=\"5761\" src=\"https:\/\/maternelle.providence-wavre.be\/wp-content\/uploads\/2025\/04\/IMG-20250415-WA0025-1.jpg\" alt=\"\" class=\"wp-image-5761\" srcset=\"https:\/\/maternelle.providence-wavre.be\/wp-content\/uploads\/2025\/04\/IMG-20250415-WA0025-1.jpg 434w, https:\/\/maternelle.providence-wavre.be\/wp-content\/uploads\/2025\/04\/IMG-20250415-WA0025-1-300x182.jpg 300w\" sizes=\"auto, (max-width: 434px) 100vw, 434px\" \/><\/figure>\n<\/figure>\n","protected":false},"excerpt":{"rendered":"<p>Madame Bouhon, notre directrice avec classe, a travaill\u00e9 un long moment en ateliers avec les enfants de l&rsquo;\u00e9cole sur l&rsquo;histoire de P\u00e2ques. Les le\u00e7ons de religion catholique se sont succ\u00e9d\u00e9es et les enfants ont appris la v\u00e9ritable histoire de P\u00e2ques. Apr\u00e8s s&rsquo;\u00eatre pr\u00e9par\u00e9s \u00e9galement avec leurs institutrices en apprenant chants et psaumes, les enfants se &hellip; <\/p>\n<p class=\"link-more\"><a href=\"https:\/\/maternelle.providence-wavre.be\/index.php\/messe-de-paques-a-leglise-de-wavre\/\" class=\"more-link\">Continuer la lecture<span class=\"screen-reader-text\"> de &laquo;&nbsp;Messe de P\u00e2ques \u00e0 l&rsquo;\u00e9glise de Wavre&nbsp;&raquo;<\/span><\/a><\/p>\n","protected":false},"author":1,"featured_media":0,"parent":0,"menu_order":0,"comment_status":"closed","ping_status":"closed","template":"","meta":{"footnotes":""},"class_list":["post-5725","page","type-page","status-publish","hentry"],"_links":{"self":[{"href":"https:\/\/maternelle.providence-wavre.be\/index.php\/wp-json\/wp\/v2\/pages\/5725","targetHints":{"allow":["GET"]}}],"collection":[{"href":"https:\/\/maternelle.providence-wavre.be\/index.php\/wp-json\/wp\/v2\/pages"}],"about":[{"href":"https:\/\/maternelle.providence-wavre.be\/index.php\/wp-json\/wp\/v2\/types\/page"}],"author":[{"embeddable":true,"href":"https:\/\/maternelle.providence-wavre.be\/index.php\/wp-json\/wp\/v2\/users\/1"}],"replies":[{"embeddable":true,"href":"https:\/\/maternelle.providence-wavre.be\/index.php\/wp-json\/wp\/v2\/comments?post=5725"}],"version-history":[{"count":3,"href":"https:\/\/maternelle.providence-wavre.be\/index.php\/wp-json\/wp\/v2\/pages\/5725\/revisions"}],"predecessor-version":[{"id":5763,"href":"https:\/\/maternelle.providence-wavre.be\/index.php\/wp-json\/wp\/v2\/pages\/5725\/revisions\/5763"}],"wp:attachment":[{"href":"https:\/\/maternelle.providence-wavre.be\/index.php\/wp-json\/wp\/v2\/media?parent=5725"}],"curies":[{"name":"wp","href":"https:\/\/api.w.org\/{rel}","templated":true}]}}