{"id":5837,"date":"2025-08-26T12:04:06","date_gmt":"2025-08-26T10:04:06","guid":{"rendered":"https:\/\/maternelle.providence-wavre.be\/?page_id=5837"},"modified":"2025-08-26T12:04:06","modified_gmt":"2025-08-26T10:04:06","slug":"quelques-photos-de-lannee-2024-2025","status":"publish","type":"page","link":"https:\/\/maternelle.providence-wavre.be\/index.php\/quelques-photos-de-lannee-2024-2025\/","title":{"rendered":"Quelques photos de l&rsquo;ann\u00e9e 2024-2025"},"content":{"rendered":"\n<p>Dans ces quelques clich\u00e9s, vous pouvez d\u00e9couvrir certains moments cl\u00e9s ainsi que des traditions \u00ab\u00a0made in Providence\u00a0\u00bb. <\/p>\n\n\n\n<p><\/p>\n","protected":false},"excerpt":{"rendered":"<p>Dans ces quelques clich\u00e9s, vous pouvez d\u00e9couvrir certains moments cl\u00e9s ainsi que des traditions \u00ab\u00a0made in Providence\u00a0\u00bb.<\/p>\n","protected":false},"author":1,"featured_media":0,"parent":0,"menu_order":0,"comment_status":"closed","ping_status":"closed","template":"","meta":{"footnotes":""},"class_list":["post-5837","page","type-page","status-publish","hentry"],"_links":{"self":[{"href":"https:\/\/maternelle.providence-wavre.be\/index.php\/wp-json\/wp\/v2\/pages\/5837","targetHints":{"allow":["GET"]}}],"collection":[{"href":"https:\/\/maternelle.providence-wavre.be\/index.php\/wp-json\/wp\/v2\/pages"}],"about":[{"href":"https:\/\/maternelle.providence-wavre.be\/index.php\/wp-json\/wp\/v2\/types\/page"}],"author":[{"embeddable":true,"href":"https:\/\/maternelle.providence-wavre.be\/index.php\/wp-json\/wp\/v2\/users\/1"}],"replies":[{"embeddable":true,"href":"https:\/\/maternelle.providence-wavre.be\/index.php\/wp-json\/wp\/v2\/comments?post=5837"}],"version-history":[{"count":1,"href":"https:\/\/maternelle.providence-wavre.be\/index.php\/wp-json\/wp\/v2\/pages\/5837\/revisions"}],"predecessor-version":[{"id":5840,"href":"https:\/\/maternelle.providence-wavre.be\/index.php\/wp-json\/wp\/v2\/pages\/5837\/revisions\/5840"}],"wp:attachment":[{"href":"https:\/\/maternelle.providence-wavre.be\/index.php\/wp-json\/wp\/v2\/media?parent=5837"}],"curies":[{"name":"wp","href":"https:\/\/api.w.org\/{rel}","templated":true}]}}