{"id":5862,"date":"2025-09-02T14:35:50","date_gmt":"2025-09-02T12:35:50","guid":{"rendered":"https:\/\/maternelle.providence-wavre.be\/?page_id=5862"},"modified":"2025-09-02T14:35:50","modified_gmt":"2025-09-02T12:35:50","slug":"visite-de-debut-dannee","status":"publish","type":"page","link":"https:\/\/maternelle.providence-wavre.be\/index.php\/visite-de-debut-dannee\/","title":{"rendered":"Visite de d\u00e9but d&rsquo;ann\u00e9e"},"content":{"rendered":"\n<p>Quoi de mieux que de jolies retrouvailles! <\/p>\n\n\n\n<p>Apr\u00e8s les grandes vacances, des amis de M3 sont mont\u00e9s en P1. L&rsquo;occasion pour les copains devant encore faire un an en maternelle d&rsquo;aller saluer leurs anciens amis arriv\u00e9s \u00e0 l&rsquo;\u00e9cole primaire.  Une mani\u00e8re \u00e9galement de rencontrer les institutrices et instituteurs de 1\u00e8re primaire et de d\u00e9couvrir la section des plus grands. <\/p>\n\n\n\n<figure class=\"wp-block-gallery has-nested-images columns-default is-cropped wp-block-gallery-1 is-layout-flex wp-block-gallery-is-layout-flex\">\n<figure class=\"wp-block-image size-large\"><img loading=\"lazy\" decoding=\"async\" width=\"1024\" height=\"496\" data-id=\"5865\" src=\"https:\/\/maternelle.providence-wavre.be\/wp-content\/uploads\/2025\/09\/IMG-20250826-WA0053-1024x496.jpg\" alt=\"\" class=\"wp-image-5865\" srcset=\"https:\/\/maternelle.providence-wavre.be\/wp-content\/uploads\/2025\/09\/IMG-20250826-WA0053-1024x496.jpg 1024w, https:\/\/maternelle.providence-wavre.be\/wp-content\/uploads\/2025\/09\/IMG-20250826-WA0053-300x145.jpg 300w, https:\/\/maternelle.providence-wavre.be\/wp-content\/uploads\/2025\/09\/IMG-20250826-WA0053-768x372.jpg 768w, https:\/\/maternelle.providence-wavre.be\/wp-content\/uploads\/2025\/09\/IMG-20250826-WA0053-1536x743.jpg 1536w, https:\/\/maternelle.providence-wavre.be\/wp-content\/uploads\/2025\/09\/IMG-20250826-WA0053.jpg 2000w\" sizes=\"auto, (max-width: 767px) 89vw, (max-width: 1000px) 54vw, (max-width: 1071px) 543px, 580px\" \/><\/figure>\n\n\n\n<figure class=\"wp-block-image size-large\"><img loading=\"lazy\" decoding=\"async\" width=\"1024\" height=\"496\" data-id=\"5863\" src=\"https:\/\/maternelle.providence-wavre.be\/wp-content\/uploads\/2025\/09\/IMG-20250826-WA0054-1024x496.jpg\" alt=\"\" class=\"wp-image-5863\" srcset=\"https:\/\/maternelle.providence-wavre.be\/wp-content\/uploads\/2025\/09\/IMG-20250826-WA0054-1024x496.jpg 1024w, https:\/\/maternelle.providence-wavre.be\/wp-content\/uploads\/2025\/09\/IMG-20250826-WA0054-300x145.jpg 300w, https:\/\/maternelle.providence-wavre.be\/wp-content\/uploads\/2025\/09\/IMG-20250826-WA0054-768x372.jpg 768w, https:\/\/maternelle.providence-wavre.be\/wp-content\/uploads\/2025\/09\/IMG-20250826-WA0054-1536x743.jpg 1536w, https:\/\/maternelle.providence-wavre.be\/wp-content\/uploads\/2025\/09\/IMG-20250826-WA0054.jpg 2000w\" sizes=\"auto, (max-width: 767px) 89vw, (max-width: 1000px) 54vw, (max-width: 1071px) 543px, 580px\" \/><\/figure>\n\n\n\n<figure class=\"wp-block-image size-large\"><img loading=\"lazy\" decoding=\"async\" width=\"1024\" height=\"496\" data-id=\"5866\" src=\"https:\/\/maternelle.providence-wavre.be\/wp-content\/uploads\/2025\/09\/IMG-20250826-WA0057-1024x496.jpg\" alt=\"\" class=\"wp-image-5866\" srcset=\"https:\/\/maternelle.providence-wavre.be\/wp-content\/uploads\/2025\/09\/IMG-20250826-WA0057-1024x496.jpg 1024w, https:\/\/maternelle.providence-wavre.be\/wp-content\/uploads\/2025\/09\/IMG-20250826-WA0057-300x145.jpg 300w, https:\/\/maternelle.providence-wavre.be\/wp-content\/uploads\/2025\/09\/IMG-20250826-WA0057-768x372.jpg 768w, https:\/\/maternelle.providence-wavre.be\/wp-content\/uploads\/2025\/09\/IMG-20250826-WA0057-1536x743.jpg 1536w, https:\/\/maternelle.providence-wavre.be\/wp-content\/uploads\/2025\/09\/IMG-20250826-WA0057.jpg 2000w\" sizes=\"auto, (max-width: 767px) 89vw, (max-width: 1000px) 54vw, (max-width: 1071px) 543px, 580px\" \/><\/figure>\n\n\n\n<figure class=\"wp-block-image size-large\"><img loading=\"lazy\" decoding=\"async\" width=\"1024\" height=\"496\" data-id=\"5864\" src=\"https:\/\/maternelle.providence-wavre.be\/wp-content\/uploads\/2025\/09\/IMG-20250826-WA0058-1024x496.jpg\" alt=\"\" class=\"wp-image-5864\" srcset=\"https:\/\/maternelle.providence-wavre.be\/wp-content\/uploads\/2025\/09\/IMG-20250826-WA0058-1024x496.jpg 1024w, https:\/\/maternelle.providence-wavre.be\/wp-content\/uploads\/2025\/09\/IMG-20250826-WA0058-300x145.jpg 300w, https:\/\/maternelle.providence-wavre.be\/wp-content\/uploads\/2025\/09\/IMG-20250826-WA0058-768x372.jpg 768w, https:\/\/maternelle.providence-wavre.be\/wp-content\/uploads\/2025\/09\/IMG-20250826-WA0058-1536x743.jpg 1536w, https:\/\/maternelle.providence-wavre.be\/wp-content\/uploads\/2025\/09\/IMG-20250826-WA0058.jpg 2000w\" sizes=\"auto, (max-width: 767px) 89vw, (max-width: 1000px) 54vw, (max-width: 1071px) 543px, 580px\" \/><\/figure>\n<\/figure>\n\n\n\n<figure class=\"wp-block-gallery has-nested-images columns-default is-cropped wp-block-gallery-2 is-layout-flex wp-block-gallery-is-layout-flex\">\n<figure class=\"wp-block-image size-large\"><img loading=\"lazy\" decoding=\"async\" width=\"496\" height=\"1024\" data-id=\"5867\" src=\"https:\/\/maternelle.providence-wavre.be\/wp-content\/uploads\/2025\/09\/IMG-20250826-WA0060-496x1024.jpg\" alt=\"\" class=\"wp-image-5867\" srcset=\"https:\/\/maternelle.providence-wavre.be\/wp-content\/uploads\/2025\/09\/IMG-20250826-WA0060-496x1024.jpg 496w, https:\/\/maternelle.providence-wavre.be\/wp-content\/uploads\/2025\/09\/IMG-20250826-WA0060-145x300.jpg 145w, https:\/\/maternelle.providence-wavre.be\/wp-content\/uploads\/2025\/09\/IMG-20250826-WA0060-768x1587.jpg 768w, https:\/\/maternelle.providence-wavre.be\/wp-content\/uploads\/2025\/09\/IMG-20250826-WA0060-743x1536.jpg 743w, https:\/\/maternelle.providence-wavre.be\/wp-content\/uploads\/2025\/09\/IMG-20250826-WA0060.jpg 968w\" sizes=\"auto, (max-width: 496px) 100vw, 496px\" \/><\/figure>\n<\/figure>\n","protected":false},"excerpt":{"rendered":"<p>Quoi de mieux que de jolies retrouvailles! Apr\u00e8s les grandes vacances, des amis de M3 sont mont\u00e9s en P1. L&rsquo;occasion pour les copains devant encore faire un an en maternelle d&rsquo;aller saluer leurs anciens amis arriv\u00e9s \u00e0 l&rsquo;\u00e9cole primaire. Une mani\u00e8re \u00e9galement de rencontrer les institutrices et instituteurs de 1\u00e8re primaire et de d\u00e9couvrir la &hellip; <\/p>\n<p class=\"link-more\"><a href=\"https:\/\/maternelle.providence-wavre.be\/index.php\/visite-de-debut-dannee\/\" class=\"more-link\">Continuer la lecture<span class=\"screen-reader-text\"> de &laquo;&nbsp;Visite de d\u00e9but d&rsquo;ann\u00e9e&nbsp;&raquo;<\/span><\/a><\/p>\n","protected":false},"author":1,"featured_media":0,"parent":0,"menu_order":0,"comment_status":"closed","ping_status":"closed","template":"","meta":{"footnotes":""},"class_list":["post-5862","page","type-page","status-publish","hentry"],"_links":{"self":[{"href":"https:\/\/maternelle.providence-wavre.be\/index.php\/wp-json\/wp\/v2\/pages\/5862","targetHints":{"allow":["GET"]}}],"collection":[{"href":"https:\/\/maternelle.providence-wavre.be\/index.php\/wp-json\/wp\/v2\/pages"}],"about":[{"href":"https:\/\/maternelle.providence-wavre.be\/index.php\/wp-json\/wp\/v2\/types\/page"}],"author":[{"embeddable":true,"href":"https:\/\/maternelle.providence-wavre.be\/index.php\/wp-json\/wp\/v2\/users\/1"}],"replies":[{"embeddable":true,"href":"https:\/\/maternelle.providence-wavre.be\/index.php\/wp-json\/wp\/v2\/comments?post=5862"}],"version-history":[{"count":1,"href":"https:\/\/maternelle.providence-wavre.be\/index.php\/wp-json\/wp\/v2\/pages\/5862\/revisions"}],"predecessor-version":[{"id":5870,"href":"https:\/\/maternelle.providence-wavre.be\/index.php\/wp-json\/wp\/v2\/pages\/5862\/revisions\/5870"}],"wp:attachment":[{"href":"https:\/\/maternelle.providence-wavre.be\/index.php\/wp-json\/wp\/v2\/media?parent=5862"}],"curies":[{"name":"wp","href":"https:\/\/api.w.org\/{rel}","templated":true}]}}