{"id":5871,"date":"2025-09-02T14:55:29","date_gmt":"2025-09-02T12:55:29","guid":{"rendered":"https:\/\/maternelle.providence-wavre.be\/?page_id=5871"},"modified":"2025-09-02T14:55:29","modified_gmt":"2025-09-02T12:55:29","slug":"quelques-activites-de-rentree","status":"publish","type":"page","link":"https:\/\/maternelle.providence-wavre.be\/index.php\/quelques-activites-de-rentree\/","title":{"rendered":"Quelques activit\u00e9s de rentr\u00e9e."},"content":{"rendered":"\n<p>En M2-M3, les institutrices partagent certaines de leurs activit\u00e9s et elles adaptent celles-ci en fonction des comp\u00e9tences qui doivent \u00eatre d\u00e9velopp\u00e9es dans chaque classe. La diff\u00e9renciation est de mise. <\/p>\n\n\n\n<p>Voici de chouettes photos des amis de M2 et M3 en plein travail de d\u00e9but d&rsquo;ann\u00e9e.<\/p>\n\n\n\n<figure class=\"wp-block-gallery has-nested-images columns-default is-cropped wp-block-gallery-1 is-layout-flex wp-block-gallery-is-layout-flex\">\n<figure class=\"wp-block-image size-large\"><img loading=\"lazy\" decoding=\"async\" width=\"1024\" height=\"496\" data-id=\"5900\" src=\"https:\/\/maternelle.providence-wavre.be\/wp-content\/uploads\/2025\/09\/IMG-20250826-WA0059-2-1024x496.jpg\" alt=\"\" class=\"wp-image-5900\" srcset=\"https:\/\/maternelle.providence-wavre.be\/wp-content\/uploads\/2025\/09\/IMG-20250826-WA0059-2-1024x496.jpg 1024w, https:\/\/maternelle.providence-wavre.be\/wp-content\/uploads\/2025\/09\/IMG-20250826-WA0059-2-300x145.jpg 300w, https:\/\/maternelle.providence-wavre.be\/wp-content\/uploads\/2025\/09\/IMG-20250826-WA0059-2-768x372.jpg 768w, https:\/\/maternelle.providence-wavre.be\/wp-content\/uploads\/2025\/09\/IMG-20250826-WA0059-2-1536x743.jpg 1536w, https:\/\/maternelle.providence-wavre.be\/wp-content\/uploads\/2025\/09\/IMG-20250826-WA0059-2.jpg 2000w\" sizes=\"auto, (max-width: 767px) 89vw, (max-width: 1000px) 54vw, (max-width: 1071px) 543px, 580px\" \/><\/figure>\n\n\n\n<figure class=\"wp-block-image size-large\"><img loading=\"lazy\" decoding=\"async\" width=\"1024\" height=\"496\" data-id=\"5901\" src=\"https:\/\/maternelle.providence-wavre.be\/wp-content\/uploads\/2025\/09\/IMG-20250826-WA0062-2-1024x496.jpg\" alt=\"\" class=\"wp-image-5901\" srcset=\"https:\/\/maternelle.providence-wavre.be\/wp-content\/uploads\/2025\/09\/IMG-20250826-WA0062-2-1024x496.jpg 1024w, https:\/\/maternelle.providence-wavre.be\/wp-content\/uploads\/2025\/09\/IMG-20250826-WA0062-2-300x145.jpg 300w, https:\/\/maternelle.providence-wavre.be\/wp-content\/uploads\/2025\/09\/IMG-20250826-WA0062-2-768x372.jpg 768w, https:\/\/maternelle.providence-wavre.be\/wp-content\/uploads\/2025\/09\/IMG-20250826-WA0062-2-1536x743.jpg 1536w, https:\/\/maternelle.providence-wavre.be\/wp-content\/uploads\/2025\/09\/IMG-20250826-WA0062-2.jpg 2000w\" sizes=\"auto, (max-width: 767px) 89vw, (max-width: 1000px) 54vw, (max-width: 1071px) 543px, 580px\" \/><\/figure>\n<\/figure>\n\n\n\n<figure class=\"wp-block-gallery has-nested-images columns-default is-cropped wp-block-gallery-2 is-layout-flex wp-block-gallery-is-layout-flex\">\n<figure class=\"wp-block-image size-large\"><img loading=\"lazy\" decoding=\"async\" width=\"1024\" height=\"844\" data-id=\"5904\" src=\"https:\/\/maternelle.providence-wavre.be\/wp-content\/uploads\/2025\/09\/IMG-20250826-WA0069-3-1024x844.jpg\" alt=\"\" class=\"wp-image-5904\" srcset=\"https:\/\/maternelle.providence-wavre.be\/wp-content\/uploads\/2025\/09\/IMG-20250826-WA0069-3-1024x844.jpg 1024w, https:\/\/maternelle.providence-wavre.be\/wp-content\/uploads\/2025\/09\/IMG-20250826-WA0069-3-300x247.jpg 300w, https:\/\/maternelle.providence-wavre.be\/wp-content\/uploads\/2025\/09\/IMG-20250826-WA0069-3-768x633.jpg 768w, https:\/\/maternelle.providence-wavre.be\/wp-content\/uploads\/2025\/09\/IMG-20250826-WA0069-3.jpg 1112w\" sizes=\"auto, (max-width: 767px) 89vw, (max-width: 1000px) 54vw, (max-width: 1071px) 543px, 580px\" \/><\/figure>\n<\/figure>\n\n\n\n<figure class=\"wp-block-gallery has-nested-images columns-default is-cropped wp-block-gallery-3 is-layout-flex wp-block-gallery-is-layout-flex\">\n<figure class=\"wp-block-image size-large\"><img loading=\"lazy\" decoding=\"async\" width=\"496\" height=\"1024\" data-id=\"5905\" src=\"https:\/\/maternelle.providence-wavre.be\/wp-content\/uploads\/2025\/09\/IMG-20250826-WA0074-1-496x1024.jpg\" alt=\"\" class=\"wp-image-5905\" srcset=\"https:\/\/maternelle.providence-wavre.be\/wp-content\/uploads\/2025\/09\/IMG-20250826-WA0074-1-496x1024.jpg 496w, https:\/\/maternelle.providence-wavre.be\/wp-content\/uploads\/2025\/09\/IMG-20250826-WA0074-1-145x300.jpg 145w, https:\/\/maternelle.providence-wavre.be\/wp-content\/uploads\/2025\/09\/IMG-20250826-WA0074-1-768x1587.jpg 768w, https:\/\/maternelle.providence-wavre.be\/wp-content\/uploads\/2025\/09\/IMG-20250826-WA0074-1-743x1536.jpg 743w, https:\/\/maternelle.providence-wavre.be\/wp-content\/uploads\/2025\/09\/IMG-20250826-WA0074-1.jpg 968w\" sizes=\"auto, (max-width: 496px) 100vw, 496px\" \/><\/figure>\n\n\n\n<figure class=\"wp-block-image size-large\"><img loading=\"lazy\" decoding=\"async\" width=\"496\" height=\"1024\" data-id=\"5907\" src=\"https:\/\/maternelle.providence-wavre.be\/wp-content\/uploads\/2025\/09\/IMG-20250826-WA0075-1-496x1024.jpg\" alt=\"\" class=\"wp-image-5907\" srcset=\"https:\/\/maternelle.providence-wavre.be\/wp-content\/uploads\/2025\/09\/IMG-20250826-WA0075-1-496x1024.jpg 496w, https:\/\/maternelle.providence-wavre.be\/wp-content\/uploads\/2025\/09\/IMG-20250826-WA0075-1-145x300.jpg 145w, https:\/\/maternelle.providence-wavre.be\/wp-content\/uploads\/2025\/09\/IMG-20250826-WA0075-1-768x1587.jpg 768w, https:\/\/maternelle.providence-wavre.be\/wp-content\/uploads\/2025\/09\/IMG-20250826-WA0075-1-743x1536.jpg 743w, https:\/\/maternelle.providence-wavre.be\/wp-content\/uploads\/2025\/09\/IMG-20250826-WA0075-1.jpg 968w\" sizes=\"auto, (max-width: 496px) 100vw, 496px\" \/><\/figure>\n\n\n\n<figure class=\"wp-block-image size-large\"><img loading=\"lazy\" decoding=\"async\" width=\"496\" height=\"1024\" data-id=\"5906\" src=\"https:\/\/maternelle.providence-wavre.be\/wp-content\/uploads\/2025\/09\/IMG-20250826-WA0076-1-496x1024.jpg\" alt=\"\" class=\"wp-image-5906\" srcset=\"https:\/\/maternelle.providence-wavre.be\/wp-content\/uploads\/2025\/09\/IMG-20250826-WA0076-1-496x1024.jpg 496w, https:\/\/maternelle.providence-wavre.be\/wp-content\/uploads\/2025\/09\/IMG-20250826-WA0076-1-145x300.jpg 145w, https:\/\/maternelle.providence-wavre.be\/wp-content\/uploads\/2025\/09\/IMG-20250826-WA0076-1-768x1587.jpg 768w, https:\/\/maternelle.providence-wavre.be\/wp-content\/uploads\/2025\/09\/IMG-20250826-WA0076-1-743x1536.jpg 743w, https:\/\/maternelle.providence-wavre.be\/wp-content\/uploads\/2025\/09\/IMG-20250826-WA0076-1.jpg 968w\" sizes=\"auto, (max-width: 496px) 100vw, 496px\" \/><\/figure>\n<\/figure>\n\n\n\n<figure class=\"wp-block-gallery has-nested-images columns-default is-cropped wp-block-gallery-4 is-layout-flex wp-block-gallery-is-layout-flex\">\n<figure class=\"wp-block-image size-large\"><img loading=\"lazy\" decoding=\"async\" width=\"1024\" height=\"496\" data-id=\"5908\" src=\"https:\/\/maternelle.providence-wavre.be\/wp-content\/uploads\/2025\/09\/IMG-20250828-WA0029-1-1024x496.jpg\" alt=\"\" class=\"wp-image-5908\" srcset=\"https:\/\/maternelle.providence-wavre.be\/wp-content\/uploads\/2025\/09\/IMG-20250828-WA0029-1-1024x496.jpg 1024w, https:\/\/maternelle.providence-wavre.be\/wp-content\/uploads\/2025\/09\/IMG-20250828-WA0029-1-300x145.jpg 300w, https:\/\/maternelle.providence-wavre.be\/wp-content\/uploads\/2025\/09\/IMG-20250828-WA0029-1-768x372.jpg 768w, https:\/\/maternelle.providence-wavre.be\/wp-content\/uploads\/2025\/09\/IMG-20250828-WA0029-1-1536x743.jpg 1536w, https:\/\/maternelle.providence-wavre.be\/wp-content\/uploads\/2025\/09\/IMG-20250828-WA0029-1.jpg 2000w\" sizes=\"auto, (max-width: 767px) 89vw, (max-width: 1000px) 54vw, (max-width: 1071px) 543px, 580px\" \/><\/figure>\n<\/figure>\n\n\n\n<figure class=\"wp-block-gallery has-nested-images columns-default is-cropped wp-block-gallery-5 is-layout-flex wp-block-gallery-is-layout-flex\">\n<figure class=\"wp-block-image size-large\"><img loading=\"lazy\" decoding=\"async\" width=\"1024\" height=\"496\" data-id=\"5924\" src=\"https:\/\/maternelle.providence-wavre.be\/wp-content\/uploads\/2025\/09\/IMG-20250828-WA0031-1-1024x496.jpg\" alt=\"\" class=\"wp-image-5924\" srcset=\"https:\/\/maternelle.providence-wavre.be\/wp-content\/uploads\/2025\/09\/IMG-20250828-WA0031-1-1024x496.jpg 1024w, https:\/\/maternelle.providence-wavre.be\/wp-content\/uploads\/2025\/09\/IMG-20250828-WA0031-1-300x145.jpg 300w, https:\/\/maternelle.providence-wavre.be\/wp-content\/uploads\/2025\/09\/IMG-20250828-WA0031-1-768x372.jpg 768w, https:\/\/maternelle.providence-wavre.be\/wp-content\/uploads\/2025\/09\/IMG-20250828-WA0031-1-1536x743.jpg 1536w, https:\/\/maternelle.providence-wavre.be\/wp-content\/uploads\/2025\/09\/IMG-20250828-WA0031-1.jpg 2000w\" sizes=\"auto, (max-width: 767px) 89vw, (max-width: 1000px) 54vw, (max-width: 1071px) 543px, 580px\" \/><\/figure>\n\n\n\n<figure class=\"wp-block-image size-large\"><img loading=\"lazy\" decoding=\"async\" width=\"1024\" height=\"496\" data-id=\"5909\" src=\"https:\/\/maternelle.providence-wavre.be\/wp-content\/uploads\/2025\/09\/IMG-20250828-WA0032-1-1024x496.jpg\" alt=\"\" class=\"wp-image-5909\" srcset=\"https:\/\/maternelle.providence-wavre.be\/wp-content\/uploads\/2025\/09\/IMG-20250828-WA0032-1-1024x496.jpg 1024w, https:\/\/maternelle.providence-wavre.be\/wp-content\/uploads\/2025\/09\/IMG-20250828-WA0032-1-300x145.jpg 300w, https:\/\/maternelle.providence-wavre.be\/wp-content\/uploads\/2025\/09\/IMG-20250828-WA0032-1-768x372.jpg 768w, https:\/\/maternelle.providence-wavre.be\/wp-content\/uploads\/2025\/09\/IMG-20250828-WA0032-1-1536x743.jpg 1536w, https:\/\/maternelle.providence-wavre.be\/wp-content\/uploads\/2025\/09\/IMG-20250828-WA0032-1.jpg 2000w\" sizes=\"auto, (max-width: 767px) 89vw, (max-width: 1000px) 54vw, (max-width: 1071px) 543px, 580px\" \/><\/figure>\n\n\n\n<figure class=\"wp-block-image size-large\"><img loading=\"lazy\" decoding=\"async\" width=\"496\" height=\"1024\" data-id=\"5920\" src=\"https:\/\/maternelle.providence-wavre.be\/wp-content\/uploads\/2025\/09\/IMG-20250828-WA0033-1-496x1024.jpg\" alt=\"\" class=\"wp-image-5920\" srcset=\"https:\/\/maternelle.providence-wavre.be\/wp-content\/uploads\/2025\/09\/IMG-20250828-WA0033-1-496x1024.jpg 496w, https:\/\/maternelle.providence-wavre.be\/wp-content\/uploads\/2025\/09\/IMG-20250828-WA0033-1-145x300.jpg 145w, https:\/\/maternelle.providence-wavre.be\/wp-content\/uploads\/2025\/09\/IMG-20250828-WA0033-1-768x1587.jpg 768w, https:\/\/maternelle.providence-wavre.be\/wp-content\/uploads\/2025\/09\/IMG-20250828-WA0033-1-743x1536.jpg 743w, https:\/\/maternelle.providence-wavre.be\/wp-content\/uploads\/2025\/09\/IMG-20250828-WA0033-1.jpg 968w\" sizes=\"auto, (max-width: 496px) 100vw, 496px\" \/><\/figure>\n\n\n\n<figure class=\"wp-block-image size-large\"><img loading=\"lazy\" decoding=\"async\" width=\"1024\" height=\"496\" data-id=\"5921\" src=\"https:\/\/maternelle.providence-wavre.be\/wp-content\/uploads\/2025\/09\/IMG-20250828-WA0036-1-1024x496.jpg\" alt=\"\" class=\"wp-image-5921\" srcset=\"https:\/\/maternelle.providence-wavre.be\/wp-content\/uploads\/2025\/09\/IMG-20250828-WA0036-1-1024x496.jpg 1024w, https:\/\/maternelle.providence-wavre.be\/wp-content\/uploads\/2025\/09\/IMG-20250828-WA0036-1-300x145.jpg 300w, https:\/\/maternelle.providence-wavre.be\/wp-content\/uploads\/2025\/09\/IMG-20250828-WA0036-1-768x372.jpg 768w, https:\/\/maternelle.providence-wavre.be\/wp-content\/uploads\/2025\/09\/IMG-20250828-WA0036-1-1536x743.jpg 1536w, https:\/\/maternelle.providence-wavre.be\/wp-content\/uploads\/2025\/09\/IMG-20250828-WA0036-1.jpg 2000w\" sizes=\"auto, (max-width: 767px) 89vw, (max-width: 1000px) 54vw, (max-width: 1071px) 543px, 580px\" \/><\/figure>\n\n\n\n<figure class=\"wp-block-image size-large\"><img loading=\"lazy\" decoding=\"async\" width=\"1024\" height=\"768\" data-id=\"5922\" src=\"https:\/\/maternelle.providence-wavre.be\/wp-content\/uploads\/2025\/09\/IMG-20250828-WA0040-1-1024x768.jpg\" alt=\"\" class=\"wp-image-5922\" srcset=\"https:\/\/maternelle.providence-wavre.be\/wp-content\/uploads\/2025\/09\/IMG-20250828-WA0040-1-1024x768.jpg 1024w, https:\/\/maternelle.providence-wavre.be\/wp-content\/uploads\/2025\/09\/IMG-20250828-WA0040-1-300x225.jpg 300w, https:\/\/maternelle.providence-wavre.be\/wp-content\/uploads\/2025\/09\/IMG-20250828-WA0040-1-768x576.jpg 768w, https:\/\/maternelle.providence-wavre.be\/wp-content\/uploads\/2025\/09\/IMG-20250828-WA0040-1-1536x1152.jpg 1536w, https:\/\/maternelle.providence-wavre.be\/wp-content\/uploads\/2025\/09\/IMG-20250828-WA0040-1.jpg 1600w\" sizes=\"auto, (max-width: 767px) 89vw, (max-width: 1000px) 54vw, (max-width: 1071px) 543px, 580px\" \/><\/figure>\n\n\n\n<figure class=\"wp-block-image size-large\"><img loading=\"lazy\" decoding=\"async\" width=\"768\" height=\"1024\" data-id=\"5913\" src=\"https:\/\/maternelle.providence-wavre.be\/wp-content\/uploads\/2025\/09\/IMG-20250828-WA0044-1-768x1024.jpg\" alt=\"\" class=\"wp-image-5913\" srcset=\"https:\/\/maternelle.providence-wavre.be\/wp-content\/uploads\/2025\/09\/IMG-20250828-WA0044-1-768x1024.jpg 768w, https:\/\/maternelle.providence-wavre.be\/wp-content\/uploads\/2025\/09\/IMG-20250828-WA0044-1-225x300.jpg 225w, https:\/\/maternelle.providence-wavre.be\/wp-content\/uploads\/2025\/09\/IMG-20250828-WA0044-1-1152x1536.jpg 1152w, https:\/\/maternelle.providence-wavre.be\/wp-content\/uploads\/2025\/09\/IMG-20250828-WA0044-1.jpg 1200w\" sizes=\"auto, (max-width: 767px) 89vw, (max-width: 1000px) 54vw, (max-width: 1071px) 543px, 580px\" \/><\/figure>\n\n\n\n<figure class=\"wp-block-image size-large\"><img loading=\"lazy\" decoding=\"async\" width=\"768\" height=\"1024\" data-id=\"5918\" src=\"https:\/\/maternelle.providence-wavre.be\/wp-content\/uploads\/2025\/09\/IMG-20250828-WA0045-1-768x1024.jpg\" alt=\"\" class=\"wp-image-5918\" srcset=\"https:\/\/maternelle.providence-wavre.be\/wp-content\/uploads\/2025\/09\/IMG-20250828-WA0045-1-768x1024.jpg 768w, https:\/\/maternelle.providence-wavre.be\/wp-content\/uploads\/2025\/09\/IMG-20250828-WA0045-1-225x300.jpg 225w, https:\/\/maternelle.providence-wavre.be\/wp-content\/uploads\/2025\/09\/IMG-20250828-WA0045-1-1152x1536.jpg 1152w, https:\/\/maternelle.providence-wavre.be\/wp-content\/uploads\/2025\/09\/IMG-20250828-WA0045-1.jpg 1200w\" sizes=\"auto, (max-width: 767px) 89vw, (max-width: 1000px) 54vw, (max-width: 1071px) 543px, 580px\" \/><\/figure>\n\n\n\n<figure class=\"wp-block-image size-large\"><img loading=\"lazy\" decoding=\"async\" width=\"768\" height=\"1024\" data-id=\"5917\" src=\"https:\/\/maternelle.providence-wavre.be\/wp-content\/uploads\/2025\/09\/IMG-20250828-WA0046-1-768x1024.jpg\" alt=\"\" class=\"wp-image-5917\" srcset=\"https:\/\/maternelle.providence-wavre.be\/wp-content\/uploads\/2025\/09\/IMG-20250828-WA0046-1-768x1024.jpg 768w, https:\/\/maternelle.providence-wavre.be\/wp-content\/uploads\/2025\/09\/IMG-20250828-WA0046-1-225x300.jpg 225w, https:\/\/maternelle.providence-wavre.be\/wp-content\/uploads\/2025\/09\/IMG-20250828-WA0046-1-1152x1536.jpg 1152w, https:\/\/maternelle.providence-wavre.be\/wp-content\/uploads\/2025\/09\/IMG-20250828-WA0046-1.jpg 1200w\" sizes=\"auto, (max-width: 767px) 89vw, (max-width: 1000px) 54vw, (max-width: 1071px) 543px, 580px\" \/><\/figure>\n\n\n\n<figure class=\"wp-block-image size-large\"><img loading=\"lazy\" decoding=\"async\" width=\"768\" height=\"1024\" data-id=\"5923\" src=\"https:\/\/maternelle.providence-wavre.be\/wp-content\/uploads\/2025\/09\/IMG-20250828-WA0047-1-768x1024.jpg\" alt=\"\" class=\"wp-image-5923\" srcset=\"https:\/\/maternelle.providence-wavre.be\/wp-content\/uploads\/2025\/09\/IMG-20250828-WA0047-1-768x1024.jpg 768w, https:\/\/maternelle.providence-wavre.be\/wp-content\/uploads\/2025\/09\/IMG-20250828-WA0047-1-225x300.jpg 225w, https:\/\/maternelle.providence-wavre.be\/wp-content\/uploads\/2025\/09\/IMG-20250828-WA0047-1-1152x1536.jpg 1152w, https:\/\/maternelle.providence-wavre.be\/wp-content\/uploads\/2025\/09\/IMG-20250828-WA0047-1.jpg 1200w\" sizes=\"auto, (max-width: 767px) 89vw, (max-width: 1000px) 54vw, (max-width: 1071px) 543px, 580px\" \/><\/figure>\n\n\n\n<figure class=\"wp-block-image size-large\"><img loading=\"lazy\" decoding=\"async\" width=\"768\" height=\"1024\" data-id=\"5914\" src=\"https:\/\/maternelle.providence-wavre.be\/wp-content\/uploads\/2025\/09\/IMG-20250828-WA0051-1-768x1024.jpg\" alt=\"\" class=\"wp-image-5914\" srcset=\"https:\/\/maternelle.providence-wavre.be\/wp-content\/uploads\/2025\/09\/IMG-20250828-WA0051-1-768x1024.jpg 768w, https:\/\/maternelle.providence-wavre.be\/wp-content\/uploads\/2025\/09\/IMG-20250828-WA0051-1-225x300.jpg 225w, https:\/\/maternelle.providence-wavre.be\/wp-content\/uploads\/2025\/09\/IMG-20250828-WA0051-1-1152x1536.jpg 1152w, https:\/\/maternelle.providence-wavre.be\/wp-content\/uploads\/2025\/09\/IMG-20250828-WA0051-1.jpg 1200w\" sizes=\"auto, (max-width: 767px) 89vw, (max-width: 1000px) 54vw, (max-width: 1071px) 543px, 580px\" \/><\/figure>\n\n\n\n<figure class=\"wp-block-image size-large\"><img loading=\"lazy\" decoding=\"async\" width=\"768\" height=\"1024\" data-id=\"5915\" src=\"https:\/\/maternelle.providence-wavre.be\/wp-content\/uploads\/2025\/09\/IMG-20250828-WA0054-1-768x1024.jpg\" alt=\"\" class=\"wp-image-5915\" srcset=\"https:\/\/maternelle.providence-wavre.be\/wp-content\/uploads\/2025\/09\/IMG-20250828-WA0054-1-768x1024.jpg 768w, https:\/\/maternelle.providence-wavre.be\/wp-content\/uploads\/2025\/09\/IMG-20250828-WA0054-1-225x300.jpg 225w, https:\/\/maternelle.providence-wavre.be\/wp-content\/uploads\/2025\/09\/IMG-20250828-WA0054-1-1152x1536.jpg 1152w, https:\/\/maternelle.providence-wavre.be\/wp-content\/uploads\/2025\/09\/IMG-20250828-WA0054-1.jpg 1200w\" sizes=\"auto, (max-width: 767px) 89vw, (max-width: 1000px) 54vw, (max-width: 1071px) 543px, 580px\" \/><\/figure>\n\n\n\n<figure class=\"wp-block-image size-large\"><img loading=\"lazy\" decoding=\"async\" width=\"768\" height=\"1024\" data-id=\"5919\" src=\"https:\/\/maternelle.providence-wavre.be\/wp-content\/uploads\/2025\/09\/IMG-20250828-WA0057-1-768x1024.jpg\" alt=\"\" class=\"wp-image-5919\" srcset=\"https:\/\/maternelle.providence-wavre.be\/wp-content\/uploads\/2025\/09\/IMG-20250828-WA0057-1-768x1024.jpg 768w, https:\/\/maternelle.providence-wavre.be\/wp-content\/uploads\/2025\/09\/IMG-20250828-WA0057-1-225x300.jpg 225w, https:\/\/maternelle.providence-wavre.be\/wp-content\/uploads\/2025\/09\/IMG-20250828-WA0057-1-1152x1536.jpg 1152w, https:\/\/maternelle.providence-wavre.be\/wp-content\/uploads\/2025\/09\/IMG-20250828-WA0057-1.jpg 1200w\" sizes=\"auto, (max-width: 767px) 89vw, (max-width: 1000px) 54vw, (max-width: 1071px) 543px, 580px\" \/><\/figure>\n\n\n\n<figure class=\"wp-block-image size-large\"><img loading=\"lazy\" decoding=\"async\" width=\"1024\" height=\"768\" data-id=\"5916\" src=\"https:\/\/maternelle.providence-wavre.be\/wp-content\/uploads\/2025\/09\/IMG-20250829-WA0015-1-1024x768.jpg\" alt=\"\" class=\"wp-image-5916\" srcset=\"https:\/\/maternelle.providence-wavre.be\/wp-content\/uploads\/2025\/09\/IMG-20250829-WA0015-1-1024x768.jpg 1024w, https:\/\/maternelle.providence-wavre.be\/wp-content\/uploads\/2025\/09\/IMG-20250829-WA0015-1-300x225.jpg 300w, https:\/\/maternelle.providence-wavre.be\/wp-content\/uploads\/2025\/09\/IMG-20250829-WA0015-1-768x576.jpg 768w, https:\/\/maternelle.providence-wavre.be\/wp-content\/uploads\/2025\/09\/IMG-20250829-WA0015-1-1536x1152.jpg 1536w, https:\/\/maternelle.providence-wavre.be\/wp-content\/uploads\/2025\/09\/IMG-20250829-WA0015-1.jpg 1600w\" sizes=\"auto, (max-width: 767px) 89vw, (max-width: 1000px) 54vw, (max-width: 1071px) 543px, 580px\" \/><\/figure>\n\n\n\n<figure class=\"wp-block-image size-large\"><img loading=\"lazy\" decoding=\"async\" width=\"1024\" height=\"497\" data-id=\"5912\" src=\"https:\/\/maternelle.providence-wavre.be\/wp-content\/uploads\/2025\/09\/IMG-20250901-WA0013-1-1024x497.jpg\" alt=\"\" class=\"wp-image-5912\" srcset=\"https:\/\/maternelle.providence-wavre.be\/wp-content\/uploads\/2025\/09\/IMG-20250901-WA0013-1-1024x497.jpg 1024w, https:\/\/maternelle.providence-wavre.be\/wp-content\/uploads\/2025\/09\/IMG-20250901-WA0013-1-300x146.jpg 300w, https:\/\/maternelle.providence-wavre.be\/wp-content\/uploads\/2025\/09\/IMG-20250901-WA0013-1-768x373.jpg 768w, https:\/\/maternelle.providence-wavre.be\/wp-content\/uploads\/2025\/09\/IMG-20250901-WA0013-1-1536x746.jpg 1536w, https:\/\/maternelle.providence-wavre.be\/wp-content\/uploads\/2025\/09\/IMG-20250901-WA0013-1.jpg 1600w\" sizes=\"auto, (max-width: 767px) 89vw, (max-width: 1000px) 54vw, (max-width: 1071px) 543px, 580px\" \/><\/figure>\n\n\n\n<figure class=\"wp-block-image size-large\"><img loading=\"lazy\" decoding=\"async\" width=\"1024\" height=\"497\" data-id=\"5910\" src=\"https:\/\/maternelle.providence-wavre.be\/wp-content\/uploads\/2025\/09\/IMG-20250901-WA0014-1-1024x497.jpg\" alt=\"\" class=\"wp-image-5910\" srcset=\"https:\/\/maternelle.providence-wavre.be\/wp-content\/uploads\/2025\/09\/IMG-20250901-WA0014-1-1024x497.jpg 1024w, https:\/\/maternelle.providence-wavre.be\/wp-content\/uploads\/2025\/09\/IMG-20250901-WA0014-1-300x146.jpg 300w, https:\/\/maternelle.providence-wavre.be\/wp-content\/uploads\/2025\/09\/IMG-20250901-WA0014-1-768x373.jpg 768w, https:\/\/maternelle.providence-wavre.be\/wp-content\/uploads\/2025\/09\/IMG-20250901-WA0014-1-1536x746.jpg 1536w, https:\/\/maternelle.providence-wavre.be\/wp-content\/uploads\/2025\/09\/IMG-20250901-WA0014-1-rotated.jpg 1600w\" sizes=\"auto, (max-width: 767px) 89vw, (max-width: 1000px) 54vw, (max-width: 1071px) 543px, 580px\" \/><\/figure>\n\n\n\n<figure class=\"wp-block-image size-large\"><img loading=\"lazy\" decoding=\"async\" width=\"1024\" height=\"497\" data-id=\"5911\" src=\"https:\/\/maternelle.providence-wavre.be\/wp-content\/uploads\/2025\/09\/IMG-20250901-WA0015-1-1024x497.jpg\" alt=\"\" class=\"wp-image-5911\" srcset=\"https:\/\/maternelle.providence-wavre.be\/wp-content\/uploads\/2025\/09\/IMG-20250901-WA0015-1-1024x497.jpg 1024w, https:\/\/maternelle.providence-wavre.be\/wp-content\/uploads\/2025\/09\/IMG-20250901-WA0015-1-300x146.jpg 300w, https:\/\/maternelle.providence-wavre.be\/wp-content\/uploads\/2025\/09\/IMG-20250901-WA0015-1-768x373.jpg 768w, https:\/\/maternelle.providence-wavre.be\/wp-content\/uploads\/2025\/09\/IMG-20250901-WA0015-1-1536x746.jpg 1536w, https:\/\/maternelle.providence-wavre.be\/wp-content\/uploads\/2025\/09\/IMG-20250901-WA0015-1.jpg 1600w\" sizes=\"auto, (max-width: 767px) 89vw, (max-width: 1000px) 54vw, (max-width: 1071px) 543px, 580px\" \/><\/figure>\n<\/figure>\n\n\n\n<figure class=\"wp-block-gallery has-nested-images columns-default is-cropped wp-block-gallery-6 is-layout-flex wp-block-gallery-is-layout-flex\">\n<figure class=\"wp-block-image size-large\"><img loading=\"lazy\" decoding=\"async\" width=\"496\" height=\"1024\" data-id=\"5925\" src=\"https:\/\/maternelle.providence-wavre.be\/wp-content\/uploads\/2025\/09\/IMG-20250826-WA0065-3-496x1024.jpg\" alt=\"\" class=\"wp-image-5925\" srcset=\"https:\/\/maternelle.providence-wavre.be\/wp-content\/uploads\/2025\/09\/IMG-20250826-WA0065-3-496x1024.jpg 496w, https:\/\/maternelle.providence-wavre.be\/wp-content\/uploads\/2025\/09\/IMG-20250826-WA0065-3-145x300.jpg 145w, https:\/\/maternelle.providence-wavre.be\/wp-content\/uploads\/2025\/09\/IMG-20250826-WA0065-3-768x1587.jpg 768w, https:\/\/maternelle.providence-wavre.be\/wp-content\/uploads\/2025\/09\/IMG-20250826-WA0065-3-743x1536.jpg 743w, https:\/\/maternelle.providence-wavre.be\/wp-content\/uploads\/2025\/09\/IMG-20250826-WA0065-3.jpg 968w\" sizes=\"auto, (max-width: 496px) 100vw, 496px\" \/><\/figure>\n<\/figure>\n","protected":false},"excerpt":{"rendered":"<p>En M2-M3, les institutrices partagent certaines de leurs activit\u00e9s et elles adaptent celles-ci en fonction des comp\u00e9tences qui doivent \u00eatre d\u00e9velopp\u00e9es dans chaque classe. La diff\u00e9renciation est de mise. Voici de chouettes photos des amis de M2 et M3 en plein travail de d\u00e9but d&rsquo;ann\u00e9e.<\/p>\n","protected":false},"author":1,"featured_media":0,"parent":0,"menu_order":0,"comment_status":"closed","ping_status":"closed","template":"","meta":{"footnotes":""},"class_list":["post-5871","page","type-page","status-publish","hentry"],"_links":{"self":[{"href":"https:\/\/maternelle.providence-wavre.be\/index.php\/wp-json\/wp\/v2\/pages\/5871","targetHints":{"allow":["GET"]}}],"collection":[{"href":"https:\/\/maternelle.providence-wavre.be\/index.php\/wp-json\/wp\/v2\/pages"}],"about":[{"href":"https:\/\/maternelle.providence-wavre.be\/index.php\/wp-json\/wp\/v2\/types\/page"}],"author":[{"embeddable":true,"href":"https:\/\/maternelle.providence-wavre.be\/index.php\/wp-json\/wp\/v2\/users\/1"}],"replies":[{"embeddable":true,"href":"https:\/\/maternelle.providence-wavre.be\/index.php\/wp-json\/wp\/v2\/comments?post=5871"}],"version-history":[{"count":1,"href":"https:\/\/maternelle.providence-wavre.be\/index.php\/wp-json\/wp\/v2\/pages\/5871\/revisions"}],"predecessor-version":[{"id":5928,"href":"https:\/\/maternelle.providence-wavre.be\/index.php\/wp-json\/wp\/v2\/pages\/5871\/revisions\/5928"}],"wp:attachment":[{"href":"https:\/\/maternelle.providence-wavre.be\/index.php\/wp-json\/wp\/v2\/media?parent=5871"}],"curies":[{"name":"wp","href":"https:\/\/api.w.org\/{rel}","templated":true}]}}