{"id":5956,"date":"2025-09-16T15:08:37","date_gmt":"2025-09-16T13:08:37","guid":{"rendered":"https:\/\/maternelle.providence-wavre.be\/?page_id=5956"},"modified":"2025-09-22T12:56:26","modified_gmt":"2025-09-22T10:56:26","slug":"chez-nos-petits-daccueil-m1","status":"publish","type":"page","link":"https:\/\/maternelle.providence-wavre.be\/index.php\/chez-nos-petits-daccueil-m1\/","title":{"rendered":"En accueil-M1"},"content":{"rendered":"\n<p>Nous avons la chance de rentrer \u00e0 l\u2019\u00e9cole lorsque c\u2019est encore l\u2019\u00e9t\u00e9. <\/p>\n\n\n\n<p>Avec madame Anne-Lise et madame Nath-Nath, nous avons fait une petite promenade dehors pour observer la v\u00e9g\u00e9tation en \u00e9t\u00e9. Nous avons par la suite r\u00e9alis\u00e9 un arbre d\u2019\u00e9t\u00e9 avec les jolies feuilles que nous avons cueillies. <\/p>\n\n\n\n<p>Qu\u2019allons-nous d\u00e9couvrir en automne ? Nous le saurons bien vite\u2026 <\/p>\n\n\n\n<figure class=\"wp-block-gallery has-nested-images columns-default is-cropped wp-block-gallery-1 is-layout-flex wp-block-gallery-is-layout-flex\">\n<figure class=\"wp-block-image size-large\"><img loading=\"lazy\" decoding=\"async\" width=\"1024\" height=\"497\" data-id=\"5959\" src=\"https:\/\/maternelle.providence-wavre.be\/wp-content\/uploads\/2025\/09\/IMG-20250915-WA0015-1-1024x497.jpg\" alt=\"\" class=\"wp-image-5959\" srcset=\"https:\/\/maternelle.providence-wavre.be\/wp-content\/uploads\/2025\/09\/IMG-20250915-WA0015-1-1024x497.jpg 1024w, https:\/\/maternelle.providence-wavre.be\/wp-content\/uploads\/2025\/09\/IMG-20250915-WA0015-1-300x146.jpg 300w, https:\/\/maternelle.providence-wavre.be\/wp-content\/uploads\/2025\/09\/IMG-20250915-WA0015-1-768x373.jpg 768w, https:\/\/maternelle.providence-wavre.be\/wp-content\/uploads\/2025\/09\/IMG-20250915-WA0015-1-1536x746.jpg 1536w, https:\/\/maternelle.providence-wavre.be\/wp-content\/uploads\/2025\/09\/IMG-20250915-WA0015-1.jpg 1600w\" sizes=\"auto, (max-width: 767px) 89vw, (max-width: 1000px) 54vw, (max-width: 1071px) 543px, 580px\" \/><\/figure>\n\n\n\n<figure class=\"wp-block-image size-large\"><img loading=\"lazy\" decoding=\"async\" width=\"1024\" height=\"497\" data-id=\"5958\" src=\"https:\/\/maternelle.providence-wavre.be\/wp-content\/uploads\/2025\/09\/IMG-20250915-WA0016-1024x497.jpg\" alt=\"\" class=\"wp-image-5958\" srcset=\"https:\/\/maternelle.providence-wavre.be\/wp-content\/uploads\/2025\/09\/IMG-20250915-WA0016-1024x497.jpg 1024w, https:\/\/maternelle.providence-wavre.be\/wp-content\/uploads\/2025\/09\/IMG-20250915-WA0016-300x146.jpg 300w, https:\/\/maternelle.providence-wavre.be\/wp-content\/uploads\/2025\/09\/IMG-20250915-WA0016-768x373.jpg 768w, https:\/\/maternelle.providence-wavre.be\/wp-content\/uploads\/2025\/09\/IMG-20250915-WA0016-1536x746.jpg 1536w, https:\/\/maternelle.providence-wavre.be\/wp-content\/uploads\/2025\/09\/IMG-20250915-WA0016.jpg 1600w\" sizes=\"auto, (max-width: 767px) 89vw, (max-width: 1000px) 54vw, (max-width: 1071px) 543px, 580px\" \/><\/figure>\n<\/figure>\n\n\n\n<p><strong>Nous sommes retourn\u00e9s nous promener dans la nature et nous avons d\u00e9couvert de nouvelles choses. Nous avons aussi pass\u00e9 un moment simple tous ensemble et c\u2019\u00e9tait chouette. <\/strong><\/p>\n\n\n\n<figure class=\"wp-block-gallery has-nested-images columns-default is-cropped wp-block-gallery-2 is-layout-flex wp-block-gallery-is-layout-flex\">\n<figure class=\"wp-block-image size-large\"><img loading=\"lazy\" decoding=\"async\" width=\"1024\" height=\"497\" data-id=\"5977\" src=\"https:\/\/maternelle.providence-wavre.be\/wp-content\/uploads\/2025\/09\/IMG-20250919-WA0014-1024x497.jpg\" alt=\"\" class=\"wp-image-5977\" srcset=\"https:\/\/maternelle.providence-wavre.be\/wp-content\/uploads\/2025\/09\/IMG-20250919-WA0014-1024x497.jpg 1024w, https:\/\/maternelle.providence-wavre.be\/wp-content\/uploads\/2025\/09\/IMG-20250919-WA0014-300x146.jpg 300w, https:\/\/maternelle.providence-wavre.be\/wp-content\/uploads\/2025\/09\/IMG-20250919-WA0014-768x373.jpg 768w, https:\/\/maternelle.providence-wavre.be\/wp-content\/uploads\/2025\/09\/IMG-20250919-WA0014-1536x746.jpg 1536w, https:\/\/maternelle.providence-wavre.be\/wp-content\/uploads\/2025\/09\/IMG-20250919-WA0014.jpg 1600w\" sizes=\"auto, (max-width: 767px) 89vw, (max-width: 1000px) 54vw, (max-width: 1071px) 543px, 580px\" \/><\/figure>\n\n\n\n<figure class=\"wp-block-image size-large\"><img loading=\"lazy\" decoding=\"async\" width=\"497\" height=\"1024\" data-id=\"5976\" src=\"https:\/\/maternelle.providence-wavre.be\/wp-content\/uploads\/2025\/09\/IMG-20250919-WA0015-497x1024.jpg\" alt=\"\" class=\"wp-image-5976\" srcset=\"https:\/\/maternelle.providence-wavre.be\/wp-content\/uploads\/2025\/09\/IMG-20250919-WA0015-497x1024.jpg 497w, https:\/\/maternelle.providence-wavre.be\/wp-content\/uploads\/2025\/09\/IMG-20250919-WA0015-146x300.jpg 146w, https:\/\/maternelle.providence-wavre.be\/wp-content\/uploads\/2025\/09\/IMG-20250919-WA0015-768x1581.jpg 768w, https:\/\/maternelle.providence-wavre.be\/wp-content\/uploads\/2025\/09\/IMG-20250919-WA0015-746x1536.jpg 746w, https:\/\/maternelle.providence-wavre.be\/wp-content\/uploads\/2025\/09\/IMG-20250919-WA0015.jpg 777w\" sizes=\"auto, (max-width: 497px) 100vw, 497px\" \/><\/figure>\n\n\n\n<figure class=\"wp-block-image size-large\"><img loading=\"lazy\" decoding=\"async\" width=\"497\" height=\"1024\" data-id=\"5981\" src=\"https:\/\/maternelle.providence-wavre.be\/wp-content\/uploads\/2025\/09\/IMG-20250919-WA0016-497x1024.jpg\" alt=\"\" class=\"wp-image-5981\" srcset=\"https:\/\/maternelle.providence-wavre.be\/wp-content\/uploads\/2025\/09\/IMG-20250919-WA0016-497x1024.jpg 497w, https:\/\/maternelle.providence-wavre.be\/wp-content\/uploads\/2025\/09\/IMG-20250919-WA0016-146x300.jpg 146w, https:\/\/maternelle.providence-wavre.be\/wp-content\/uploads\/2025\/09\/IMG-20250919-WA0016-768x1581.jpg 768w, https:\/\/maternelle.providence-wavre.be\/wp-content\/uploads\/2025\/09\/IMG-20250919-WA0016-746x1536.jpg 746w, https:\/\/maternelle.providence-wavre.be\/wp-content\/uploads\/2025\/09\/IMG-20250919-WA0016.jpg 777w\" sizes=\"auto, (max-width: 497px) 100vw, 497px\" \/><\/figure>\n\n\n\n<figure class=\"wp-block-image size-large\"><img loading=\"lazy\" decoding=\"async\" width=\"497\" height=\"1024\" data-id=\"5979\" src=\"https:\/\/maternelle.providence-wavre.be\/wp-content\/uploads\/2025\/09\/IMG-20250919-WA0017-497x1024.jpg\" alt=\"\" class=\"wp-image-5979\" srcset=\"https:\/\/maternelle.providence-wavre.be\/wp-content\/uploads\/2025\/09\/IMG-20250919-WA0017-497x1024.jpg 497w, https:\/\/maternelle.providence-wavre.be\/wp-content\/uploads\/2025\/09\/IMG-20250919-WA0017-146x300.jpg 146w, https:\/\/maternelle.providence-wavre.be\/wp-content\/uploads\/2025\/09\/IMG-20250919-WA0017-768x1581.jpg 768w, https:\/\/maternelle.providence-wavre.be\/wp-content\/uploads\/2025\/09\/IMG-20250919-WA0017-746x1536.jpg 746w, https:\/\/maternelle.providence-wavre.be\/wp-content\/uploads\/2025\/09\/IMG-20250919-WA0017.jpg 777w\" sizes=\"auto, (max-width: 497px) 100vw, 497px\" \/><\/figure>\n\n\n\n<figure class=\"wp-block-image size-large\"><img loading=\"lazy\" decoding=\"async\" width=\"497\" height=\"1024\" data-id=\"5980\" src=\"https:\/\/maternelle.providence-wavre.be\/wp-content\/uploads\/2025\/09\/IMG-20250919-WA0018-497x1024.jpg\" alt=\"\" class=\"wp-image-5980\" srcset=\"https:\/\/maternelle.providence-wavre.be\/wp-content\/uploads\/2025\/09\/IMG-20250919-WA0018-497x1024.jpg 497w, https:\/\/maternelle.providence-wavre.be\/wp-content\/uploads\/2025\/09\/IMG-20250919-WA0018-146x300.jpg 146w, https:\/\/maternelle.providence-wavre.be\/wp-content\/uploads\/2025\/09\/IMG-20250919-WA0018-768x1581.jpg 768w, https:\/\/maternelle.providence-wavre.be\/wp-content\/uploads\/2025\/09\/IMG-20250919-WA0018-746x1536.jpg 746w, https:\/\/maternelle.providence-wavre.be\/wp-content\/uploads\/2025\/09\/IMG-20250919-WA0018.jpg 777w\" sizes=\"auto, (max-width: 497px) 100vw, 497px\" \/><\/figure>\n\n\n\n<figure class=\"wp-block-image size-large\"><img loading=\"lazy\" decoding=\"async\" width=\"497\" height=\"1024\" data-id=\"5975\" src=\"https:\/\/maternelle.providence-wavre.be\/wp-content\/uploads\/2025\/09\/IMG-20250919-WA0019-497x1024.jpg\" alt=\"\" class=\"wp-image-5975\" srcset=\"https:\/\/maternelle.providence-wavre.be\/wp-content\/uploads\/2025\/09\/IMG-20250919-WA0019-497x1024.jpg 497w, https:\/\/maternelle.providence-wavre.be\/wp-content\/uploads\/2025\/09\/IMG-20250919-WA0019-146x300.jpg 146w, https:\/\/maternelle.providence-wavre.be\/wp-content\/uploads\/2025\/09\/IMG-20250919-WA0019-768x1581.jpg 768w, https:\/\/maternelle.providence-wavre.be\/wp-content\/uploads\/2025\/09\/IMG-20250919-WA0019-746x1536.jpg 746w, https:\/\/maternelle.providence-wavre.be\/wp-content\/uploads\/2025\/09\/IMG-20250919-WA0019.jpg 777w\" sizes=\"auto, (max-width: 497px) 100vw, 497px\" \/><\/figure>\n\n\n\n<figure class=\"wp-block-image size-large\"><img loading=\"lazy\" decoding=\"async\" width=\"497\" height=\"1024\" data-id=\"5978\" src=\"https:\/\/maternelle.providence-wavre.be\/wp-content\/uploads\/2025\/09\/IMG-20250919-WA0020-497x1024.jpg\" alt=\"\" class=\"wp-image-5978\" srcset=\"https:\/\/maternelle.providence-wavre.be\/wp-content\/uploads\/2025\/09\/IMG-20250919-WA0020-497x1024.jpg 497w, https:\/\/maternelle.providence-wavre.be\/wp-content\/uploads\/2025\/09\/IMG-20250919-WA0020-146x300.jpg 146w, https:\/\/maternelle.providence-wavre.be\/wp-content\/uploads\/2025\/09\/IMG-20250919-WA0020-768x1581.jpg 768w, https:\/\/maternelle.providence-wavre.be\/wp-content\/uploads\/2025\/09\/IMG-20250919-WA0020-746x1536.jpg 746w, https:\/\/maternelle.providence-wavre.be\/wp-content\/uploads\/2025\/09\/IMG-20250919-WA0020.jpg 777w\" sizes=\"auto, (max-width: 497px) 100vw, 497px\" \/><\/figure>\n<\/figure>\n","protected":false},"excerpt":{"rendered":"<p>Nous avons la chance de rentrer \u00e0 l\u2019\u00e9cole lorsque c\u2019est encore l\u2019\u00e9t\u00e9. Avec madame Anne-Lise et madame Nath-Nath, nous avons fait une petite promenade dehors pour observer la v\u00e9g\u00e9tation en \u00e9t\u00e9. Nous avons par la suite r\u00e9alis\u00e9 un arbre d\u2019\u00e9t\u00e9 avec les jolies feuilles que nous avons cueillies. Qu\u2019allons-nous d\u00e9couvrir en automne ? Nous le &hellip; <\/p>\n<p class=\"link-more\"><a href=\"https:\/\/maternelle.providence-wavre.be\/index.php\/chez-nos-petits-daccueil-m1\/\" class=\"more-link\">Continuer la lecture<span class=\"screen-reader-text\"> de &laquo;&nbsp;En accueil-M1&nbsp;&raquo;<\/span><\/a><\/p>\n","protected":false},"author":1,"featured_media":0,"parent":0,"menu_order":0,"comment_status":"closed","ping_status":"closed","template":"","meta":{"footnotes":""},"class_list":["post-5956","page","type-page","status-publish","hentry"],"_links":{"self":[{"href":"https:\/\/maternelle.providence-wavre.be\/index.php\/wp-json\/wp\/v2\/pages\/5956","targetHints":{"allow":["GET"]}}],"collection":[{"href":"https:\/\/maternelle.providence-wavre.be\/index.php\/wp-json\/wp\/v2\/pages"}],"about":[{"href":"https:\/\/maternelle.providence-wavre.be\/index.php\/wp-json\/wp\/v2\/types\/page"}],"author":[{"embeddable":true,"href":"https:\/\/maternelle.providence-wavre.be\/index.php\/wp-json\/wp\/v2\/users\/1"}],"replies":[{"embeddable":true,"href":"https:\/\/maternelle.providence-wavre.be\/index.php\/wp-json\/wp\/v2\/comments?post=5956"}],"version-history":[{"count":3,"href":"https:\/\/maternelle.providence-wavre.be\/index.php\/wp-json\/wp\/v2\/pages\/5956\/revisions"}],"predecessor-version":[{"id":6012,"href":"https:\/\/maternelle.providence-wavre.be\/index.php\/wp-json\/wp\/v2\/pages\/5956\/revisions\/6012"}],"wp:attachment":[{"href":"https:\/\/maternelle.providence-wavre.be\/index.php\/wp-json\/wp\/v2\/media?parent=5956"}],"curies":[{"name":"wp","href":"https:\/\/api.w.org\/{rel}","templated":true}]}}