{"id":5983,"date":"2025-09-22T12:38:51","date_gmt":"2025-09-22T10:38:51","guid":{"rendered":"https:\/\/maternelle.providence-wavre.be\/?page_id=5983"},"modified":"2025-09-22T12:38:51","modified_gmt":"2025-09-22T10:38:51","slug":"nous-apprenons","status":"publish","type":"page","link":"https:\/\/maternelle.providence-wavre.be\/index.php\/nous-apprenons\/","title":{"rendered":"Nous apprenons&#8230;"},"content":{"rendered":"\n<p>D\u00e9j\u00e0, les enfants sont plong\u00e9s en douceur dans les apprentissages. Nous apprenons beaucoup en manipulant et gr\u00e2ce \u00e0 cela, nous comprenons beaucoup mieux car nous voyons les choses. <\/p>\n\n\n\n<figure class=\"wp-block-gallery has-nested-images columns-default is-cropped wp-block-gallery-1 is-layout-flex wp-block-gallery-is-layout-flex\">\n<figure class=\"wp-block-image size-large is-style-rounded\"><img loading=\"lazy\" decoding=\"async\" width=\"1024\" height=\"497\" data-id=\"5985\" src=\"https:\/\/maternelle.providence-wavre.be\/wp-content\/uploads\/2025\/09\/IMG-20250918-WA0005-1024x497.jpg\" alt=\"\" class=\"wp-image-5985\" srcset=\"https:\/\/maternelle.providence-wavre.be\/wp-content\/uploads\/2025\/09\/IMG-20250918-WA0005-1024x497.jpg 1024w, https:\/\/maternelle.providence-wavre.be\/wp-content\/uploads\/2025\/09\/IMG-20250918-WA0005-300x146.jpg 300w, https:\/\/maternelle.providence-wavre.be\/wp-content\/uploads\/2025\/09\/IMG-20250918-WA0005-768x373.jpg 768w, https:\/\/maternelle.providence-wavre.be\/wp-content\/uploads\/2025\/09\/IMG-20250918-WA0005-1536x746.jpg 1536w, https:\/\/maternelle.providence-wavre.be\/wp-content\/uploads\/2025\/09\/IMG-20250918-WA0005.jpg 1600w\" sizes=\"auto, (max-width: 767px) 89vw, (max-width: 1000px) 54vw, (max-width: 1071px) 543px, 580px\" \/><figcaption class=\"wp-element-caption\">Nous apprenons \u00e0 compter jusqu&rsquo;\u00e0 3 ! <\/figcaption><\/figure>\n\n\n<div class=\"wp-block-image\">\n<figure class=\"alignright size-large\"><img loading=\"lazy\" decoding=\"async\" width=\"1024\" height=\"497\" data-id=\"5986\" src=\"https:\/\/maternelle.providence-wavre.be\/wp-content\/uploads\/2025\/09\/IMG-20250918-WA0006-1024x497.jpg\" alt=\"\" class=\"wp-image-5986\" srcset=\"https:\/\/maternelle.providence-wavre.be\/wp-content\/uploads\/2025\/09\/IMG-20250918-WA0006-1024x497.jpg 1024w, https:\/\/maternelle.providence-wavre.be\/wp-content\/uploads\/2025\/09\/IMG-20250918-WA0006-300x146.jpg 300w, https:\/\/maternelle.providence-wavre.be\/wp-content\/uploads\/2025\/09\/IMG-20250918-WA0006-768x373.jpg 768w, https:\/\/maternelle.providence-wavre.be\/wp-content\/uploads\/2025\/09\/IMG-20250918-WA0006-1536x746.jpg 1536w, https:\/\/maternelle.providence-wavre.be\/wp-content\/uploads\/2025\/09\/IMG-20250918-WA0006.jpg 1600w\" sizes=\"auto, (max-width: 767px) 89vw, (max-width: 1000px) 54vw, (max-width: 1071px) 543px, 580px\" \/><\/figure><\/div>\n\n\n<figure class=\"wp-block-image size-large\"><img loading=\"lazy\" decoding=\"async\" width=\"1024\" height=\"497\" data-id=\"5984\" src=\"https:\/\/maternelle.providence-wavre.be\/wp-content\/uploads\/2025\/09\/IMG-20250918-WA0007-1024x497.jpg\" alt=\"\" class=\"wp-image-5984\" srcset=\"https:\/\/maternelle.providence-wavre.be\/wp-content\/uploads\/2025\/09\/IMG-20250918-WA0007-1024x497.jpg 1024w, https:\/\/maternelle.providence-wavre.be\/wp-content\/uploads\/2025\/09\/IMG-20250918-WA0007-300x146.jpg 300w, https:\/\/maternelle.providence-wavre.be\/wp-content\/uploads\/2025\/09\/IMG-20250918-WA0007-768x373.jpg 768w, https:\/\/maternelle.providence-wavre.be\/wp-content\/uploads\/2025\/09\/IMG-20250918-WA0007-1536x746.jpg 1536w, https:\/\/maternelle.providence-wavre.be\/wp-content\/uploads\/2025\/09\/IMG-20250918-WA0007.jpg 1600w\" sizes=\"auto, (max-width: 767px) 89vw, (max-width: 1000px) 54vw, (max-width: 1071px) 543px, 580px\" \/><\/figure>\n<\/figure>\n\n\n\n<p><\/p>\n","protected":false},"excerpt":{"rendered":"<p>D\u00e9j\u00e0, les enfants sont plong\u00e9s en douceur dans les apprentissages. Nous apprenons beaucoup en manipulant et gr\u00e2ce \u00e0 cela, nous comprenons beaucoup mieux car nous voyons les choses.<\/p>\n","protected":false},"author":1,"featured_media":0,"parent":0,"menu_order":0,"comment_status":"closed","ping_status":"closed","template":"","meta":{"footnotes":""},"class_list":["post-5983","page","type-page","status-publish","hentry"],"_links":{"self":[{"href":"https:\/\/maternelle.providence-wavre.be\/index.php\/wp-json\/wp\/v2\/pages\/5983","targetHints":{"allow":["GET"]}}],"collection":[{"href":"https:\/\/maternelle.providence-wavre.be\/index.php\/wp-json\/wp\/v2\/pages"}],"about":[{"href":"https:\/\/maternelle.providence-wavre.be\/index.php\/wp-json\/wp\/v2\/types\/page"}],"author":[{"embeddable":true,"href":"https:\/\/maternelle.providence-wavre.be\/index.php\/wp-json\/wp\/v2\/users\/1"}],"replies":[{"embeddable":true,"href":"https:\/\/maternelle.providence-wavre.be\/index.php\/wp-json\/wp\/v2\/comments?post=5983"}],"version-history":[{"count":1,"href":"https:\/\/maternelle.providence-wavre.be\/index.php\/wp-json\/wp\/v2\/pages\/5983\/revisions"}],"predecessor-version":[{"id":5989,"href":"https:\/\/maternelle.providence-wavre.be\/index.php\/wp-json\/wp\/v2\/pages\/5983\/revisions\/5989"}],"wp:attachment":[{"href":"https:\/\/maternelle.providence-wavre.be\/index.php\/wp-json\/wp\/v2\/media?parent=5983"}],"curies":[{"name":"wp","href":"https:\/\/api.w.org\/{rel}","templated":true}]}}