{"id":6013,"date":"2025-09-22T13:05:39","date_gmt":"2025-09-22T11:05:39","guid":{"rendered":"https:\/\/maternelle.providence-wavre.be\/?page_id=6013"},"modified":"2025-09-22T13:05:39","modified_gmt":"2025-09-22T11:05:39","slug":"eveil-aux-langues-a-la-providence","status":"publish","type":"page","link":"https:\/\/maternelle.providence-wavre.be\/index.php\/eveil-aux-langues-a-la-providence\/","title":{"rendered":"Eveil aux langues \u00e0 la Providence"},"content":{"rendered":"\n<p>Dans notre \u00e9cole, nous invitons les parents, oncles, tantes, grands-parents,&#8230; qui ma\u00eetrisent une langue \u00e9trang\u00e8re \u00e0 venir partager, lorsqu&rsquo;ils le souhaitent, une histoire, un conte, une po\u00e9sie,&#8230; dans leur langue maternelle. Une exp\u00e9rience riche et appr\u00e9ci\u00e9e de tous. <\/p>\n\n\n\n<figure class=\"wp-block-gallery has-nested-images columns-default is-cropped wp-block-gallery-1 is-layout-flex wp-block-gallery-is-layout-flex\">\n<figure class=\"wp-block-image size-large is-style-rounded\"><img loading=\"lazy\" decoding=\"async\" width=\"768\" height=\"1024\" data-id=\"6014\" src=\"https:\/\/maternelle.providence-wavre.be\/wp-content\/uploads\/2025\/09\/IMG-20250918-WA0008-768x1024.jpg\" alt=\"\" class=\"wp-image-6014\" srcset=\"https:\/\/maternelle.providence-wavre.be\/wp-content\/uploads\/2025\/09\/IMG-20250918-WA0008-768x1024.jpg 768w, https:\/\/maternelle.providence-wavre.be\/wp-content\/uploads\/2025\/09\/IMG-20250918-WA0008-225x300.jpg 225w, https:\/\/maternelle.providence-wavre.be\/wp-content\/uploads\/2025\/09\/IMG-20250918-WA0008-1152x1536.jpg 1152w, https:\/\/maternelle.providence-wavre.be\/wp-content\/uploads\/2025\/09\/IMG-20250918-WA0008.jpg 1200w\" sizes=\"auto, (max-width: 767px) 89vw, (max-width: 1000px) 54vw, (max-width: 1071px) 543px, 580px\" \/><figcaption class=\"wp-element-caption\">Merci \u00e0 la maman de Ga\u00eblle<\/figcaption><\/figure>\n<\/figure>\n\n\n\n<figure class=\"wp-block-gallery has-nested-images columns-default is-cropped wp-block-gallery-2 is-layout-flex wp-block-gallery-is-layout-flex\">\n<figure class=\"wp-block-image size-large\"><img loading=\"lazy\" decoding=\"async\" width=\"1024\" height=\"768\" data-id=\"6016\" src=\"https:\/\/maternelle.providence-wavre.be\/wp-content\/uploads\/2025\/09\/IMG-20250918-WA0016-1024x768.jpg\" alt=\"\" class=\"wp-image-6016\" srcset=\"https:\/\/maternelle.providence-wavre.be\/wp-content\/uploads\/2025\/09\/IMG-20250918-WA0016-1024x768.jpg 1024w, https:\/\/maternelle.providence-wavre.be\/wp-content\/uploads\/2025\/09\/IMG-20250918-WA0016-300x225.jpg 300w, https:\/\/maternelle.providence-wavre.be\/wp-content\/uploads\/2025\/09\/IMG-20250918-WA0016-768x576.jpg 768w, https:\/\/maternelle.providence-wavre.be\/wp-content\/uploads\/2025\/09\/IMG-20250918-WA0016-1536x1152.jpg 1536w, https:\/\/maternelle.providence-wavre.be\/wp-content\/uploads\/2025\/09\/IMG-20250918-WA0016.jpg 1600w\" sizes=\"auto, (max-width: 767px) 89vw, (max-width: 1000px) 54vw, (max-width: 1071px) 543px, 580px\" \/><\/figure>\n\n\n\n<figure class=\"wp-block-image size-large\"><img loading=\"lazy\" decoding=\"async\" width=\"768\" height=\"1024\" data-id=\"6015\" src=\"https:\/\/maternelle.providence-wavre.be\/wp-content\/uploads\/2025\/09\/IMG-20250918-WA0019-768x1024.jpg\" alt=\"\" class=\"wp-image-6015\" srcset=\"https:\/\/maternelle.providence-wavre.be\/wp-content\/uploads\/2025\/09\/IMG-20250918-WA0019-768x1024.jpg 768w, https:\/\/maternelle.providence-wavre.be\/wp-content\/uploads\/2025\/09\/IMG-20250918-WA0019-225x300.jpg 225w, https:\/\/maternelle.providence-wavre.be\/wp-content\/uploads\/2025\/09\/IMG-20250918-WA0019-1152x1536.jpg 1152w, https:\/\/maternelle.providence-wavre.be\/wp-content\/uploads\/2025\/09\/IMG-20250918-WA0019.jpg 1200w\" sizes=\"auto, (max-width: 767px) 89vw, (max-width: 1000px) 54vw, (max-width: 1071px) 543px, 580px\" \/><\/figure>\n<\/figure>\n\n\n\n<figure class=\"wp-block-gallery has-nested-images columns-default is-cropped wp-block-gallery-3 is-layout-flex wp-block-gallery-is-layout-flex\">\n<figure class=\"wp-block-image size-large\"><img loading=\"lazy\" decoding=\"async\" width=\"1024\" height=\"768\" data-id=\"6017\" src=\"https:\/\/maternelle.providence-wavre.be\/wp-content\/uploads\/2025\/09\/IMG-20250918-WA0009-1024x768.jpg\" alt=\"\" class=\"wp-image-6017\" srcset=\"https:\/\/maternelle.providence-wavre.be\/wp-content\/uploads\/2025\/09\/IMG-20250918-WA0009-1024x768.jpg 1024w, https:\/\/maternelle.providence-wavre.be\/wp-content\/uploads\/2025\/09\/IMG-20250918-WA0009-300x225.jpg 300w, https:\/\/maternelle.providence-wavre.be\/wp-content\/uploads\/2025\/09\/IMG-20250918-WA0009-768x576.jpg 768w, https:\/\/maternelle.providence-wavre.be\/wp-content\/uploads\/2025\/09\/IMG-20250918-WA0009-1536x1152.jpg 1536w, https:\/\/maternelle.providence-wavre.be\/wp-content\/uploads\/2025\/09\/IMG-20250918-WA0009.jpg 1600w\" sizes=\"auto, (max-width: 767px) 89vw, (max-width: 1000px) 54vw, (max-width: 1071px) 543px, 580px\" \/><\/figure>\n\n\n\n<figure class=\"wp-block-image size-large\"><img loading=\"lazy\" decoding=\"async\" width=\"768\" height=\"1024\" data-id=\"6018\" src=\"https:\/\/maternelle.providence-wavre.be\/wp-content\/uploads\/2025\/09\/IMG-20250918-WA0011-768x1024.jpg\" alt=\"\" class=\"wp-image-6018\" srcset=\"https:\/\/maternelle.providence-wavre.be\/wp-content\/uploads\/2025\/09\/IMG-20250918-WA0011-768x1024.jpg 768w, https:\/\/maternelle.providence-wavre.be\/wp-content\/uploads\/2025\/09\/IMG-20250918-WA0011-225x300.jpg 225w, https:\/\/maternelle.providence-wavre.be\/wp-content\/uploads\/2025\/09\/IMG-20250918-WA0011-1152x1536.jpg 1152w, https:\/\/maternelle.providence-wavre.be\/wp-content\/uploads\/2025\/09\/IMG-20250918-WA0011.jpg 1200w\" sizes=\"auto, (max-width: 767px) 89vw, (max-width: 1000px) 54vw, (max-width: 1071px) 543px, 580px\" \/><\/figure>\n\n\n\n<figure class=\"wp-block-image size-large\"><img loading=\"lazy\" decoding=\"async\" width=\"1024\" height=\"768\" data-id=\"6019\" src=\"https:\/\/maternelle.providence-wavre.be\/wp-content\/uploads\/2025\/09\/IMG-20250918-WA0012-1024x768.jpg\" alt=\"\" class=\"wp-image-6019\" srcset=\"https:\/\/maternelle.providence-wavre.be\/wp-content\/uploads\/2025\/09\/IMG-20250918-WA0012-1024x768.jpg 1024w, https:\/\/maternelle.providence-wavre.be\/wp-content\/uploads\/2025\/09\/IMG-20250918-WA0012-300x225.jpg 300w, https:\/\/maternelle.providence-wavre.be\/wp-content\/uploads\/2025\/09\/IMG-20250918-WA0012-768x576.jpg 768w, https:\/\/maternelle.providence-wavre.be\/wp-content\/uploads\/2025\/09\/IMG-20250918-WA0012-1536x1152.jpg 1536w, https:\/\/maternelle.providence-wavre.be\/wp-content\/uploads\/2025\/09\/IMG-20250918-WA0012.jpg 1600w\" sizes=\"auto, (max-width: 767px) 89vw, (max-width: 1000px) 54vw, (max-width: 1071px) 543px, 580px\" \/><\/figure>\n<\/figure>\n","protected":false},"excerpt":{"rendered":"<p>Dans notre \u00e9cole, nous invitons les parents, oncles, tantes, grands-parents,&#8230; qui ma\u00eetrisent une langue \u00e9trang\u00e8re \u00e0 venir partager, lorsqu&rsquo;ils le souhaitent, une histoire, un conte, une po\u00e9sie,&#8230; dans leur langue maternelle. Une exp\u00e9rience riche et appr\u00e9ci\u00e9e de tous.<\/p>\n","protected":false},"author":1,"featured_media":0,"parent":0,"menu_order":0,"comment_status":"closed","ping_status":"closed","template":"","meta":{"footnotes":""},"class_list":["post-6013","page","type-page","status-publish","hentry"],"_links":{"self":[{"href":"https:\/\/maternelle.providence-wavre.be\/index.php\/wp-json\/wp\/v2\/pages\/6013","targetHints":{"allow":["GET"]}}],"collection":[{"href":"https:\/\/maternelle.providence-wavre.be\/index.php\/wp-json\/wp\/v2\/pages"}],"about":[{"href":"https:\/\/maternelle.providence-wavre.be\/index.php\/wp-json\/wp\/v2\/types\/page"}],"author":[{"embeddable":true,"href":"https:\/\/maternelle.providence-wavre.be\/index.php\/wp-json\/wp\/v2\/users\/1"}],"replies":[{"embeddable":true,"href":"https:\/\/maternelle.providence-wavre.be\/index.php\/wp-json\/wp\/v2\/comments?post=6013"}],"version-history":[{"count":1,"href":"https:\/\/maternelle.providence-wavre.be\/index.php\/wp-json\/wp\/v2\/pages\/6013\/revisions"}],"predecessor-version":[{"id":6022,"href":"https:\/\/maternelle.providence-wavre.be\/index.php\/wp-json\/wp\/v2\/pages\/6013\/revisions\/6022"}],"wp:attachment":[{"href":"https:\/\/maternelle.providence-wavre.be\/index.php\/wp-json\/wp\/v2\/media?parent=6013"}],"curies":[{"name":"wp","href":"https:\/\/api.w.org\/{rel}","templated":true}]}}